{"id":82944,"date":"2018-04-26T18:13:51","date_gmt":"2018-04-26T18:13:51","guid":{"rendered":"http:\/\/www.irdin.org.br\/site\/produto\/o-cerimonial-em-figueira-e-o-sacerdocio\/"},"modified":"2025-03-15T23:33:41","modified_gmt":"2025-03-15T23:33:41","slug":"o-cerimonial-em-figueira-e-o-sacerdocio","status":"publish","type":"product","link":"https:\/\/www.irdin.org.br\/site\/produtos\/o-cerimonial-em-figueira-e-o-sacerdocio\/","title":{"rendered":"O cerimonial em Figueira e o sacerd\u00f3cio"},"content":{"rendered":"<p><em>M\u00f4nadas assumem o sacerd\u00f3cio para catalisar energias superiores e irradi\u00e1-las ao mundo.<\/em><\/p>\n<p>&nbsp;<br \/>\n<strong>Ou\u00e7a agora:<\/strong><\/p>\n<p><span data-href=\"https:\/\/www.irdin.org.br\/site\/envios\/audios\/0020_0017__por_por__o_cerimonial_em_figueira_e_o_sacerdocio.mp3\" data-title=\"o cerimonial em figueira e o sacerd\u00f3cio\" data-rel=\"\" data-target=\"\" data-meta=\"#fap-meta-69e2f7b8adb60\" class=\"fap-single-track fap-track-button fap-play-button\" data-enqueue=\"no\" data-autoenqueue=\"no\" title=\"o cerimonial em figueira e o sacerd\u00f3cio\"><span class=\"fap-icon-play\"><\/span>Ouvir<\/span> <a href=\"https:\/\/www.irdin.org.br\/site\/envios\/audios\/0020_0017__por_por__o_cerimonial_em_figueira_e_o_sacerdocio.mp3\" class=\"baixar\" download><span class=\"fa fa-arrow-down\"><\/span>Baixar<\/span><\/a> <span class=\"textobaixar\"> o cerimonial em figueira e o sacerd\u00f3cio<\/span><\/p>\n<p>&nbsp;<\/p>\n","protected":false},"excerpt":{"rendered":"<p>M\u00f4nadas assumem o sacerd\u00f3cio para catalisar energias superiores e irradi\u00e1-las ao mundo. &nbsp; Ou\u00e7a agora: Baixar o cerimonial em figueira<\/p>\n","protected":false},"featured_media":37803,"template":"","meta":{"_acf_changed":false},"product_brand":[],"product_cat":[18076,33068],"product_tag":[39225],"class_list":{"0":"post-82944","1":"product","2":"type-product","3":"status-publish","4":"has-post-thumbnail","6":"product_cat-cddvd","7":"product_cat-palestras","8":"product_tag-39225","9":"pa_autor-trigueirinho","10":"pa_codigo-da-serie-32786","11":"pa_codigo-externo-00200017porcd","12":"pa_data-de-gravacao-20257","13":"pa_duracao-38min11s","14":"pa_idioma-de-destino-portugues","15":"pa_idioma-de-origem-portugues","16":"pa_lancamento-no","17":"pa_midia-cd","18":"pa_moac-39224","19":"pa_quantidade-de-saldo-33067","20":"pa_sequencial-da-serie-31870","21":"pa_tipo-de-traducao-nao-classificado","23":"first","24":"outofstock","25":"product-type-simple"},"acf":[],"_links":{"self":[{"href":"https:\/\/www.irdin.org.br\/site\/wp-json\/wp\/v2\/product\/82944","targetHints":{"allow":["GET"]}}],"collection":[{"href":"https:\/\/www.irdin.org.br\/site\/wp-json\/wp\/v2\/product"}],"about":[{"href":"https:\/\/www.irdin.org.br\/site\/wp-json\/wp\/v2\/types\/product"}],"version-history":[{"count":1,"href":"https:\/\/www.irdin.org.br\/site\/wp-json\/wp\/v2\/product\/82944\/revisions"}],"predecessor-version":[{"id":109168,"href":"https:\/\/www.irdin.org.br\/site\/wp-json\/wp\/v2\/product\/82944\/revisions\/109168"}],"wp:featuredmedia":[{"embeddable":true,"href":"https:\/\/www.irdin.org.br\/site\/wp-json\/wp\/v2\/media\/37803"}],"wp:attachment":[{"href":"https:\/\/www.irdin.org.br\/site\/wp-json\/wp\/v2\/media?parent=82944"}],"wp:term":[{"taxonomy":"product_brand","embeddable":true,"href":"https:\/\/www.irdin.org.br\/site\/wp-json\/wp\/v2\/product_brand?post=82944"},{"taxonomy":"product_cat","embeddable":true,"href":"https:\/\/www.irdin.org.br\/site\/wp-json\/wp\/v2\/product_cat?post=82944"},{"taxonomy":"product_tag","embeddable":true,"href":"https:\/\/www.irdin.org.br\/site\/wp-json\/wp\/v2\/product_tag?post=82944"}],"curies":[{"name":"wp","href":"https:\/\/api.w.org\/{rel}","templated":true}]}}