{"id":82950,"date":"2018-04-26T18:13:51","date_gmt":"2018-04-26T18:13:51","guid":{"rendered":"http:\/\/www.irdin.org.br\/site\/produto\/nossa-colaboracao-com-o-resgate-dos-seres\/"},"modified":"2025-03-15T23:34:50","modified_gmt":"2025-03-15T23:34:50","slug":"nossa-colaboracao-com-o-resgate-dos-seres","status":"publish","type":"product","link":"https:\/\/www.irdin.org.br\/site\/produtos\/nossa-colaboracao-com-o-resgate-dos-seres\/","title":{"rendered":"Nossa colabora\u00e7\u00e3o com o resgate dos seres"},"content":{"rendered":"<p><em>Figueira oferece vida, ritmo e recolhimento para que a pessoa se eleve, mude de vibra\u00e7\u00e3o e seja fonte de aux\u00edlio para o traslado da consci\u00eancia.<\/em><\/p>\n<p>&nbsp;<br \/>\n<strong>Ou\u00e7a agora:<\/strong><\/p>\n<p><span data-href=\"https:\/\/www.irdin.org.br\/site\/envios\/audios\/0020_0032__por_por__nossa_colaboracao_com_o_resgate_dos_seres.mp3\" data-title=\"nossa colabora\u00e7\u00e3o com o resgate dos seres\" data-rel=\"\" data-target=\"\" data-meta=\"#fap-meta-69e2db9b8a17a\" class=\"fap-single-track fap-track-button fap-play-button\" data-enqueue=\"no\" data-autoenqueue=\"no\" title=\"nossa colabora\u00e7\u00e3o com o resgate dos seres\"><span class=\"fap-icon-play\"><\/span>Ouvir<\/span> <a href=\"https:\/\/www.irdin.org.br\/site\/envios\/audios\/0020_0032__por_por__nossa_colaboracao_com_o_resgate_dos_seres.mp3\" class=\"baixar\" download><span class=\"fa fa-arrow-down\"><\/span>Baixar<\/span><\/a> <span class=\"textobaixar\"> nossa colabora\u00e7\u00e3o com o resgate dos seres<\/span><\/p>\n<p>&nbsp;<\/p>\n","protected":false},"excerpt":{"rendered":"<p>Figueira oferece vida, ritmo e recolhimento para que a pessoa se eleve, mude de vibra\u00e7\u00e3o e seja fonte de aux\u00edlio<\/p>\n","protected":false},"featured_media":37803,"template":"","meta":{"_acf_changed":false},"product_brand":[],"product_cat":[18076,33068],"product_tag":[39237],"class_list":{"0":"post-82950","1":"product","2":"type-product","3":"status-publish","4":"has-post-thumbnail","6":"product_cat-cddvd","7":"product_cat-palestras","8":"product_tag-39237","9":"pa_autor-trigueirinho","10":"pa_codigo-da-serie-32786","11":"pa_codigo-externo-00200032porcd","12":"pa_data-de-gravacao-20282","13":"pa_duracao-36min50s","14":"pa_idioma-de-destino-portugues","15":"pa_idioma-de-origem-portugues","16":"pa_lancamento-no","17":"pa_midia-cd","18":"pa_moac-39236","19":"pa_quantidade-de-saldo-33067","20":"pa_sequencial-da-serie-31908","21":"pa_tipo-de-traducao-nao-classificado","23":"first","24":"outofstock","25":"product-type-simple"},"acf":[],"_links":{"self":[{"href":"https:\/\/www.irdin.org.br\/site\/wp-json\/wp\/v2\/product\/82950","targetHints":{"allow":["GET"]}}],"collection":[{"href":"https:\/\/www.irdin.org.br\/site\/wp-json\/wp\/v2\/product"}],"about":[{"href":"https:\/\/www.irdin.org.br\/site\/wp-json\/wp\/v2\/types\/product"}],"version-history":[{"count":1,"href":"https:\/\/www.irdin.org.br\/site\/wp-json\/wp\/v2\/product\/82950\/revisions"}],"predecessor-version":[{"id":109174,"href":"https:\/\/www.irdin.org.br\/site\/wp-json\/wp\/v2\/product\/82950\/revisions\/109174"}],"wp:featuredmedia":[{"embeddable":true,"href":"https:\/\/www.irdin.org.br\/site\/wp-json\/wp\/v2\/media\/37803"}],"wp:attachment":[{"href":"https:\/\/www.irdin.org.br\/site\/wp-json\/wp\/v2\/media?parent=82950"}],"wp:term":[{"taxonomy":"product_brand","embeddable":true,"href":"https:\/\/www.irdin.org.br\/site\/wp-json\/wp\/v2\/product_brand?post=82950"},{"taxonomy":"product_cat","embeddable":true,"href":"https:\/\/www.irdin.org.br\/site\/wp-json\/wp\/v2\/product_cat?post=82950"},{"taxonomy":"product_tag","embeddable":true,"href":"https:\/\/www.irdin.org.br\/site\/wp-json\/wp\/v2\/product_tag?post=82950"}],"curies":[{"name":"wp","href":"https:\/\/api.w.org\/{rel}","templated":true}]}}