{"id":82951,"date":"2018-04-26T18:13:51","date_gmt":"2018-04-26T18:13:51","guid":{"rendered":"http:\/\/www.irdin.org.br\/site\/produto\/sete-hierarquias-e-nos\/"},"modified":"2025-03-15T23:35:03","modified_gmt":"2025-03-15T23:35:03","slug":"sete-hierarquias-e-nos","status":"publish","type":"product","link":"https:\/\/www.irdin.org.br\/site\/produtos\/sete-hierarquias-e-nos\/","title":{"rendered":"Sete Hierarquias e n\u00f3s"},"content":{"rendered":"<p><em>Introdu\u00e7\u00e3o ao tema das grandes Hierarquias que atuam neste universo e nos tocam por interm\u00e9dio do centro planet\u00e1rio Miz Tli Tlan.<\/em><\/p>\n<p>&nbsp;<br \/>\n<strong>Ou\u00e7a agora:<\/strong><\/p>\n<p><span data-href=\"https:\/\/www.irdin.org.br\/site\/envios\/audios\/0020_0035__por_por__sete_hierarquias_e_nos.mp3\" data-title=\"sete hierarquias e n\u00f3s\" data-rel=\"\" data-target=\"\" data-meta=\"#fap-meta-69fe5cc2d91c9\" class=\"fap-single-track fap-track-button fap-play-button\" data-enqueue=\"no\" data-autoenqueue=\"no\" title=\"sete hierarquias e n\u00f3s\"><span class=\"fap-icon-play\"><\/span>Ouvir<\/span> <a href=\"https:\/\/www.irdin.org.br\/site\/envios\/audios\/0020_0035__por_por__sete_hierarquias_e_nos.mp3\" class=\"baixar\" download><span class=\"fa fa-arrow-down\"><\/span>Baixar<\/span><\/a> <span class=\"textobaixar\"> sete hierarquias e n\u00f3s<\/span><\/p>\n<p>&nbsp;<\/p>\n","protected":false},"excerpt":{"rendered":"<p>Introdu\u00e7\u00e3o ao tema das grandes Hierarquias que atuam neste universo e nos tocam por interm\u00e9dio do centro planet\u00e1rio Miz Tli<\/p>\n","protected":false},"featured_media":37803,"template":"","meta":{"_acf_changed":false},"product_brand":[],"product_cat":[18076,33068],"product_tag":[39239],"class_list":{"0":"post-82951","1":"product","2":"type-product","3":"status-publish","4":"has-post-thumbnail","6":"product_cat-cddvd","7":"product_cat-palestras","8":"product_tag-39239","9":"pa_autor-trigueirinho","10":"pa_codigo-da-serie-32786","11":"pa_codigo-externo-00200035porcd","12":"pa_data-de-gravacao-20290","13":"pa_duracao-41min","14":"pa_idioma-de-destino-portugues","15":"pa_idioma-de-origem-portugues","16":"pa_lancamento-no","17":"pa_midia-cd","18":"pa_moac-39238","19":"pa_quantidade-de-saldo-33067","20":"pa_sequencial-da-serie-31911","21":"pa_tipo-de-traducao-nao-classificado","23":"first","24":"outofstock","25":"product-type-simple"},"acf":[],"_links":{"self":[{"href":"https:\/\/www.irdin.org.br\/site\/wp-json\/wp\/v2\/product\/82951","targetHints":{"allow":["GET"]}}],"collection":[{"href":"https:\/\/www.irdin.org.br\/site\/wp-json\/wp\/v2\/product"}],"about":[{"href":"https:\/\/www.irdin.org.br\/site\/wp-json\/wp\/v2\/types\/product"}],"version-history":[{"count":1,"href":"https:\/\/www.irdin.org.br\/site\/wp-json\/wp\/v2\/product\/82951\/revisions"}],"predecessor-version":[{"id":109175,"href":"https:\/\/www.irdin.org.br\/site\/wp-json\/wp\/v2\/product\/82951\/revisions\/109175"}],"wp:featuredmedia":[{"embeddable":true,"href":"https:\/\/www.irdin.org.br\/site\/wp-json\/wp\/v2\/media\/37803"}],"wp:attachment":[{"href":"https:\/\/www.irdin.org.br\/site\/wp-json\/wp\/v2\/media?parent=82951"}],"wp:term":[{"taxonomy":"product_brand","embeddable":true,"href":"https:\/\/www.irdin.org.br\/site\/wp-json\/wp\/v2\/product_brand?post=82951"},{"taxonomy":"product_cat","embeddable":true,"href":"https:\/\/www.irdin.org.br\/site\/wp-json\/wp\/v2\/product_cat?post=82951"},{"taxonomy":"product_tag","embeddable":true,"href":"https:\/\/www.irdin.org.br\/site\/wp-json\/wp\/v2\/product_tag?post=82951"}],"curies":[{"name":"wp","href":"https:\/\/api.w.org\/{rel}","templated":true}]}}