{"id":82953,"date":"2018-04-26T18:13:51","date_gmt":"2018-04-26T18:13:51","guid":{"rendered":"http:\/\/www.irdin.org.br\/site\/produto\/a-instrucao-interna-e-reflexoes-sobre-santa-teresa-e-o-conde-de-saint-germain\/"},"modified":"2025-03-15T23:35:28","modified_gmt":"2025-03-15T23:35:28","slug":"a-instrucao-interna-e-reflexoes-sobre-santa-teresa-e-o-conde-de-saint-germain","status":"publish","type":"product","link":"https:\/\/www.irdin.org.br\/site\/produtos\/a-instrucao-interna-e-reflexoes-sobre-santa-teresa-e-o-conde-de-saint-germain\/","title":{"rendered":"A instru\u00e7\u00e3o interna e reflex\u00f5es sobre Santa Teresa e o Conde de Saint Germain"},"content":{"rendered":"<p><em>A verdadeira instru\u00e7\u00e3o \u00e9 emitida pela alma que se alinha com n\u00edveis mais profundos. A trajet\u00f3ria de Teresa de \u00c1vila at\u00e9 a total consci\u00eancia de si mesma. O poder maior de Antuak, antes conhecido como Conde de Saint Germain..<\/em><\/p>\n<p>&nbsp;<br \/>\n<strong>Ou\u00e7a agora:<\/strong><\/p>\n<p><span data-href=\"https:\/\/www.irdin.org.br\/site\/envios\/audios\/0020_0037__por_por__a_instrucao_interna_e_reflexoes_sobre_santa_teresa_e_o_conde_de_saint_germain.mp3\" data-title=\"a instru\u00e7\u00e3o interna e reflex\u00f5es sobre santa teresa e o conde de saint germain\" data-rel=\"\" data-target=\"\" data-meta=\"#fap-meta-69f84fa2dc791\" class=\"fap-single-track fap-track-button fap-play-button\" data-enqueue=\"no\" data-autoenqueue=\"no\" title=\"a instru\u00e7\u00e3o interna e reflex\u00f5es sobre santa teresa e o conde de saint germain\"><span class=\"fap-icon-play\"><\/span>Ouvir<\/span> <a href=\"https:\/\/www.irdin.org.br\/site\/envios\/audios\/0020_0037__por_por__a_instrucao_interna_e_reflexoes_sobre_santa_teresa_e_o_conde_de_saint_germain.mp3\" class=\"baixar\" download><span class=\"fa fa-arrow-down\"><\/span>Baixar<\/span><\/a> <span class=\"textobaixar\"> a instru\u00e7\u00e3o interna e reflex\u00f5es sobre santa teresa e o conde de saint germain<\/span><\/p>\n<p>&nbsp;<\/p>\n","protected":false},"excerpt":{"rendered":"<p>A verdadeira instru\u00e7\u00e3o \u00e9 emitida pela alma que se alinha com n\u00edveis mais profundos. A trajet\u00f3ria de Teresa de \u00c1vila<\/p>\n","protected":false},"featured_media":37803,"template":"","meta":{"_acf_changed":false},"product_brand":[],"product_cat":[18076,33068],"product_tag":[39243],"class_list":{"0":"post-82953","1":"product","2":"type-product","3":"status-publish","4":"has-post-thumbnail","6":"product_cat-cddvd","7":"product_cat-palestras","8":"product_tag-39243","9":"pa_autor-trigueirinho","10":"pa_codigo-da-serie-32786","11":"pa_codigo-externo-00200037porcd","12":"pa_data-de-gravacao-20297","13":"pa_duracao-55min17s","14":"pa_idioma-de-destino-portugues","15":"pa_idioma-de-origem-portugues","16":"pa_lancamento-no","17":"pa_midia-cd","18":"pa_moac-39242","19":"pa_quantidade-de-saldo-33067","20":"pa_sequencial-da-serie-31913","21":"pa_tipo-de-traducao-nao-classificado","23":"first","24":"outofstock","25":"product-type-simple"},"acf":[],"_links":{"self":[{"href":"https:\/\/www.irdin.org.br\/site\/wp-json\/wp\/v2\/product\/82953","targetHints":{"allow":["GET"]}}],"collection":[{"href":"https:\/\/www.irdin.org.br\/site\/wp-json\/wp\/v2\/product"}],"about":[{"href":"https:\/\/www.irdin.org.br\/site\/wp-json\/wp\/v2\/types\/product"}],"version-history":[{"count":1,"href":"https:\/\/www.irdin.org.br\/site\/wp-json\/wp\/v2\/product\/82953\/revisions"}],"predecessor-version":[{"id":109177,"href":"https:\/\/www.irdin.org.br\/site\/wp-json\/wp\/v2\/product\/82953\/revisions\/109177"}],"wp:featuredmedia":[{"embeddable":true,"href":"https:\/\/www.irdin.org.br\/site\/wp-json\/wp\/v2\/media\/37803"}],"wp:attachment":[{"href":"https:\/\/www.irdin.org.br\/site\/wp-json\/wp\/v2\/media?parent=82953"}],"wp:term":[{"taxonomy":"product_brand","embeddable":true,"href":"https:\/\/www.irdin.org.br\/site\/wp-json\/wp\/v2\/product_brand?post=82953"},{"taxonomy":"product_cat","embeddable":true,"href":"https:\/\/www.irdin.org.br\/site\/wp-json\/wp\/v2\/product_cat?post=82953"},{"taxonomy":"product_tag","embeddable":true,"href":"https:\/\/www.irdin.org.br\/site\/wp-json\/wp\/v2\/product_tag?post=82953"}],"curies":[{"name":"wp","href":"https:\/\/api.w.org\/{rel}","templated":true}]}}