{"id":82958,"date":"2018-04-26T18:14:08","date_gmt":"2018-04-26T18:14:08","guid":{"rendered":"http:\/\/www.irdin.org.br\/site\/produto\/ecos-de-figueira\/"},"modified":"2024-09-23T19:16:39","modified_gmt":"2024-09-23T19:16:39","slug":"ecos-de-figueira","status":"publish","type":"product","link":"https:\/\/www.irdin.org.br\/site\/produtos\/ecos-de-figueira\/","title":{"rendered":"Ecos de Figueira"},"content":{"rendered":"<p><em>O servi\u00e7o prestado em Figueira pelo Setor Sa\u00fade e Cura e pela pr\u00e1tica do Caminho Breve na eleva\u00e7\u00e3o das almas resgatadas.<\/em><\/p>\n<p>&nbsp;<br \/>\n<strong>Ou\u00e7a agora:<\/strong><\/p>\n<p><span data-href=\"https:\/\/www.irdin.org.br\/site\/envios\/audios\/0020_0042__por_por__ecos_de_figueira.mp3\" data-title=\"ecos de figueira\" data-rel=\"\" data-target=\"\" data-meta=\"#fap-meta-69e3c6ee61714\" class=\"fap-single-track fap-track-button fap-play-button\" data-enqueue=\"no\" data-autoenqueue=\"no\" title=\"ecos de figueira\"><span class=\"fap-icon-play\"><\/span>Ouvir<\/span> <a href=\"https:\/\/www.irdin.org.br\/site\/envios\/audios\/0020_0042__por_por__ecos_de_figueira.mp3\" class=\"baixar\" download><span class=\"fa fa-arrow-down\"><\/span>Baixar<\/span><\/a> <span class=\"textobaixar\"> ecos de figueira<\/span><\/p>\n<p>&nbsp;<\/p>\n","protected":false},"excerpt":{"rendered":"<p>O servi\u00e7o prestado em Figueira pelo Setor Sa\u00fade e Cura e pela pr\u00e1tica do Caminho Breve na eleva\u00e7\u00e3o das almas<\/p>\n","protected":false},"featured_media":37803,"template":"","meta":{"_acf_changed":false},"product_brand":[],"product_cat":[18076,43099,33068],"product_tag":[39253],"class_list":{"0":"post-82958","1":"product","2":"type-product","3":"status-publish","4":"has-post-thumbnail","6":"product_cat-cddvd","7":"product_cat-palestras-cddvd","8":"product_cat-palestras","9":"product_tag-39253","10":"pa_autor-trigueirinho","11":"pa_codigo-da-serie-32786","12":"pa_codigo-externo-00200042porcd","13":"pa_data-de-gravacao-20316","14":"pa_duracao-43min8s","15":"pa_idioma-de-destino-portugues","16":"pa_idioma-de-origem-portugues","17":"pa_lancamento-no","18":"pa_midia-cd","19":"pa_moac-39252","20":"pa_quantidade-de-saldo-33067","21":"pa_sequencial-da-serie-31918","22":"pa_tipo-de-traducao-nao-classificado","24":"first","25":"outofstock","26":"product-type-simple"},"acf":[],"_links":{"self":[{"href":"https:\/\/www.irdin.org.br\/site\/wp-json\/wp\/v2\/product\/82958","targetHints":{"allow":["GET"]}}],"collection":[{"href":"https:\/\/www.irdin.org.br\/site\/wp-json\/wp\/v2\/product"}],"about":[{"href":"https:\/\/www.irdin.org.br\/site\/wp-json\/wp\/v2\/types\/product"}],"version-history":[{"count":1,"href":"https:\/\/www.irdin.org.br\/site\/wp-json\/wp\/v2\/product\/82958\/revisions"}],"predecessor-version":[{"id":107666,"href":"https:\/\/www.irdin.org.br\/site\/wp-json\/wp\/v2\/product\/82958\/revisions\/107666"}],"wp:featuredmedia":[{"embeddable":true,"href":"https:\/\/www.irdin.org.br\/site\/wp-json\/wp\/v2\/media\/37803"}],"wp:attachment":[{"href":"https:\/\/www.irdin.org.br\/site\/wp-json\/wp\/v2\/media?parent=82958"}],"wp:term":[{"taxonomy":"product_brand","embeddable":true,"href":"https:\/\/www.irdin.org.br\/site\/wp-json\/wp\/v2\/product_brand?post=82958"},{"taxonomy":"product_cat","embeddable":true,"href":"https:\/\/www.irdin.org.br\/site\/wp-json\/wp\/v2\/product_cat?post=82958"},{"taxonomy":"product_tag","embeddable":true,"href":"https:\/\/www.irdin.org.br\/site\/wp-json\/wp\/v2\/product_tag?post=82958"}],"curies":[{"name":"wp","href":"https:\/\/api.w.org\/{rel}","templated":true}]}}