{"id":82968,"date":"2018-04-26T18:14:08","date_gmt":"2018-04-26T18:14:08","guid":{"rendered":"http:\/\/www.irdin.org.br\/site\/produto\/caminhos-de-vida-e-caminhos-de-cura\/"},"modified":"2025-03-15T23:31:47","modified_gmt":"2025-03-15T23:31:47","slug":"caminhos-de-vida-e-caminhos-de-cura","status":"publish","type":"product","link":"https:\/\/www.irdin.org.br\/site\/produtos\/caminhos-de-vida-e-caminhos-de-cura\/","title":{"rendered":"Caminhos de vida e caminhos de cura"},"content":{"rendered":"<p><em>Integra\u00e7\u00e3o entre os corpos emocional e mental \/ Despertar do consciente direito \/ O sofrimento de Padre Pio \/ A raz\u00e3o de as religi\u00f5es n\u00e3o falarem de m\u00f4nada \/ Ecos sutis do Coral \/ Igualdade nos relacionamentos \/ Sa\u00fade, carma e cura \/ Caminho interior \/ Figueira e a atua\u00e7\u00e3o de energias superiores<\/em><\/p>\n<p>&nbsp;<br \/>\n<strong>Ou\u00e7a agora:<\/strong><\/p>\n<p><span data-href=\"https:\/\/www.irdin.org.br\/site\/envios\/audios\/0020_0051__por_por__caminhos_de_vida_e_caminhos_de_cura.mp3\" data-title=\"caminhos de vida e caminhos de cura\" data-rel=\"\" data-target=\"\" data-meta=\"#fap-meta-69e9f3bc00ac6\" class=\"fap-single-track fap-track-button fap-play-button\" data-enqueue=\"no\" data-autoenqueue=\"no\" title=\"caminhos de vida e caminhos de cura\"><span class=\"fap-icon-play\"><\/span>Ouvir<\/span> <a href=\"https:\/\/www.irdin.org.br\/site\/envios\/audios\/0020_0051__por_por__caminhos_de_vida_e_caminhos_de_cura.mp3\" class=\"baixar\" download><span class=\"fa fa-arrow-down\"><\/span>Baixar<\/span><\/a> <span class=\"textobaixar\"> caminhos de vida e caminhos de cura<\/span><\/p>\n<p>&nbsp;<\/p>\n","protected":false},"excerpt":{"rendered":"<p>Integra\u00e7\u00e3o entre os corpos emocional e mental \/ Despertar do consciente direito \/ O sofrimento de Padre Pio \/ A<\/p>\n","protected":false},"featured_media":37803,"template":"","meta":{"_acf_changed":false},"product_brand":[],"product_cat":[18076,33068],"product_tag":[39273],"class_list":{"0":"post-82968","1":"product","2":"type-product","3":"status-publish","4":"has-post-thumbnail","6":"product_cat-cddvd","7":"product_cat-palestras","8":"product_tag-39273","9":"pa_autor-trigueirinho","10":"pa_codigo-da-serie-32786","11":"pa_codigo-externo-00200051porcd","12":"pa_data-de-gravacao-20350","13":"pa_duracao-37min","14":"pa_idioma-de-destino-portugues","15":"pa_idioma-de-origem-portugues","16":"pa_lancamento-no","17":"pa_midia-cd","18":"pa_moac-39272","19":"pa_quantidade-de-saldo-33067","20":"pa_sequencial-da-serie-31927","21":"pa_tipo-de-traducao-nao-classificado","23":"first","24":"outofstock","25":"product-type-simple"},"acf":[],"_links":{"self":[{"href":"https:\/\/www.irdin.org.br\/site\/wp-json\/wp\/v2\/product\/82968","targetHints":{"allow":["GET"]}}],"collection":[{"href":"https:\/\/www.irdin.org.br\/site\/wp-json\/wp\/v2\/product"}],"about":[{"href":"https:\/\/www.irdin.org.br\/site\/wp-json\/wp\/v2\/types\/product"}],"version-history":[{"count":1,"href":"https:\/\/www.irdin.org.br\/site\/wp-json\/wp\/v2\/product\/82968\/revisions"}],"predecessor-version":[{"id":109161,"href":"https:\/\/www.irdin.org.br\/site\/wp-json\/wp\/v2\/product\/82968\/revisions\/109161"}],"wp:featuredmedia":[{"embeddable":true,"href":"https:\/\/www.irdin.org.br\/site\/wp-json\/wp\/v2\/media\/37803"}],"wp:attachment":[{"href":"https:\/\/www.irdin.org.br\/site\/wp-json\/wp\/v2\/media?parent=82968"}],"wp:term":[{"taxonomy":"product_brand","embeddable":true,"href":"https:\/\/www.irdin.org.br\/site\/wp-json\/wp\/v2\/product_brand?post=82968"},{"taxonomy":"product_cat","embeddable":true,"href":"https:\/\/www.irdin.org.br\/site\/wp-json\/wp\/v2\/product_cat?post=82968"},{"taxonomy":"product_tag","embeddable":true,"href":"https:\/\/www.irdin.org.br\/site\/wp-json\/wp\/v2\/product_tag?post=82968"}],"curies":[{"name":"wp","href":"https:\/\/api.w.org\/{rel}","templated":true}]}}