{"id":82971,"date":"2018-04-26T18:14:08","date_gmt":"2018-04-26T18:14:08","guid":{"rendered":"http:\/\/www.irdin.org.br\/site\/produto\/o-trabalho-das-bases-suprafisicas-terrestres-e-extraterrestres-e-outras-informacoes\/"},"modified":"2024-09-23T19:35:24","modified_gmt":"2024-09-23T19:35:24","slug":"o-trabalho-das-bases-suprafisicas-terrestres-e-extraterrestres-e-outras-informacoes","status":"publish","type":"product","link":"https:\/\/www.irdin.org.br\/site\/produtos\/o-trabalho-das-bases-suprafisicas-terrestres-e-extraterrestres-e-outras-informacoes\/","title":{"rendered":"O trabalho das bases supraf\u00edsicas terrestres e extraterrestres e outras informa\u00e7\u00f5es"},"content":{"rendered":"<p><em>O presente momento do planeta pede muito de n\u00f3s. N\u00e3o devemos ignorar as bases supraf\u00edsicas, mas contar com a sua ajuda.<\/em><\/p>\n<p>&nbsp;<br \/>\n<strong>Ou\u00e7a agora:<\/strong><\/p>\n<p><span data-href=\"https:\/\/www.irdin.org.br\/site\/envios\/audios\/0020_0054__por_por__o_trabalho_das_bases_suprafisicas_terrestres_e_extraterrestres_e_outras_informacoes.mp3\" data-title=\"o trabalho das bases supraf\u00edsicas terrestres e extraterrestres e outras informa\u00e7\u00f5es\" data-rel=\"\" data-target=\"\" data-meta=\"#fap-meta-69ff2598e9fff\" class=\"fap-single-track fap-track-button fap-play-button\" data-enqueue=\"no\" data-autoenqueue=\"no\" title=\"o trabalho das bases supraf\u00edsicas terrestres e extraterrestres e outras informa\u00e7\u00f5es\"><span class=\"fap-icon-play\"><\/span>Ouvir<\/span> <a href=\"https:\/\/www.irdin.org.br\/site\/envios\/audios\/0020_0054__por_por__o_trabalho_das_bases_suprafisicas_terrestres_e_extraterrestres_e_outras_informacoes.mp3\" class=\"baixar\" download><span class=\"fa fa-arrow-down\"><\/span>Baixar<\/span><\/a> <span class=\"textobaixar\"> o trabalho das bases supraf\u00edsicas terrestres e extraterrestres e outras informa\u00e7\u00f5es<\/span><\/p>\n<p>&nbsp;<\/p>\n","protected":false},"excerpt":{"rendered":"<p>O presente momento do planeta pede muito de n\u00f3s. N\u00e3o devemos ignorar as bases supraf\u00edsicas, mas contar com a sua<\/p>\n","protected":false},"featured_media":37803,"template":"","meta":{"_acf_changed":false},"product_brand":[],"product_cat":[18076,33068,43099],"product_tag":[39279],"class_list":{"0":"post-82971","1":"product","2":"type-product","3":"status-publish","4":"has-post-thumbnail","6":"product_cat-cddvd","7":"product_cat-palestras","8":"product_cat-palestras-cddvd","9":"product_tag-39279","10":"pa_autor-trigueirinho","11":"pa_codigo-da-serie-32786","12":"pa_codigo-externo-00200054porcd","13":"pa_data-de-gravacao-20359","14":"pa_duracao-52min","15":"pa_idioma-de-destino-portugues","16":"pa_idioma-de-origem-portugues","17":"pa_lancamento-no","18":"pa_midia-cd","19":"pa_moac-39278","20":"pa_quantidade-de-saldo-33067","21":"pa_sequencial-da-serie-31930","22":"pa_tipo-de-traducao-nao-classificado","24":"first","25":"outofstock","26":"product-type-simple"},"acf":[],"_links":{"self":[{"href":"https:\/\/www.irdin.org.br\/site\/wp-json\/wp\/v2\/product\/82971","targetHints":{"allow":["GET"]}}],"collection":[{"href":"https:\/\/www.irdin.org.br\/site\/wp-json\/wp\/v2\/product"}],"about":[{"href":"https:\/\/www.irdin.org.br\/site\/wp-json\/wp\/v2\/types\/product"}],"version-history":[{"count":1,"href":"https:\/\/www.irdin.org.br\/site\/wp-json\/wp\/v2\/product\/82971\/revisions"}],"predecessor-version":[{"id":107675,"href":"https:\/\/www.irdin.org.br\/site\/wp-json\/wp\/v2\/product\/82971\/revisions\/107675"}],"wp:featuredmedia":[{"embeddable":true,"href":"https:\/\/www.irdin.org.br\/site\/wp-json\/wp\/v2\/media\/37803"}],"wp:attachment":[{"href":"https:\/\/www.irdin.org.br\/site\/wp-json\/wp\/v2\/media?parent=82971"}],"wp:term":[{"taxonomy":"product_brand","embeddable":true,"href":"https:\/\/www.irdin.org.br\/site\/wp-json\/wp\/v2\/product_brand?post=82971"},{"taxonomy":"product_cat","embeddable":true,"href":"https:\/\/www.irdin.org.br\/site\/wp-json\/wp\/v2\/product_cat?post=82971"},{"taxonomy":"product_tag","embeddable":true,"href":"https:\/\/www.irdin.org.br\/site\/wp-json\/wp\/v2\/product_tag?post=82971"}],"curies":[{"name":"wp","href":"https:\/\/api.w.org\/{rel}","templated":true}]}}