{"id":82972,"date":"2018-04-26T18:14:08","date_gmt":"2018-04-26T18:14:08","guid":{"rendered":"http:\/\/www.irdin.org.br\/site\/produto\/estudos-comportamento-e-caminho-breve\/"},"modified":"2024-09-23T19:35:38","modified_gmt":"2024-09-23T19:35:38","slug":"estudos-comportamento-e-caminho-breve","status":"publish","type":"product","link":"https:\/\/www.irdin.org.br\/site\/produtos\/estudos-comportamento-e-caminho-breve\/","title":{"rendered":"Estudos, comportamento e Caminho Breve"},"content":{"rendered":"<p><em>Para chegarmos \u00e0 neutralidade, focalizemos a consci\u00eancia no eu profundo. Nosso trabalho, ent\u00e3o, poder\u00e1 divinizar a vida.<\/em><\/p>\n<p>&nbsp;<br \/>\n<strong>Ou\u00e7a agora:<\/strong><\/p>\n<p><span data-href=\"https:\/\/www.irdin.org.br\/site\/envios\/audios\/0020_0055__por_por__estudos_comportamento_e_caminho_breve.mp3\" data-title=\"estudos, comportamento e caminho breve\" data-rel=\"\" data-target=\"\" data-meta=\"#fap-meta-69e341955c82c\" class=\"fap-single-track fap-track-button fap-play-button\" data-enqueue=\"no\" data-autoenqueue=\"no\" title=\"estudos, comportamento e caminho breve\"><span class=\"fap-icon-play\"><\/span>Ouvir<\/span> <a href=\"https:\/\/www.irdin.org.br\/site\/envios\/audios\/0020_0055__por_por__estudos_comportamento_e_caminho_breve.mp3\" class=\"baixar\" download><span class=\"fa fa-arrow-down\"><\/span>Baixar<\/span><\/a> <span class=\"textobaixar\"> estudos, comportamento e caminho breve<\/span><\/p>\n<p>&nbsp;<\/p>\n","protected":false},"excerpt":{"rendered":"<p>Para chegarmos \u00e0 neutralidade, focalizemos a consci\u00eancia no eu profundo. Nosso trabalho, ent\u00e3o, poder\u00e1 divinizar a vida. &nbsp; Ou\u00e7a agora:<\/p>\n","protected":false},"featured_media":37803,"template":"","meta":{"_acf_changed":false},"product_brand":[],"product_cat":[18076,33068,43099],"product_tag":[39281],"class_list":{"0":"post-82972","1":"product","2":"type-product","3":"status-publish","4":"has-post-thumbnail","6":"product_cat-cddvd","7":"product_cat-palestras","8":"product_cat-palestras-cddvd","9":"product_tag-39281","10":"pa_autor-trigueirinho","11":"pa_codigo-da-serie-32786","12":"pa_codigo-externo-00200055porcd","13":"pa_data-de-gravacao-20362","14":"pa_duracao-41min","15":"pa_idioma-de-destino-portugues","16":"pa_idioma-de-origem-portugues","17":"pa_lancamento-no","18":"pa_midia-cd","19":"pa_moac-39280","20":"pa_quantidade-de-saldo-33067","21":"pa_sequencial-da-serie-31957","22":"pa_tipo-de-traducao-nao-classificado","24":"first","25":"outofstock","26":"product-type-simple"},"acf":[],"_links":{"self":[{"href":"https:\/\/www.irdin.org.br\/site\/wp-json\/wp\/v2\/product\/82972","targetHints":{"allow":["GET"]}}],"collection":[{"href":"https:\/\/www.irdin.org.br\/site\/wp-json\/wp\/v2\/product"}],"about":[{"href":"https:\/\/www.irdin.org.br\/site\/wp-json\/wp\/v2\/types\/product"}],"version-history":[{"count":1,"href":"https:\/\/www.irdin.org.br\/site\/wp-json\/wp\/v2\/product\/82972\/revisions"}],"predecessor-version":[{"id":107676,"href":"https:\/\/www.irdin.org.br\/site\/wp-json\/wp\/v2\/product\/82972\/revisions\/107676"}],"wp:featuredmedia":[{"embeddable":true,"href":"https:\/\/www.irdin.org.br\/site\/wp-json\/wp\/v2\/media\/37803"}],"wp:attachment":[{"href":"https:\/\/www.irdin.org.br\/site\/wp-json\/wp\/v2\/media?parent=82972"}],"wp:term":[{"taxonomy":"product_brand","embeddable":true,"href":"https:\/\/www.irdin.org.br\/site\/wp-json\/wp\/v2\/product_brand?post=82972"},{"taxonomy":"product_cat","embeddable":true,"href":"https:\/\/www.irdin.org.br\/site\/wp-json\/wp\/v2\/product_cat?post=82972"},{"taxonomy":"product_tag","embeddable":true,"href":"https:\/\/www.irdin.org.br\/site\/wp-json\/wp\/v2\/product_tag?post=82972"}],"curies":[{"name":"wp","href":"https:\/\/api.w.org\/{rel}","templated":true}]}}