{"id":82973,"date":"2018-04-26T18:14:08","date_gmt":"2018-04-26T18:14:08","guid":{"rendered":"http:\/\/www.irdin.org.br\/site\/produto\/o-nucleo-sohin-e-a-visao-espiritual-do-abrigo\/"},"modified":"2024-09-23T19:35:52","modified_gmt":"2024-09-23T19:35:52","slug":"o-nucleo-sohin-e-a-visao-espiritual-do-abrigo","status":"publish","type":"product","link":"https:\/\/www.irdin.org.br\/site\/produtos\/o-nucleo-sohin-e-a-visao-espiritual-do-abrigo\/","title":{"rendered":"O N\u00facleo Sohin e a vis\u00e3o espiritual do Abrigo"},"content":{"rendered":"<p><em>Aos que deixam a energia an\u00edmica fluir, Figueira oferece vastas oportunidades de a\u00e7\u00e3o e trabalho no campo da cura.<\/em><\/p>\n<p>&nbsp;<br \/>\n<strong>Ou\u00e7a agora:<\/strong><\/p>\n<p><span data-href=\"https:\/\/www.irdin.org.br\/site\/envios\/audios\/0020_0056__por_por__o_nucleo_sohin_e_a_visao_espiritual_do_abrigo.mp3\" data-title=\"o n\u00facleo sohin e a vis\u00e3o espiritual do abrigo\" data-rel=\"\" data-target=\"\" data-meta=\"#fap-meta-69e326abd4fc9\" class=\"fap-single-track fap-track-button fap-play-button\" data-enqueue=\"no\" data-autoenqueue=\"no\" title=\"o n\u00facleo sohin e a vis\u00e3o espiritual do abrigo\"><span class=\"fap-icon-play\"><\/span>Ouvir<\/span> <a href=\"https:\/\/www.irdin.org.br\/site\/envios\/audios\/0020_0056__por_por__o_nucleo_sohin_e_a_visao_espiritual_do_abrigo.mp3\" class=\"baixar\" download><span class=\"fa fa-arrow-down\"><\/span>Baixar<\/span><\/a> <span class=\"textobaixar\"> o n\u00facleo sohin e a vis\u00e3o espiritual do abrigo<\/span><\/p>\n<p>&nbsp;<\/p>\n","protected":false},"excerpt":{"rendered":"<p>Aos que deixam a energia an\u00edmica fluir, Figueira oferece vastas oportunidades de a\u00e7\u00e3o e trabalho no campo da cura. &nbsp;<\/p>\n","protected":false},"featured_media":37803,"template":"","meta":{"_acf_changed":false},"product_brand":[],"product_cat":[18076,33068,43099],"product_tag":[39283],"class_list":{"0":"post-82973","1":"product","2":"type-product","3":"status-publish","4":"has-post-thumbnail","6":"product_cat-cddvd","7":"product_cat-palestras","8":"product_cat-palestras-cddvd","9":"product_tag-39283","10":"pa_autor-trigueirinho","11":"pa_codigo-da-serie-32786","12":"pa_codigo-externo-00200056porcd","13":"pa_data-de-gravacao-20365","14":"pa_duracao-51min","15":"pa_idioma-de-destino-portugues","16":"pa_idioma-de-origem-portugues","17":"pa_lancamento-no","18":"pa_midia-cd","19":"pa_moac-39282","20":"pa_quantidade-de-saldo-33067","21":"pa_sequencial-da-serie-31931","22":"pa_tipo-de-traducao-nao-classificado","24":"first","25":"outofstock","26":"product-type-simple"},"acf":[],"_links":{"self":[{"href":"https:\/\/www.irdin.org.br\/site\/wp-json\/wp\/v2\/product\/82973","targetHints":{"allow":["GET"]}}],"collection":[{"href":"https:\/\/www.irdin.org.br\/site\/wp-json\/wp\/v2\/product"}],"about":[{"href":"https:\/\/www.irdin.org.br\/site\/wp-json\/wp\/v2\/types\/product"}],"version-history":[{"count":1,"href":"https:\/\/www.irdin.org.br\/site\/wp-json\/wp\/v2\/product\/82973\/revisions"}],"predecessor-version":[{"id":107677,"href":"https:\/\/www.irdin.org.br\/site\/wp-json\/wp\/v2\/product\/82973\/revisions\/107677"}],"wp:featuredmedia":[{"embeddable":true,"href":"https:\/\/www.irdin.org.br\/site\/wp-json\/wp\/v2\/media\/37803"}],"wp:attachment":[{"href":"https:\/\/www.irdin.org.br\/site\/wp-json\/wp\/v2\/media?parent=82973"}],"wp:term":[{"taxonomy":"product_brand","embeddable":true,"href":"https:\/\/www.irdin.org.br\/site\/wp-json\/wp\/v2\/product_brand?post=82973"},{"taxonomy":"product_cat","embeddable":true,"href":"https:\/\/www.irdin.org.br\/site\/wp-json\/wp\/v2\/product_cat?post=82973"},{"taxonomy":"product_tag","embeddable":true,"href":"https:\/\/www.irdin.org.br\/site\/wp-json\/wp\/v2\/product_tag?post=82973"}],"curies":[{"name":"wp","href":"https:\/\/api.w.org\/{rel}","templated":true}]}}