{"id":82975,"date":"2018-04-26T18:14:08","date_gmt":"2018-04-26T18:14:08","guid":{"rendered":"http:\/\/www.irdin.org.br\/site\/produto\/uma-visao-dos-propositos-de-figueira\/"},"modified":"2024-09-23T19:36:24","modified_gmt":"2024-09-23T19:36:24","slug":"uma-visao-dos-propositos-de-figueira","status":"publish","type":"product","link":"https:\/\/www.irdin.org.br\/site\/produtos\/uma-visao-dos-propositos-de-figueira\/","title":{"rendered":"Uma vis\u00e3o dos prop\u00f3sitos de Figueira"},"content":{"rendered":"<p><em>A atitude a tomar com respeito \u00e0 alimenta\u00e7\u00e3o e ao jejum para obter harmonia, uni\u00e3o e paz. A ativa\u00e7\u00e3o da f\u00e9 como meio de contato com o mundo imaterial.<\/em><\/p>\n<p>&nbsp;<br \/>\n<strong>Ou\u00e7a agora:<\/strong><\/p>\n<p><span data-href=\"https:\/\/www.irdin.org.br\/site\/envios\/audios\/0020_0058__por_por__uma_visao_dos_propositos_de_figueira.mp3\" data-title=\"uma vis\u00e3o dos prop\u00f3sitos de figueira\" data-rel=\"\" data-target=\"\" data-meta=\"#fap-meta-69e49f4ee69d8\" class=\"fap-single-track fap-track-button fap-play-button\" data-enqueue=\"no\" data-autoenqueue=\"no\" title=\"uma vis\u00e3o dos prop\u00f3sitos de figueira\"><span class=\"fap-icon-play\"><\/span>Ouvir<\/span> <a href=\"https:\/\/www.irdin.org.br\/site\/envios\/audios\/0020_0058__por_por__uma_visao_dos_propositos_de_figueira.mp3\" class=\"baixar\" download><span class=\"fa fa-arrow-down\"><\/span>Baixar<\/span><\/a> <span class=\"textobaixar\"> uma vis\u00e3o dos prop\u00f3sitos de figueira<\/span><\/p>\n<p>&nbsp;<\/p>\n","protected":false},"excerpt":{"rendered":"<p>A atitude a tomar com respeito \u00e0 alimenta\u00e7\u00e3o e ao jejum para obter harmonia, uni\u00e3o e paz. A ativa\u00e7\u00e3o da<\/p>\n","protected":false},"featured_media":37803,"template":"","meta":{"_acf_changed":false},"product_brand":[],"product_cat":[18076,33068,43099],"product_tag":[39287],"class_list":{"0":"post-82975","1":"product","2":"type-product","3":"status-publish","4":"has-post-thumbnail","6":"product_cat-cddvd","7":"product_cat-palestras","8":"product_cat-palestras-cddvd","9":"product_tag-39287","10":"pa_autor-trigueirinho","11":"pa_codigo-da-serie-32786","12":"pa_codigo-externo-00200058porcd","13":"pa_data-de-gravacao-20372","14":"pa_duracao-48min","15":"pa_idioma-de-destino-portugues","16":"pa_idioma-de-origem-portugues","17":"pa_lancamento-no","18":"pa_midia-cd","19":"pa_moac-39286","20":"pa_quantidade-de-saldo-33067","21":"pa_sequencial-da-serie-31933","22":"pa_tipo-de-traducao-nao-classificado","24":"first","25":"outofstock","26":"product-type-simple"},"acf":[],"_links":{"self":[{"href":"https:\/\/www.irdin.org.br\/site\/wp-json\/wp\/v2\/product\/82975","targetHints":{"allow":["GET"]}}],"collection":[{"href":"https:\/\/www.irdin.org.br\/site\/wp-json\/wp\/v2\/product"}],"about":[{"href":"https:\/\/www.irdin.org.br\/site\/wp-json\/wp\/v2\/types\/product"}],"version-history":[{"count":1,"href":"https:\/\/www.irdin.org.br\/site\/wp-json\/wp\/v2\/product\/82975\/revisions"}],"predecessor-version":[{"id":107679,"href":"https:\/\/www.irdin.org.br\/site\/wp-json\/wp\/v2\/product\/82975\/revisions\/107679"}],"wp:featuredmedia":[{"embeddable":true,"href":"https:\/\/www.irdin.org.br\/site\/wp-json\/wp\/v2\/media\/37803"}],"wp:attachment":[{"href":"https:\/\/www.irdin.org.br\/site\/wp-json\/wp\/v2\/media?parent=82975"}],"wp:term":[{"taxonomy":"product_brand","embeddable":true,"href":"https:\/\/www.irdin.org.br\/site\/wp-json\/wp\/v2\/product_brand?post=82975"},{"taxonomy":"product_cat","embeddable":true,"href":"https:\/\/www.irdin.org.br\/site\/wp-json\/wp\/v2\/product_cat?post=82975"},{"taxonomy":"product_tag","embeddable":true,"href":"https:\/\/www.irdin.org.br\/site\/wp-json\/wp\/v2\/product_tag?post=82975"}],"curies":[{"name":"wp","href":"https:\/\/api.w.org\/{rel}","templated":true}]}}