{"id":82989,"date":"2018-04-26T18:14:26","date_gmt":"2018-04-26T18:14:26","guid":{"rendered":"http:\/\/www.irdin.org.br\/site\/produto\/chamados-aos-grupos\/"},"modified":"2024-09-23T14:44:43","modified_gmt":"2024-09-23T14:44:43","slug":"chamados-aos-grupos","status":"publish","type":"product","link":"https:\/\/www.irdin.org.br\/site\/produtos\/chamados-aos-grupos\/","title":{"rendered":"Chamados aos grupos"},"content":{"rendered":"<p><em>Para trabalharmos em grupo de maneira sempre renovada, construtiva e harmoniosa, jamais esque\u00e7amos a alma e a m\u00f4nada que somos. Tenhamos presente a Hierarquia espiritual de onde prov\u00e9m prote\u00e7\u00e3o e permane\u00e7amos receptivos \u00e0 inspira\u00e7\u00e3o dos Centros Planet\u00e1rios.<\/em><\/p>\n<p>&nbsp;<br \/>\n<strong>Ou\u00e7a agora:<\/strong><\/p>\n<p><span data-href=\"https:\/\/www.irdin.org.br\/site\/envios\/audios\/0020_0073__por_por__chamados_aos_grupos.mp3\" data-title=\"chamados aos grupos\" data-rel=\"\" data-target=\"\" data-meta=\"#fap-meta-69e1f6ee43721\" class=\"fap-single-track fap-track-button fap-play-button\" data-enqueue=\"no\" data-autoenqueue=\"no\" title=\"chamados aos grupos\"><span class=\"fap-icon-play\"><\/span>Ouvir<\/span> <a href=\"https:\/\/www.irdin.org.br\/site\/envios\/audios\/0020_0073__por_por__chamados_aos_grupos.mp3\" class=\"baixar\" download><span class=\"fa fa-arrow-down\"><\/span>Baixar<\/span><\/a> <span class=\"textobaixar\"> chamados aos grupos<\/span><\/p>\n<p>&nbsp;<\/p>\n","protected":false},"excerpt":{"rendered":"<p>Para trabalharmos em grupo de maneira sempre renovada, construtiva e harmoniosa, jamais esque\u00e7amos a alma e a m\u00f4nada que somos.<\/p>\n","protected":false},"featured_media":37803,"template":"","meta":{"_acf_changed":false},"product_brand":[],"product_cat":[18076,43099,33068],"product_tag":[39315],"class_list":{"0":"post-82989","1":"product","2":"type-product","3":"status-publish","4":"has-post-thumbnail","6":"product_cat-cddvd","7":"product_cat-palestras-cddvd","8":"product_cat-palestras","9":"product_tag-39315","10":"pa_autor-trigueirinho","11":"pa_codigo-da-serie-32786","12":"pa_codigo-externo-00200073porcd","13":"pa_data-de-gravacao-20421","14":"pa_duracao-57min","15":"pa_idioma-de-destino-portugues","16":"pa_idioma-de-origem-portugues","17":"pa_lancamento-no","18":"pa_midia-cd","19":"pa_moac-39314","20":"pa_quantidade-de-saldo-33067","21":"pa_sequencial-da-serie-31949","22":"pa_tipo-de-traducao-nao-classificado","24":"first","25":"outofstock","26":"product-type-simple"},"acf":[],"_links":{"self":[{"href":"https:\/\/www.irdin.org.br\/site\/wp-json\/wp\/v2\/product\/82989","targetHints":{"allow":["GET"]}}],"collection":[{"href":"https:\/\/www.irdin.org.br\/site\/wp-json\/wp\/v2\/product"}],"about":[{"href":"https:\/\/www.irdin.org.br\/site\/wp-json\/wp\/v2\/types\/product"}],"version-history":[{"count":1,"href":"https:\/\/www.irdin.org.br\/site\/wp-json\/wp\/v2\/product\/82989\/revisions"}],"predecessor-version":[{"id":107658,"href":"https:\/\/www.irdin.org.br\/site\/wp-json\/wp\/v2\/product\/82989\/revisions\/107658"}],"wp:featuredmedia":[{"embeddable":true,"href":"https:\/\/www.irdin.org.br\/site\/wp-json\/wp\/v2\/media\/37803"}],"wp:attachment":[{"href":"https:\/\/www.irdin.org.br\/site\/wp-json\/wp\/v2\/media?parent=82989"}],"wp:term":[{"taxonomy":"product_brand","embeddable":true,"href":"https:\/\/www.irdin.org.br\/site\/wp-json\/wp\/v2\/product_brand?post=82989"},{"taxonomy":"product_cat","embeddable":true,"href":"https:\/\/www.irdin.org.br\/site\/wp-json\/wp\/v2\/product_cat?post=82989"},{"taxonomy":"product_tag","embeddable":true,"href":"https:\/\/www.irdin.org.br\/site\/wp-json\/wp\/v2\/product_tag?post=82989"}],"curies":[{"name":"wp","href":"https:\/\/api.w.org\/{rel}","templated":true}]}}