{"id":82990,"date":"2018-04-26T18:14:26","date_gmt":"2018-04-26T18:14:26","guid":{"rendered":"http:\/\/www.irdin.org.br\/site\/produto\/os-pioneiros-do-centro-cerebral-direito\/"},"modified":"2024-09-23T19:15:22","modified_gmt":"2024-09-23T19:15:22","slug":"os-pioneiros-do-centro-cerebral-direito","status":"publish","type":"product","link":"https:\/\/www.irdin.org.br\/site\/produtos\/os-pioneiros-do-centro-cerebral-direito\/","title":{"rendered":"Os pioneiros do centro cerebral direito"},"content":{"rendered":"<p><em>Os seres humanos podem abrir-se ao desconhecido, desenvolver novos aspectos de sua constitui\u00e7\u00e3o, ir al\u00e9m de si mesmos e participar conscientemente de processos extraplanet\u00e1rios.<\/em><\/p>\n<p>&nbsp;<br \/>\n<strong>Ou\u00e7a agora:<\/strong><\/p>\n<p><span data-href=\"https:\/\/www.irdin.org.br\/site\/envios\/audios\/0020_0074__por_por__os_pioneiros_do_centro_cerebral_direito.mp3\" data-title=\"os pioneiros do centro cerebral direito\" data-rel=\"\" data-target=\"\" data-meta=\"#fap-meta-69ff16229eda7\" class=\"fap-single-track fap-track-button fap-play-button\" data-enqueue=\"no\" data-autoenqueue=\"no\" title=\"os pioneiros do centro cerebral direito\"><span class=\"fap-icon-play\"><\/span>Ouvir<\/span> <a href=\"https:\/\/www.irdin.org.br\/site\/envios\/audios\/0020_0074__por_por__os_pioneiros_do_centro_cerebral_direito.mp3\" class=\"baixar\" download><span class=\"fa fa-arrow-down\"><\/span>Baixar<\/span><\/a> <span class=\"textobaixar\"> os pioneiros do centro cerebral direito<\/span><\/p>\n<p>&nbsp;<\/p>\n","protected":false},"excerpt":{"rendered":"<p>Os seres humanos podem abrir-se ao desconhecido, desenvolver novos aspectos de sua constitui\u00e7\u00e3o, ir al\u00e9m de si mesmos e participar<\/p>\n","protected":false},"featured_media":37803,"template":"","meta":{"_acf_changed":false},"product_brand":[],"product_cat":[18076,33068,43099],"product_tag":[39317],"class_list":{"0":"post-82990","1":"product","2":"type-product","3":"status-publish","4":"has-post-thumbnail","6":"product_cat-cddvd","7":"product_cat-palestras","8":"product_cat-palestras-cddvd","9":"product_tag-39317","10":"pa_autor-trigueirinho","11":"pa_codigo-da-serie-32786","12":"pa_codigo-externo-00200074porcd","13":"pa_data-de-gravacao-20424","14":"pa_duracao-1h3min","15":"pa_idioma-de-destino-portugues","16":"pa_idioma-de-origem-portugues","17":"pa_lancamento-no","18":"pa_midia-cd","19":"pa_moac-39316","20":"pa_quantidade-de-saldo-33067","21":"pa_sequencial-da-serie-31950","22":"pa_tipo-de-traducao-nao-classificado","24":"first","25":"outofstock","26":"product-type-simple"},"acf":[],"_links":{"self":[{"href":"https:\/\/www.irdin.org.br\/site\/wp-json\/wp\/v2\/product\/82990","targetHints":{"allow":["GET"]}}],"collection":[{"href":"https:\/\/www.irdin.org.br\/site\/wp-json\/wp\/v2\/product"}],"about":[{"href":"https:\/\/www.irdin.org.br\/site\/wp-json\/wp\/v2\/types\/product"}],"version-history":[{"count":1,"href":"https:\/\/www.irdin.org.br\/site\/wp-json\/wp\/v2\/product\/82990\/revisions"}],"predecessor-version":[{"id":107662,"href":"https:\/\/www.irdin.org.br\/site\/wp-json\/wp\/v2\/product\/82990\/revisions\/107662"}],"wp:featuredmedia":[{"embeddable":true,"href":"https:\/\/www.irdin.org.br\/site\/wp-json\/wp\/v2\/media\/37803"}],"wp:attachment":[{"href":"https:\/\/www.irdin.org.br\/site\/wp-json\/wp\/v2\/media?parent=82990"}],"wp:term":[{"taxonomy":"product_brand","embeddable":true,"href":"https:\/\/www.irdin.org.br\/site\/wp-json\/wp\/v2\/product_brand?post=82990"},{"taxonomy":"product_cat","embeddable":true,"href":"https:\/\/www.irdin.org.br\/site\/wp-json\/wp\/v2\/product_cat?post=82990"},{"taxonomy":"product_tag","embeddable":true,"href":"https:\/\/www.irdin.org.br\/site\/wp-json\/wp\/v2\/product_tag?post=82990"}],"curies":[{"name":"wp","href":"https:\/\/api.w.org\/{rel}","templated":true}]}}