{"id":82993,"date":"2018-04-26T18:14:26","date_gmt":"2018-04-26T18:14:26","guid":{"rendered":"http:\/\/www.irdin.org.br\/site\/produto\/figueira-como-parque\/"},"modified":"2024-09-23T19:16:24","modified_gmt":"2024-09-23T19:16:24","slug":"figueira-como-parque","status":"publish","type":"product","link":"https:\/\/www.irdin.org.br\/site\/produtos\/figueira-como-parque\/","title":{"rendered":"Figueira como Parque"},"content":{"rendered":"<p><em>O valor das matas preservadas para o Plano Evolutivo: podem transformar-se em laborat\u00f3rios para a implanta\u00e7\u00e3o de novas esp\u00e9cies e exercer verdadeiras curas. Devas e outros seres ajudam invisivelmente na harmoniza\u00e7\u00e3o e progresso dessas \u00e1reas.<\/em><\/p>\n<p>&nbsp;<br \/>\n<strong>Ou\u00e7a agora:<\/strong><\/p>\n<p><span data-href=\"https:\/\/www.irdin.org.br\/site\/envios\/audios\/0020_0077__por_por__figueira_como_parque.mp3\" data-title=\"figueira como parque\" data-rel=\"\" data-target=\"\" data-meta=\"#fap-meta-69e394981f44c\" class=\"fap-single-track fap-track-button fap-play-button\" data-enqueue=\"no\" data-autoenqueue=\"no\" title=\"figueira como parque\"><span class=\"fap-icon-play\"><\/span>Ouvir<\/span> <a href=\"https:\/\/www.irdin.org.br\/site\/envios\/audios\/0020_0077__por_por__figueira_como_parque.mp3\" class=\"baixar\" download><span class=\"fa fa-arrow-down\"><\/span>Baixar<\/span><\/a> <span class=\"textobaixar\"> figueira como parque<\/span><\/p>\n<p>&nbsp;<\/p>\n","protected":false},"excerpt":{"rendered":"<p>O valor das matas preservadas para o Plano Evolutivo: podem transformar-se em laborat\u00f3rios para a implanta\u00e7\u00e3o de novas esp\u00e9cies e<\/p>\n","protected":false},"featured_media":37803,"template":"","meta":{"_acf_changed":false},"product_brand":[],"product_cat":[18076,43099,33068],"product_tag":[39323],"class_list":{"0":"post-82993","1":"product","2":"type-product","3":"status-publish","4":"has-post-thumbnail","6":"product_cat-cddvd","7":"product_cat-palestras-cddvd","8":"product_cat-palestras","9":"product_tag-39323","10":"pa_autor-trigueirinho","11":"pa_codigo-da-serie-32786","12":"pa_codigo-externo-00200077porcd","13":"pa_data-de-gravacao-20434","14":"pa_duracao-24min","15":"pa_idioma-de-destino-portugues","16":"pa_idioma-de-origem-portugues","17":"pa_lancamento-no","18":"pa_midia-cd","19":"pa_moac-39322","20":"pa_quantidade-de-saldo-33067","21":"pa_sequencial-da-serie-32781","22":"pa_tipo-de-traducao-nao-classificado","24":"first","25":"outofstock","26":"product-type-simple"},"acf":[],"_links":{"self":[{"href":"https:\/\/www.irdin.org.br\/site\/wp-json\/wp\/v2\/product\/82993","targetHints":{"allow":["GET"]}}],"collection":[{"href":"https:\/\/www.irdin.org.br\/site\/wp-json\/wp\/v2\/product"}],"about":[{"href":"https:\/\/www.irdin.org.br\/site\/wp-json\/wp\/v2\/types\/product"}],"version-history":[{"count":1,"href":"https:\/\/www.irdin.org.br\/site\/wp-json\/wp\/v2\/product\/82993\/revisions"}],"predecessor-version":[{"id":107665,"href":"https:\/\/www.irdin.org.br\/site\/wp-json\/wp\/v2\/product\/82993\/revisions\/107665"}],"wp:featuredmedia":[{"embeddable":true,"href":"https:\/\/www.irdin.org.br\/site\/wp-json\/wp\/v2\/media\/37803"}],"wp:attachment":[{"href":"https:\/\/www.irdin.org.br\/site\/wp-json\/wp\/v2\/media?parent=82993"}],"wp:term":[{"taxonomy":"product_brand","embeddable":true,"href":"https:\/\/www.irdin.org.br\/site\/wp-json\/wp\/v2\/product_brand?post=82993"},{"taxonomy":"product_cat","embeddable":true,"href":"https:\/\/www.irdin.org.br\/site\/wp-json\/wp\/v2\/product_cat?post=82993"},{"taxonomy":"product_tag","embeddable":true,"href":"https:\/\/www.irdin.org.br\/site\/wp-json\/wp\/v2\/product_tag?post=82993"}],"curies":[{"name":"wp","href":"https:\/\/api.w.org\/{rel}","templated":true}]}}