{"id":83006,"date":"2018-04-26T18:14:44","date_gmt":"2018-04-26T18:14:44","guid":{"rendered":"http:\/\/www.irdin.org.br\/site\/produto\/a-estrutura-espiritual-de-figueira\/"},"modified":"2024-07-21T23:11:17","modified_gmt":"2024-07-21T23:11:17","slug":"a-estrutura-espiritual-de-figueira","status":"publish","type":"product","link":"https:\/\/www.irdin.org.br\/site\/produtos\/a-estrutura-espiritual-de-figueira\/","title":{"rendered":"A estrutura espiritual de Figueira"},"content":{"rendered":"<p><em>Os reflexos do centro planet\u00e1rio Mirna Jad: como as Hierarquias espirituais conduzem os seres humanos \u00e0 evolu\u00e7\u00e3o superior e como eles podem ser fraternos mantendo na alma as ra\u00edzes da pr\u00f3pria vida.<\/em><\/p>\n<p>&nbsp;<br \/>\n<strong>Ou\u00e7a agora:<\/strong><\/p>\n<p><span data-href=\"https:\/\/www.irdin.org.br\/site\/envios\/audios\/0020_0089__por_por__a_estrutura_espiritual_de_figueira.mp3\" data-title=\"a estrutura espiritual de figueira\" data-rel=\"\" data-target=\"\" data-meta=\"#fap-meta-69e60d22625a9\" class=\"fap-single-track fap-track-button fap-play-button\" data-enqueue=\"no\" data-autoenqueue=\"no\" title=\"a estrutura espiritual de figueira\"><span class=\"fap-icon-play\"><\/span>Ouvir<\/span> <a href=\"https:\/\/www.irdin.org.br\/site\/envios\/audios\/0020_0089__por_por__a_estrutura_espiritual_de_figueira.mp3\" class=\"baixar\" download><span class=\"fa fa-arrow-down\"><\/span>Baixar<\/span><\/a> <span class=\"textobaixar\"> a estrutura espiritual de figueira<\/span><\/p>\n<p>&nbsp;<\/p>\n","protected":false},"excerpt":{"rendered":"<p>Os reflexos do centro planet\u00e1rio Mirna Jad: como as Hierarquias espirituais conduzem os seres humanos \u00e0 evolu\u00e7\u00e3o superior e como<\/p>\n","protected":false},"featured_media":37803,"template":"","meta":{"_acf_changed":false},"product_brand":[],"product_cat":[18076,33068],"product_tag":[39349],"class_list":{"0":"post-83006","1":"product","2":"type-product","3":"status-publish","4":"has-post-thumbnail","6":"product_cat-cddvd","7":"product_cat-palestras","8":"product_tag-39349","9":"pa_autor-trigueirinho","10":"pa_codigo-da-serie-32786","11":"pa_codigo-externo-00200089porcd","12":"pa_data-de-gravacao-20479","13":"pa_duracao-45min","14":"pa_idioma-de-destino-portugues","15":"pa_idioma-de-origem-portugues","16":"pa_lancamento-no","17":"pa_midia-cd","18":"pa_moac-39348","19":"pa_quantidade-de-saldo-33067","20":"pa_sequencial-da-serie-32795","21":"pa_tipo-de-traducao-nao-classificado","23":"first","24":"outofstock","25":"product-type-simple"},"acf":[],"_links":{"self":[{"href":"https:\/\/www.irdin.org.br\/site\/wp-json\/wp\/v2\/product\/83006","targetHints":{"allow":["GET"]}}],"collection":[{"href":"https:\/\/www.irdin.org.br\/site\/wp-json\/wp\/v2\/product"}],"about":[{"href":"https:\/\/www.irdin.org.br\/site\/wp-json\/wp\/v2\/types\/product"}],"version-history":[{"count":2,"href":"https:\/\/www.irdin.org.br\/site\/wp-json\/wp\/v2\/product\/83006\/revisions"}],"predecessor-version":[{"id":106700,"href":"https:\/\/www.irdin.org.br\/site\/wp-json\/wp\/v2\/product\/83006\/revisions\/106700"}],"wp:featuredmedia":[{"embeddable":true,"href":"https:\/\/www.irdin.org.br\/site\/wp-json\/wp\/v2\/media\/37803"}],"wp:attachment":[{"href":"https:\/\/www.irdin.org.br\/site\/wp-json\/wp\/v2\/media?parent=83006"}],"wp:term":[{"taxonomy":"product_brand","embeddable":true,"href":"https:\/\/www.irdin.org.br\/site\/wp-json\/wp\/v2\/product_brand?post=83006"},{"taxonomy":"product_cat","embeddable":true,"href":"https:\/\/www.irdin.org.br\/site\/wp-json\/wp\/v2\/product_cat?post=83006"},{"taxonomy":"product_tag","embeddable":true,"href":"https:\/\/www.irdin.org.br\/site\/wp-json\/wp\/v2\/product_tag?post=83006"}],"curies":[{"name":"wp","href":"https:\/\/api.w.org\/{rel}","templated":true}]}}