{"id":83008,"date":"2018-04-26T18:14:44","date_gmt":"2018-04-26T18:14:44","guid":{"rendered":"http:\/\/www.irdin.org.br\/site\/produto\/tesouros-dos-mundos-internos\/"},"modified":"2025-03-15T23:27:05","modified_gmt":"2025-03-15T23:27:05","slug":"tesouros-dos-mundos-internos","status":"publish","type":"product","link":"https:\/\/www.irdin.org.br\/site\/produtos\/tesouros-dos-mundos-internos\/","title":{"rendered":"Tesouros dos mundos internos"},"content":{"rendered":"<p><em>A import\u00e2ncia de nos conscientizarmos de realidades profundas e do servi\u00e7o a prestar e de cultivarmos novas id\u00e9ias e processos de cura c\u00f3smica que nos integram em vida mais ampla, extraterrestre.<\/em><\/p>\n<p>&nbsp;<br \/>\n<strong>Ou\u00e7a agora:<\/strong><\/p>\n<p><span data-href=\"https:\/\/www.irdin.org.br\/site\/envios\/audios\/0020_0091__por_por__tesouros_dos_mundos_internos.mp3\" data-title=\"tesouros dos mundos internos\" data-rel=\"\" data-target=\"\" data-meta=\"#fap-meta-69e2b10885658\" class=\"fap-single-track fap-track-button fap-play-button\" data-enqueue=\"no\" data-autoenqueue=\"no\" title=\"tesouros dos mundos internos\"><span class=\"fap-icon-play\"><\/span>Ouvir<\/span> <a href=\"https:\/\/www.irdin.org.br\/site\/envios\/audios\/0020_0091__por_por__tesouros_dos_mundos_internos.mp3\" class=\"baixar\" download><span class=\"fa fa-arrow-down\"><\/span>Baixar<\/span><\/a> <span class=\"textobaixar\"> tesouros dos mundos internos<\/span><\/p>\n<p>&nbsp;<\/p>\n","protected":false},"excerpt":{"rendered":"<p>A import\u00e2ncia de nos conscientizarmos de realidades profundas e do servi\u00e7o a prestar e de cultivarmos novas id\u00e9ias e processos<\/p>\n","protected":false},"featured_media":37803,"template":"","meta":{"_acf_changed":false},"product_brand":[],"product_cat":[18076,33068],"product_tag":[39353],"class_list":{"0":"post-83008","1":"product","2":"type-product","3":"status-publish","4":"has-post-thumbnail","6":"product_cat-cddvd","7":"product_cat-palestras","8":"product_tag-39353","9":"pa_autor-trigueirinho","10":"pa_codigo-da-serie-32786","11":"pa_codigo-externo-00200091porcd","12":"pa_data-de-gravacao-20487","13":"pa_duracao-42min","14":"pa_idioma-de-destino-portugues","15":"pa_idioma-de-origem-portugues","16":"pa_lancamento-no","17":"pa_midia-cd","18":"pa_moac-39352","19":"pa_quantidade-de-saldo-33067","20":"pa_sequencial-da-serie-32797","21":"pa_tipo-de-traducao-nao-classificado","23":"first","24":"outofstock","25":"product-type-simple"},"acf":[],"_links":{"self":[{"href":"https:\/\/www.irdin.org.br\/site\/wp-json\/wp\/v2\/product\/83008","targetHints":{"allow":["GET"]}}],"collection":[{"href":"https:\/\/www.irdin.org.br\/site\/wp-json\/wp\/v2\/product"}],"about":[{"href":"https:\/\/www.irdin.org.br\/site\/wp-json\/wp\/v2\/types\/product"}],"version-history":[{"count":1,"href":"https:\/\/www.irdin.org.br\/site\/wp-json\/wp\/v2\/product\/83008\/revisions"}],"predecessor-version":[{"id":109135,"href":"https:\/\/www.irdin.org.br\/site\/wp-json\/wp\/v2\/product\/83008\/revisions\/109135"}],"wp:featuredmedia":[{"embeddable":true,"href":"https:\/\/www.irdin.org.br\/site\/wp-json\/wp\/v2\/media\/37803"}],"wp:attachment":[{"href":"https:\/\/www.irdin.org.br\/site\/wp-json\/wp\/v2\/media?parent=83008"}],"wp:term":[{"taxonomy":"product_brand","embeddable":true,"href":"https:\/\/www.irdin.org.br\/site\/wp-json\/wp\/v2\/product_brand?post=83008"},{"taxonomy":"product_cat","embeddable":true,"href":"https:\/\/www.irdin.org.br\/site\/wp-json\/wp\/v2\/product_cat?post=83008"},{"taxonomy":"product_tag","embeddable":true,"href":"https:\/\/www.irdin.org.br\/site\/wp-json\/wp\/v2\/product_tag?post=83008"}],"curies":[{"name":"wp","href":"https:\/\/api.w.org\/{rel}","templated":true}]}}