{"id":83010,"date":"2018-04-26T18:14:44","date_gmt":"2018-04-26T18:14:44","guid":{"rendered":"http:\/\/www.irdin.org.br\/site\/produto\/nos-e-as-energias-em-figueira-e-na-casa-luz-da-colina\/"},"modified":"2025-03-15T23:27:30","modified_gmt":"2025-03-15T23:27:30","slug":"nos-e-as-energias-em-figueira-e-na-casa-luz-da-colina","status":"publish","type":"product","link":"https:\/\/www.irdin.org.br\/site\/produtos\/nos-e-as-energias-em-figueira-e-na-casa-luz-da-colina\/","title":{"rendered":"N\u00f3s e as energias em Figueira e na Casa Luz da Colina"},"content":{"rendered":"<p><em>A uni\u00e3o de duas distintas express\u00f5es do trabalho evolutivo desenvolvidas sob a influ\u00eancia dos centros planet\u00e1rios. A descoberta de novos aspectos curativos da energia Brill nas etapas que se anunciam.<\/em><\/p>\n<p>&nbsp;<br \/>\n<strong>Ou\u00e7a agora:<\/strong><\/p>\n<p><span data-href=\"https:\/\/www.irdin.org.br\/site\/envios\/audios\/0020_0093__por_por__nos_e_as_energias_em_figueira_e_na_casa_luz_da_colina.mp3\" data-title=\"n\u00f3s e as energias em figueira e na casa luz da colina\" data-rel=\"\" data-target=\"\" data-meta=\"#fap-meta-69e3418dab0fc\" class=\"fap-single-track fap-track-button fap-play-button\" data-enqueue=\"no\" data-autoenqueue=\"no\" title=\"n\u00f3s e as energias em figueira e na casa luz da colina\"><span class=\"fap-icon-play\"><\/span>Ouvir<\/span> <a href=\"https:\/\/www.irdin.org.br\/site\/envios\/audios\/0020_0093__por_por__nos_e_as_energias_em_figueira_e_na_casa_luz_da_colina.mp3\" class=\"baixar\" download><span class=\"fa fa-arrow-down\"><\/span>Baixar<\/span><\/a> <span class=\"textobaixar\"> n\u00f3s e as energias em figueira e na casa luz da colina<\/span><\/p>\n<p>&nbsp;<\/p>\n","protected":false},"excerpt":{"rendered":"<p>A uni\u00e3o de duas distintas express\u00f5es do trabalho evolutivo desenvolvidas sob a influ\u00eancia dos centros planet\u00e1rios. A descoberta de novos<\/p>\n","protected":false},"featured_media":37803,"template":"","meta":{"_acf_changed":false},"product_brand":[],"product_cat":[18076,33068],"product_tag":[39357],"class_list":{"0":"post-83010","1":"product","2":"type-product","3":"status-publish","4":"has-post-thumbnail","6":"product_cat-cddvd","7":"product_cat-palestras","8":"product_tag-39357","9":"pa_autor-trigueirinho","10":"pa_codigo-da-serie-32786","11":"pa_codigo-externo-00200093porcd","12":"pa_data-de-gravacao-20495","13":"pa_duracao-37min","14":"pa_idioma-de-destino-portugues","15":"pa_idioma-de-origem-portugues","16":"pa_lancamento-no","17":"pa_midia-cd","18":"pa_moac-39356","19":"pa_quantidade-de-saldo-33067","20":"pa_sequencial-da-serie-32136","21":"pa_tipo-de-traducao-nao-classificado","23":"first","24":"outofstock","25":"product-type-simple"},"acf":[],"_links":{"self":[{"href":"https:\/\/www.irdin.org.br\/site\/wp-json\/wp\/v2\/product\/83010","targetHints":{"allow":["GET"]}}],"collection":[{"href":"https:\/\/www.irdin.org.br\/site\/wp-json\/wp\/v2\/product"}],"about":[{"href":"https:\/\/www.irdin.org.br\/site\/wp-json\/wp\/v2\/types\/product"}],"version-history":[{"count":1,"href":"https:\/\/www.irdin.org.br\/site\/wp-json\/wp\/v2\/product\/83010\/revisions"}],"predecessor-version":[{"id":109137,"href":"https:\/\/www.irdin.org.br\/site\/wp-json\/wp\/v2\/product\/83010\/revisions\/109137"}],"wp:featuredmedia":[{"embeddable":true,"href":"https:\/\/www.irdin.org.br\/site\/wp-json\/wp\/v2\/media\/37803"}],"wp:attachment":[{"href":"https:\/\/www.irdin.org.br\/site\/wp-json\/wp\/v2\/media?parent=83010"}],"wp:term":[{"taxonomy":"product_brand","embeddable":true,"href":"https:\/\/www.irdin.org.br\/site\/wp-json\/wp\/v2\/product_brand?post=83010"},{"taxonomy":"product_cat","embeddable":true,"href":"https:\/\/www.irdin.org.br\/site\/wp-json\/wp\/v2\/product_cat?post=83010"},{"taxonomy":"product_tag","embeddable":true,"href":"https:\/\/www.irdin.org.br\/site\/wp-json\/wp\/v2\/product_tag?post=83010"}],"curies":[{"name":"wp","href":"https:\/\/api.w.org\/{rel}","templated":true}]}}