{"id":83014,"date":"2018-04-26T18:14:44","date_gmt":"2018-04-26T18:14:44","guid":{"rendered":"http:\/\/www.irdin.org.br\/site\/produto\/musicas-e-canticos-em-figueira\/"},"modified":"2025-03-15T23:28:03","modified_gmt":"2025-03-15T23:28:03","slug":"musicas-e-canticos-em-figueira","status":"publish","type":"product","link":"https:\/\/www.irdin.org.br\/site\/produtos\/musicas-e-canticos-em-figueira\/","title":{"rendered":"M\u00fasicas e c\u00e2nticos em Figueira"},"content":{"rendered":"<p><em>Como penetrar o mist\u00e9rio do som? Como converter a m\u00fasica em pura ora\u00e7\u00e3o? E como, a partir da\u00ed, perceber a presen\u00e7a de Irm\u00e3os do Cosmos em nossa vida?<\/em><\/p>\n<p>&nbsp;<br \/>\n<strong>Ou\u00e7a agora:<\/strong><\/p>\n<p><span data-href=\"https:\/\/www.irdin.org.br\/site\/envios\/audios\/0020_0097__por_por__musicas_e_canticos_em_figueira.mp3\" data-title=\"m\u00fasicas e c\u00e2nticos em figueira\" data-rel=\"\" data-target=\"\" data-meta=\"#fap-meta-69e354efea7d9\" class=\"fap-single-track fap-track-button fap-play-button\" data-enqueue=\"no\" data-autoenqueue=\"no\" title=\"m\u00fasicas e c\u00e2nticos em figueira\"><span class=\"fap-icon-play\"><\/span>Ouvir<\/span> <a href=\"https:\/\/www.irdin.org.br\/site\/envios\/audios\/0020_0097__por_por__musicas_e_canticos_em_figueira.mp3\" class=\"baixar\" download><span class=\"fa fa-arrow-down\"><\/span>Baixar<\/span><\/a> <span class=\"textobaixar\"> m\u00fasicas e c\u00e2nticos em figueira<\/span><\/p>\n<p>&nbsp;<\/p>\n","protected":false},"excerpt":{"rendered":"<p>Como penetrar o mist\u00e9rio do som? Como converter a m\u00fasica em pura ora\u00e7\u00e3o? E como, a partir da\u00ed, perceber a<\/p>\n","protected":false},"featured_media":37803,"template":"","meta":{"_acf_changed":false},"product_brand":[],"product_cat":[18076,33068],"product_tag":[39365],"class_list":{"0":"post-83014","1":"product","2":"type-product","3":"status-publish","4":"has-post-thumbnail","6":"product_cat-cddvd","7":"product_cat-palestras","8":"product_tag-39365","9":"pa_autor-trigueirinho","10":"pa_codigo-da-serie-32786","11":"pa_codigo-externo-00200097porcd","12":"pa_data-de-gravacao-20509","13":"pa_duracao-59min","14":"pa_idioma-de-destino-portugues","15":"pa_idioma-de-origem-portugues","16":"pa_lancamento-no","17":"pa_midia-cd","18":"pa_moac-39364","19":"pa_quantidade-de-saldo-33067","20":"pa_sequencial-da-serie-32143","21":"pa_tipo-de-traducao-nao-classificado","23":"first","24":"outofstock","25":"product-type-simple"},"acf":[],"_links":{"self":[{"href":"https:\/\/www.irdin.org.br\/site\/wp-json\/wp\/v2\/product\/83014","targetHints":{"allow":["GET"]}}],"collection":[{"href":"https:\/\/www.irdin.org.br\/site\/wp-json\/wp\/v2\/product"}],"about":[{"href":"https:\/\/www.irdin.org.br\/site\/wp-json\/wp\/v2\/types\/product"}],"version-history":[{"count":1,"href":"https:\/\/www.irdin.org.br\/site\/wp-json\/wp\/v2\/product\/83014\/revisions"}],"predecessor-version":[{"id":109141,"href":"https:\/\/www.irdin.org.br\/site\/wp-json\/wp\/v2\/product\/83014\/revisions\/109141"}],"wp:featuredmedia":[{"embeddable":true,"href":"https:\/\/www.irdin.org.br\/site\/wp-json\/wp\/v2\/media\/37803"}],"wp:attachment":[{"href":"https:\/\/www.irdin.org.br\/site\/wp-json\/wp\/v2\/media?parent=83014"}],"wp:term":[{"taxonomy":"product_brand","embeddable":true,"href":"https:\/\/www.irdin.org.br\/site\/wp-json\/wp\/v2\/product_brand?post=83014"},{"taxonomy":"product_cat","embeddable":true,"href":"https:\/\/www.irdin.org.br\/site\/wp-json\/wp\/v2\/product_cat?post=83014"},{"taxonomy":"product_tag","embeddable":true,"href":"https:\/\/www.irdin.org.br\/site\/wp-json\/wp\/v2\/product_tag?post=83014"}],"curies":[{"name":"wp","href":"https:\/\/api.w.org\/{rel}","templated":true}]}}