{"id":83015,"date":"2018-04-26T18:14:44","date_gmt":"2018-04-26T18:14:44","guid":{"rendered":"http:\/\/www.irdin.org.br\/site\/produto\/colaboracao-com-a-hierarquia-espiritual\/"},"modified":"2025-03-15T23:28:10","modified_gmt":"2025-03-15T23:28:10","slug":"colaboracao-com-a-hierarquia-espiritual","status":"publish","type":"product","link":"https:\/\/www.irdin.org.br\/site\/produtos\/colaboracao-com-a-hierarquia-espiritual\/","title":{"rendered":"Colabora\u00e7\u00e3o com a Hierarquia espiritual"},"content":{"rendered":"<p><em>Em Figueira, a interliga\u00e7\u00e3o dos n\u00edveis de exist\u00eancia, os trabalhos de cura, a harmonia com os reinos da Natureza, o acolhimento de pessoas, a sintonia com os devas e a manifesta\u00e7\u00e3o dos Monast\u00e9rios.<\/em><\/p>\n<p>&nbsp;<br \/>\n<strong>Ou\u00e7a agora:<\/strong><\/p>\n<p><span data-href=\"https:\/\/www.irdin.org.br\/site\/envios\/audios\/0020_0098__por_por__colaboracao_com_a_hierarquia_espiritual.mp3\" data-title=\"colabora\u00e7\u00e3o com a hierarquia espiritual\" data-rel=\"\" data-target=\"\" data-meta=\"#fap-meta-6a059e20684df\" class=\"fap-single-track fap-track-button fap-play-button\" data-enqueue=\"no\" data-autoenqueue=\"no\" title=\"colabora\u00e7\u00e3o com a hierarquia espiritual\"><span class=\"fap-icon-play\"><\/span>Ouvir<\/span> <a href=\"https:\/\/www.irdin.org.br\/site\/envios\/audios\/0020_0098__por_por__colaboracao_com_a_hierarquia_espiritual.mp3\" class=\"baixar\" download><span class=\"fa fa-arrow-down\"><\/span>Baixar<\/span><\/a> <span class=\"textobaixar\"> colabora\u00e7\u00e3o com a hierarquia espiritual<\/span><\/p>\n<p>&nbsp;<\/p>\n","protected":false},"excerpt":{"rendered":"<p>Em Figueira, a interliga\u00e7\u00e3o dos n\u00edveis de exist\u00eancia, os trabalhos de cura, a harmonia com os reinos da Natureza, o<\/p>\n","protected":false},"featured_media":37803,"template":"","meta":{"_acf_changed":false},"product_brand":[],"product_cat":[18076,33068],"product_tag":[39367],"class_list":{"0":"post-83015","1":"product","2":"type-product","3":"status-publish","4":"has-post-thumbnail","6":"product_cat-cddvd","7":"product_cat-palestras","8":"product_tag-39367","9":"pa_autor-trigueirinho","10":"pa_codigo-da-serie-32786","11":"pa_codigo-externo-00200098porcd","12":"pa_data-de-gravacao-20512","13":"pa_duracao-34min","14":"pa_idioma-de-destino-portugues","15":"pa_idioma-de-origem-portugues","16":"pa_lancamento-no","17":"pa_midia-cd","18":"pa_moac-39366","19":"pa_quantidade-de-saldo-33067","20":"pa_sequencial-da-serie-32144","21":"pa_tipo-de-traducao-nao-classificado","23":"first","24":"outofstock","25":"product-type-simple"},"acf":[],"_links":{"self":[{"href":"https:\/\/www.irdin.org.br\/site\/wp-json\/wp\/v2\/product\/83015","targetHints":{"allow":["GET"]}}],"collection":[{"href":"https:\/\/www.irdin.org.br\/site\/wp-json\/wp\/v2\/product"}],"about":[{"href":"https:\/\/www.irdin.org.br\/site\/wp-json\/wp\/v2\/types\/product"}],"version-history":[{"count":1,"href":"https:\/\/www.irdin.org.br\/site\/wp-json\/wp\/v2\/product\/83015\/revisions"}],"predecessor-version":[{"id":109142,"href":"https:\/\/www.irdin.org.br\/site\/wp-json\/wp\/v2\/product\/83015\/revisions\/109142"}],"wp:featuredmedia":[{"embeddable":true,"href":"https:\/\/www.irdin.org.br\/site\/wp-json\/wp\/v2\/media\/37803"}],"wp:attachment":[{"href":"https:\/\/www.irdin.org.br\/site\/wp-json\/wp\/v2\/media?parent=83015"}],"wp:term":[{"taxonomy":"product_brand","embeddable":true,"href":"https:\/\/www.irdin.org.br\/site\/wp-json\/wp\/v2\/product_brand?post=83015"},{"taxonomy":"product_cat","embeddable":true,"href":"https:\/\/www.irdin.org.br\/site\/wp-json\/wp\/v2\/product_cat?post=83015"},{"taxonomy":"product_tag","embeddable":true,"href":"https:\/\/www.irdin.org.br\/site\/wp-json\/wp\/v2\/product_tag?post=83015"}],"curies":[{"name":"wp","href":"https:\/\/api.w.org\/{rel}","templated":true}]}}