{"id":83018,"date":"2018-04-26T18:15:01","date_gmt":"2018-04-26T18:15:01","guid":{"rendered":"http:\/\/www.irdin.org.br\/site\/produto\/o-novo-comeco-do-mundo\/"},"modified":"2025-03-15T22:42:21","modified_gmt":"2025-03-15T22:42:21","slug":"o-novo-comeco-do-mundo","status":"publish","type":"product","link":"https:\/\/www.irdin.org.br\/site\/produtos\/o-novo-comeco-do-mundo\/","title":{"rendered":"O novo come\u00e7o do mundo"},"content":{"rendered":"<p><em>Para que o homem terrestre possa corresponder \u00e0 ordem do universo, um novo c\u00f3digo gen\u00e9tico lhe est\u00e1 sendo implantado na consci\u00eancia com a participa\u00e7\u00e3o de Hierarquias estelares.<\/em><\/p>\n<p>&nbsp;<br \/>\n<strong>Ou\u00e7a agora:<\/strong><\/p>\n<p><span data-href=\"https:\/\/www.irdin.org.br\/site\/envios\/audios\/0032_0055__por_por__o_novo_comeco_do_mundo.mp3\" data-title=\"o novo come\u00e7o do mundo\" data-rel=\"\" data-target=\"\" data-meta=\"#fap-meta-69fe247ecd665\" class=\"fap-single-track fap-track-button fap-play-button\" data-enqueue=\"no\" data-autoenqueue=\"no\" title=\"o novo come\u00e7o do mundo\"><span class=\"fap-icon-play\"><\/span>Ouvir<\/span> <a href=\"https:\/\/www.irdin.org.br\/site\/envios\/audios\/0032_0055__por_por__o_novo_comeco_do_mundo.mp3\" class=\"baixar\"><span class=\"fa fa-arrow-down\"><\/span>Baixar<\/span><\/a> <span class=\"textobaixar\"> o novo come\u00e7o do mundo<\/span><\/p>\n<p>&nbsp;<\/p>\n","protected":false},"excerpt":{"rendered":"<p>Para que o homem terrestre possa corresponder \u00e0 ordem do universo, um novo c\u00f3digo gen\u00e9tico lhe est\u00e1 sendo implantado na<\/p>\n","protected":false},"featured_media":37803,"template":"","meta":{"_acf_changed":false},"product_brand":[],"product_cat":[18076,33068],"product_tag":[39373],"class_list":{"0":"post-83018","1":"product","2":"type-product","3":"status-publish","4":"has-post-thumbnail","6":"product_cat-cddvd","7":"product_cat-palestras","8":"product_tag-39373","9":"pa_autor-trigueirinho","10":"pa_codigo-da-serie-32788","11":"pa_data-de-gravacao-21608","12":"pa_idioma-de-destino-portugues","13":"pa_lancamento-no","14":"pa_midia-cd","15":"pa_moac-39372","16":"pa_quantidade-de-saldo-33067","17":"pa_sequencial-da-serie-31957","18":"pa_tipo-de-traducao-nao-classificado","20":"first","21":"outofstock","22":"product-type-simple"},"acf":[],"_links":{"self":[{"href":"https:\/\/www.irdin.org.br\/site\/wp-json\/wp\/v2\/product\/83018","targetHints":{"allow":["GET"]}}],"collection":[{"href":"https:\/\/www.irdin.org.br\/site\/wp-json\/wp\/v2\/product"}],"about":[{"href":"https:\/\/www.irdin.org.br\/site\/wp-json\/wp\/v2\/types\/product"}],"version-history":[{"count":1,"href":"https:\/\/www.irdin.org.br\/site\/wp-json\/wp\/v2\/product\/83018\/revisions"}],"predecessor-version":[{"id":109111,"href":"https:\/\/www.irdin.org.br\/site\/wp-json\/wp\/v2\/product\/83018\/revisions\/109111"}],"wp:featuredmedia":[{"embeddable":true,"href":"https:\/\/www.irdin.org.br\/site\/wp-json\/wp\/v2\/media\/37803"}],"wp:attachment":[{"href":"https:\/\/www.irdin.org.br\/site\/wp-json\/wp\/v2\/media?parent=83018"}],"wp:term":[{"taxonomy":"product_brand","embeddable":true,"href":"https:\/\/www.irdin.org.br\/site\/wp-json\/wp\/v2\/product_brand?post=83018"},{"taxonomy":"product_cat","embeddable":true,"href":"https:\/\/www.irdin.org.br\/site\/wp-json\/wp\/v2\/product_cat?post=83018"},{"taxonomy":"product_tag","embeddable":true,"href":"https:\/\/www.irdin.org.br\/site\/wp-json\/wp\/v2\/product_tag?post=83018"}],"curies":[{"name":"wp","href":"https:\/\/api.w.org\/{rel}","templated":true}]}}