{"id":83019,"date":"2018-04-26T18:15:01","date_gmt":"2018-04-26T18:15:01","guid":{"rendered":"http:\/\/www.irdin.org.br\/site\/produto\/novos-oraculos\/"},"modified":"2020-01-16T16:52:53","modified_gmt":"2020-01-16T16:52:53","slug":"novos-oraculos","status":"publish","type":"product","link":"https:\/\/www.irdin.org.br\/site\/produtos\/novos-oraculos\/","title":{"rendered":"Novos or\u00e1culos"},"content":{"rendered":"<p><em>\u00c0 medida que avan\u00e7amos no caminho, passamos a receber aten\u00e7\u00e3o especial dos instrutores internos, e eles encontram os meios de canalizar o Ensinamento para n\u00f3s. Os or\u00e1culos de hoje nos levam al\u00e9m dos esquemas terrestres e a leis eternas, sempre vivas e atuais.<\/em><\/p>\n<p>&nbsp;<br \/>\n<strong>Ou\u00e7a agora:<\/strong><\/p>\n<p><span data-href=\"https:\/\/www.irdin.org.br\/site\/envios\/audios\/0032_0056__por_por__novos_oraculos.mp3\" data-title=\"novos or\u00e1culos\" data-rel=\"\" data-target=\"\" data-meta=\"#fap-meta-69fe11a825bd4\" class=\"fap-single-track fap-track-button fap-play-button\" data-enqueue=\"no\" data-autoenqueue=\"no\" title=\"novos or\u00e1culos\"><span class=\"fap-icon-play\"><\/span>Ouvir<\/span> <a href=\"https:\/\/www.irdin.org.br\/site\/envios\/audios\/0032_0056__por_por__novos_oraculos.mp3\" class=\"baixar\" download><span class=\"fa fa-arrow-down\"><\/span>Baixar<\/span><\/a> <span class=\"textobaixar\"> novos or\u00e1culos<\/span><\/p>\n<p>&nbsp;<\/p>\n","protected":false},"excerpt":{"rendered":"<p>\u00c0 medida que avan\u00e7amos no caminho, passamos a receber aten\u00e7\u00e3o especial dos instrutores internos, e eles encontram os meios de<\/p>\n","protected":false},"featured_media":37803,"template":"","meta":{"_acf_changed":false},"product_brand":[],"product_cat":[18076,33068],"product_tag":[39375],"class_list":{"0":"post-83019","1":"product","2":"type-product","3":"status-publish","4":"has-post-thumbnail","6":"product_cat-cddvd","7":"product_cat-palestras","8":"product_tag-39375","9":"pa_autor-trigueirinho","10":"pa_codigo-da-serie-32788","11":"pa_data-de-gravacao-26091","12":"pa_idioma-de-destino-portugues","13":"pa_lancamento-no","14":"pa_midia-cd","15":"pa_moac-39374","16":"pa_quantidade-de-saldo-33067","17":"pa_sequencial-da-serie-31931","18":"pa_tipo-de-traducao-nao-classificado","20":"first","21":"outofstock","22":"product-type-simple"},"acf":[],"_links":{"self":[{"href":"https:\/\/www.irdin.org.br\/site\/wp-json\/wp\/v2\/product\/83019","targetHints":{"allow":["GET"]}}],"collection":[{"href":"https:\/\/www.irdin.org.br\/site\/wp-json\/wp\/v2\/product"}],"about":[{"href":"https:\/\/www.irdin.org.br\/site\/wp-json\/wp\/v2\/types\/product"}],"version-history":[{"count":0,"href":"https:\/\/www.irdin.org.br\/site\/wp-json\/wp\/v2\/product\/83019\/revisions"}],"wp:featuredmedia":[{"embeddable":true,"href":"https:\/\/www.irdin.org.br\/site\/wp-json\/wp\/v2\/media\/37803"}],"wp:attachment":[{"href":"https:\/\/www.irdin.org.br\/site\/wp-json\/wp\/v2\/media?parent=83019"}],"wp:term":[{"taxonomy":"product_brand","embeddable":true,"href":"https:\/\/www.irdin.org.br\/site\/wp-json\/wp\/v2\/product_brand?post=83019"},{"taxonomy":"product_cat","embeddable":true,"href":"https:\/\/www.irdin.org.br\/site\/wp-json\/wp\/v2\/product_cat?post=83019"},{"taxonomy":"product_tag","embeddable":true,"href":"https:\/\/www.irdin.org.br\/site\/wp-json\/wp\/v2\/product_tag?post=83019"}],"curies":[{"name":"wp","href":"https:\/\/api.w.org\/{rel}","templated":true}]}}