{"id":83024,"date":"2018-04-26T18:15:01","date_gmt":"2018-04-26T18:15:01","guid":{"rendered":"http:\/\/www.irdin.org.br\/site\/produto\/a-nave-de-noe\/"},"modified":"2025-03-15T22:43:47","modified_gmt":"2025-03-15T22:43:47","slug":"a-nave-de-noe","status":"publish","type":"product","link":"https:\/\/www.irdin.org.br\/site\/produtos\/a-nave-de-noe\/","title":{"rendered":"A nave de No\u00e9"},"content":{"rendered":"<p><em>Encontramo-nos hoje, na Terra, em situa\u00e7\u00e3o semelhante \u00e0 da \u00e9poca do dil\u00favio. Temos ajuda para ampliar a consci\u00eancia e ingressar em planos de vida elevados. Imagina\u00e7\u00e3o e intui\u00e7\u00e3o est\u00e3o sendo estimuladas a fim de buscarmos dentro de n\u00f3s todas as respostas e solu\u00e7\u00f5es necess\u00e1rias.<\/em><\/p>\n<p>&nbsp;<br \/>\n<strong>Ou\u00e7a agora:<\/strong><\/p>\n<p><span data-href=\"https:\/\/www.irdin.org.br\/site\/envios\/audios\/0032_0061__por_por__a_nave_de_noe.mp3\" data-title=\"a nave de no\u00e9\" data-rel=\"\" data-target=\"\" data-meta=\"#fap-meta-69e30405aea72\" class=\"fap-single-track fap-track-button fap-play-button\" data-enqueue=\"no\" data-autoenqueue=\"no\" title=\"a nave de no\u00e9\"><span class=\"fap-icon-play\"><\/span>Ouvir<\/span> <a href=\"https:\/\/www.irdin.org.br\/site\/envios\/audios\/0032_0061__por_por__a_nave_de_noe.mp3\" class=\"baixar\" download><span class=\"fa fa-arrow-down\"><\/span>Baixar<\/span><\/a> <span class=\"textobaixar\"> a nave de no\u00e9<\/span><\/p>\n<p>&nbsp;<\/p>\n","protected":false},"excerpt":{"rendered":"<p>Encontramo-nos hoje, na Terra, em situa\u00e7\u00e3o semelhante \u00e0 da \u00e9poca do dil\u00favio. Temos ajuda para ampliar a consci\u00eancia e ingressar<\/p>\n","protected":false},"featured_media":37803,"template":"","meta":{"_acf_changed":false},"product_brand":[],"product_cat":[18076,33068],"product_tag":[39385],"class_list":{"0":"post-83024","1":"product","2":"type-product","3":"status-publish","4":"has-post-thumbnail","6":"product_cat-cddvd","7":"product_cat-palestras","8":"product_tag-39385","9":"pa_autor-trigueirinho","10":"pa_codigo-da-serie-32788","11":"pa_codigo-externo-00320061porcd","12":"pa_data-de-gravacao-26109","13":"pa_duracao-57min","14":"pa_idioma-de-destino-portugues","15":"pa_idioma-de-origem-portugues","16":"pa_lancamento-no","17":"pa_midia-cd","18":"pa_moac-39384","19":"pa_quantidade-de-saldo-33067","20":"pa_sequencial-da-serie-31936","21":"pa_tipo-de-traducao-nao-classificado","23":"first","24":"outofstock","25":"product-type-simple"},"acf":[],"_links":{"self":[{"href":"https:\/\/www.irdin.org.br\/site\/wp-json\/wp\/v2\/product\/83024","targetHints":{"allow":["GET"]}}],"collection":[{"href":"https:\/\/www.irdin.org.br\/site\/wp-json\/wp\/v2\/product"}],"about":[{"href":"https:\/\/www.irdin.org.br\/site\/wp-json\/wp\/v2\/types\/product"}],"version-history":[{"count":1,"href":"https:\/\/www.irdin.org.br\/site\/wp-json\/wp\/v2\/product\/83024\/revisions"}],"predecessor-version":[{"id":109115,"href":"https:\/\/www.irdin.org.br\/site\/wp-json\/wp\/v2\/product\/83024\/revisions\/109115"}],"wp:featuredmedia":[{"embeddable":true,"href":"https:\/\/www.irdin.org.br\/site\/wp-json\/wp\/v2\/media\/37803"}],"wp:attachment":[{"href":"https:\/\/www.irdin.org.br\/site\/wp-json\/wp\/v2\/media?parent=83024"}],"wp:term":[{"taxonomy":"product_brand","embeddable":true,"href":"https:\/\/www.irdin.org.br\/site\/wp-json\/wp\/v2\/product_brand?post=83024"},{"taxonomy":"product_cat","embeddable":true,"href":"https:\/\/www.irdin.org.br\/site\/wp-json\/wp\/v2\/product_cat?post=83024"},{"taxonomy":"product_tag","embeddable":true,"href":"https:\/\/www.irdin.org.br\/site\/wp-json\/wp\/v2\/product_tag?post=83024"}],"curies":[{"name":"wp","href":"https:\/\/api.w.org\/{rel}","templated":true}]}}