{"id":83026,"date":"2018-04-26T18:15:01","date_gmt":"2018-04-26T18:15:01","guid":{"rendered":"http:\/\/www.irdin.org.br\/site\/produto\/profecias-aos-que-nao-temem-dizer-sim\/"},"modified":"2025-03-15T22:44:21","modified_gmt":"2025-03-15T22:44:21","slug":"profecias-aos-que-nao-temem-dizer-sim","status":"publish","type":"product","link":"https:\/\/www.irdin.org.br\/site\/produtos\/profecias-aos-que-nao-temem-dizer-sim\/","title":{"rendered":"Profecias aos que n\u00e3o temem dizer sim"},"content":{"rendered":"<p><em>O valor de uma verdadeira profecia est\u00e1 no seu poder transcendente, o poder de nos levar para fora da mente anal\u00edtica. Na profecia, o desconcertante e o inintelig\u00edvel velam sinaliza\u00e7\u00f5es.<\/em><\/p>\n<p>&nbsp;<br \/>\n<strong>Ou\u00e7a agora:<\/strong><\/p>\n<p><span data-href=\"https:\/\/www.irdin.org.br\/site\/envios\/audios\/0032_0062__por_por__profecias_aos_que_nao_temem_dizer_sim.mp3\" data-title=\"profecias aos que n\u00e3o temem dizer sim\" data-rel=\"\" data-target=\"\" data-meta=\"#fap-meta-69e8a862cc49a\" class=\"fap-single-track fap-track-button fap-play-button\" data-enqueue=\"no\" data-autoenqueue=\"no\" title=\"profecias aos que n\u00e3o temem dizer sim\"><span class=\"fap-icon-play\"><\/span>Ouvir<\/span> <a href=\"https:\/\/www.irdin.org.br\/site\/envios\/audios\/0032_0062__por_por__profecias_aos_que_nao_temem_dizer_sim.mp3\" class=\"baixar\" download><span class=\"fa fa-arrow-down\"><\/span>Baixar<\/span><\/a> <span class=\"textobaixar\"> profecias aos que n\u00e3o temem dizer sim<\/span><\/p>\n<p>&nbsp;<\/p>\n","protected":false},"excerpt":{"rendered":"<p>O valor de uma verdadeira profecia est\u00e1 no seu poder transcendente, o poder de nos levar para fora da mente<\/p>\n","protected":false},"featured_media":37803,"template":"","meta":{"_acf_changed":false},"product_brand":[],"product_cat":[18076,33068],"product_tag":[39389],"class_list":{"0":"post-83026","1":"product","2":"type-product","3":"status-publish","4":"has-post-thumbnail","6":"product_cat-cddvd","7":"product_cat-palestras","8":"product_tag-39389","9":"pa_autor-trigueirinho","10":"pa_codigo-da-serie-32788","11":"pa_codigo-externo-00320062porcd","12":"pa_data-de-gravacao-26340","13":"pa_duracao-43min","14":"pa_idioma-de-destino-portugues","15":"pa_idioma-de-origem-portugues","16":"pa_lancamento-no","17":"pa_midia-cd","18":"pa_moac-39388","19":"pa_quantidade-de-saldo-33067","20":"pa_sequencial-da-serie-31937","21":"pa_tipo-de-traducao-nao-classificado","23":"first","24":"outofstock","25":"product-type-simple"},"acf":[],"_links":{"self":[{"href":"https:\/\/www.irdin.org.br\/site\/wp-json\/wp\/v2\/product\/83026","targetHints":{"allow":["GET"]}}],"collection":[{"href":"https:\/\/www.irdin.org.br\/site\/wp-json\/wp\/v2\/product"}],"about":[{"href":"https:\/\/www.irdin.org.br\/site\/wp-json\/wp\/v2\/types\/product"}],"version-history":[{"count":1,"href":"https:\/\/www.irdin.org.br\/site\/wp-json\/wp\/v2\/product\/83026\/revisions"}],"predecessor-version":[{"id":109118,"href":"https:\/\/www.irdin.org.br\/site\/wp-json\/wp\/v2\/product\/83026\/revisions\/109118"}],"wp:featuredmedia":[{"embeddable":true,"href":"https:\/\/www.irdin.org.br\/site\/wp-json\/wp\/v2\/media\/37803"}],"wp:attachment":[{"href":"https:\/\/www.irdin.org.br\/site\/wp-json\/wp\/v2\/media?parent=83026"}],"wp:term":[{"taxonomy":"product_brand","embeddable":true,"href":"https:\/\/www.irdin.org.br\/site\/wp-json\/wp\/v2\/product_brand?post=83026"},{"taxonomy":"product_cat","embeddable":true,"href":"https:\/\/www.irdin.org.br\/site\/wp-json\/wp\/v2\/product_cat?post=83026"},{"taxonomy":"product_tag","embeddable":true,"href":"https:\/\/www.irdin.org.br\/site\/wp-json\/wp\/v2\/product_tag?post=83026"}],"curies":[{"name":"wp","href":"https:\/\/api.w.org\/{rel}","templated":true}]}}