{"id":83029,"date":"2018-04-26T18:15:01","date_gmt":"2018-04-26T18:15:01","guid":{"rendered":"http:\/\/www.irdin.org.br\/site\/produto\/a-luz-dentro-de-ti\/"},"modified":"2025-03-15T22:44:53","modified_gmt":"2025-03-15T22:44:53","slug":"a-luz-dentro-de-ti","status":"publish","type":"product","link":"https:\/\/www.irdin.org.br\/site\/produtos\/a-luz-dentro-de-ti\/","title":{"rendered":"A Luz dentro de ti"},"content":{"rendered":"<p><em>Indica\u00e7\u00f5es para servir de maneira ampla, conforme a necessidade destes tempos, transcendendo com a ajuda da Gra\u00e7a o pr\u00f3prio estado evolutivo e permitindo \u00e0 alma contemplar seu destino superior. Como, nesse trajeto, nos unirmos \u00e0s Hierarquias espirituais.<\/em><\/p>\n<p>&nbsp;<br \/>\n<strong>Ou\u00e7a agora:<\/strong><\/p>\n<p><span data-href=\"https:\/\/www.irdin.org.br\/site\/envios\/audios\/0032_0065__por_por__a_luz_dentro_de_ti.mp3\" data-title=\"a luz dentro de ti\" data-rel=\"\" data-target=\"\" data-meta=\"#fap-meta-69e2213da68b0\" class=\"fap-single-track fap-track-button fap-play-button\" data-enqueue=\"no\" data-autoenqueue=\"no\" title=\"a luz dentro de ti\"><span class=\"fap-icon-play\"><\/span>Ouvir<\/span> <a href=\"https:\/\/www.irdin.org.br\/site\/envios\/audios\/0032_0065__por_por__a_luz_dentro_de_ti.mp3\" class=\"baixar\" download><span class=\"fa fa-arrow-down\"><\/span>Baixar<\/span><\/a> <span class=\"textobaixar\"> a luz dentro de ti<\/span><\/p>\n<p>&nbsp;<\/p>\n","protected":false},"excerpt":{"rendered":"<p>Indica\u00e7\u00f5es para servir de maneira ampla, conforme a necessidade destes tempos, transcendendo com a ajuda da Gra\u00e7a o pr\u00f3prio estado<\/p>\n","protected":false},"featured_media":37803,"template":"","meta":{"_acf_changed":false},"product_brand":[],"product_cat":[18076,33068],"product_tag":[39395],"class_list":{"0":"post-83029","1":"product","2":"type-product","3":"status-publish","4":"has-post-thumbnail","6":"product_cat-cddvd","7":"product_cat-palestras","8":"product_tag-39395","9":"pa_autor-trigueirinho","10":"pa_codigo-da-serie-32788","11":"pa_codigo-externo-00320065porcd","12":"pa_data-de-gravacao-26433","13":"pa_duracao-43min","14":"pa_idioma-de-destino-portugues","15":"pa_idioma-de-origem-portugues","16":"pa_lancamento-no","17":"pa_midia-cd","18":"pa_moac-39394","19":"pa_quantidade-de-saldo-33067","20":"pa_sequencial-da-serie-31940","21":"pa_tipo-de-traducao-nao-classificado","23":"first","24":"outofstock","25":"product-type-simple"},"acf":[],"_links":{"self":[{"href":"https:\/\/www.irdin.org.br\/site\/wp-json\/wp\/v2\/product\/83029","targetHints":{"allow":["GET"]}}],"collection":[{"href":"https:\/\/www.irdin.org.br\/site\/wp-json\/wp\/v2\/product"}],"about":[{"href":"https:\/\/www.irdin.org.br\/site\/wp-json\/wp\/v2\/types\/product"}],"version-history":[{"count":1,"href":"https:\/\/www.irdin.org.br\/site\/wp-json\/wp\/v2\/product\/83029\/revisions"}],"predecessor-version":[{"id":109121,"href":"https:\/\/www.irdin.org.br\/site\/wp-json\/wp\/v2\/product\/83029\/revisions\/109121"}],"wp:featuredmedia":[{"embeddable":true,"href":"https:\/\/www.irdin.org.br\/site\/wp-json\/wp\/v2\/media\/37803"}],"wp:attachment":[{"href":"https:\/\/www.irdin.org.br\/site\/wp-json\/wp\/v2\/media?parent=83029"}],"wp:term":[{"taxonomy":"product_brand","embeddable":true,"href":"https:\/\/www.irdin.org.br\/site\/wp-json\/wp\/v2\/product_brand?post=83029"},{"taxonomy":"product_cat","embeddable":true,"href":"https:\/\/www.irdin.org.br\/site\/wp-json\/wp\/v2\/product_cat?post=83029"},{"taxonomy":"product_tag","embeddable":true,"href":"https:\/\/www.irdin.org.br\/site\/wp-json\/wp\/v2\/product_tag?post=83029"}],"curies":[{"name":"wp","href":"https:\/\/api.w.org\/{rel}","templated":true}]}}