{"id":83034,"date":"2018-04-26T18:15:01","date_gmt":"2018-04-26T18:15:01","guid":{"rendered":"http:\/\/www.irdin.org.br\/site\/produto\/nao-estamos-sos\/"},"modified":"2025-03-15T22:45:33","modified_gmt":"2025-03-15T22:45:33","slug":"nao-estamos-sos","status":"publish","type":"product","link":"https:\/\/www.irdin.org.br\/site\/produtos\/nao-estamos-sos\/","title":{"rendered":"N\u00e3o estamos s\u00f3s"},"content":{"rendered":"<p><em>\u00c0 medida que os peregrinos do caminho espiritual avan\u00e7am, s\u00e3o especialmente notados pela Irmandade do Cosmos e uma nova e mais profunda fase de contatos tem in\u00edcio.<\/em><\/p>\n<p>&nbsp;<br \/>\n<strong>Ou\u00e7a agora:<\/strong><\/p>\n<p><span data-href=\"https:\/\/www.irdin.org.br\/site\/envios\/audios\/0032_0071__por_por__nao_estamos_sos.mp3\" data-title=\"n\u00e3o estamos s\u00f3s\" data-rel=\"\" data-target=\"\" data-meta=\"#fap-meta-69e303fa70265\" class=\"fap-single-track fap-track-button fap-play-button\" data-enqueue=\"no\" data-autoenqueue=\"no\" title=\"n\u00e3o estamos s\u00f3s\"><span class=\"fap-icon-play\"><\/span>Ouvir<\/span> <a href=\"https:\/\/www.irdin.org.br\/site\/envios\/audios\/0032_0071__por_por__nao_estamos_sos.mp3\" class=\"baixar\" download><span class=\"fa fa-arrow-down\"><\/span>Baixar<\/span><\/a> <span class=\"textobaixar\"> n\u00e3o estamos s\u00f3s<\/span><\/p>\n<p>&nbsp;<\/p>\n","protected":false},"excerpt":{"rendered":"<p>\u00c0 medida que os peregrinos do caminho espiritual avan\u00e7am, s\u00e3o especialmente notados pela Irmandade do Cosmos e uma nova e<\/p>\n","protected":false},"featured_media":37803,"template":"","meta":{"_acf_changed":false},"product_brand":[],"product_cat":[18076,33068],"product_tag":[39405],"class_list":{"0":"post-83034","1":"product","2":"type-product","3":"status-publish","4":"has-post-thumbnail","6":"product_cat-cddvd","7":"product_cat-palestras","8":"product_tag-39405","9":"pa_autor-trigueirinho","10":"pa_codigo-da-serie-32788","11":"pa_data-de-gravacao-30864","12":"pa_idioma-de-destino-portugues","13":"pa_lancamento-no","14":"pa_midia-cd","15":"pa_moac-39404","16":"pa_quantidade-de-saldo-33067","17":"pa_sequencial-da-serie-31946","18":"pa_tipo-de-traducao-nao-classificado","20":"first","21":"outofstock","22":"product-type-simple"},"acf":[],"_links":{"self":[{"href":"https:\/\/www.irdin.org.br\/site\/wp-json\/wp\/v2\/product\/83034","targetHints":{"allow":["GET"]}}],"collection":[{"href":"https:\/\/www.irdin.org.br\/site\/wp-json\/wp\/v2\/product"}],"about":[{"href":"https:\/\/www.irdin.org.br\/site\/wp-json\/wp\/v2\/types\/product"}],"version-history":[{"count":1,"href":"https:\/\/www.irdin.org.br\/site\/wp-json\/wp\/v2\/product\/83034\/revisions"}],"predecessor-version":[{"id":109125,"href":"https:\/\/www.irdin.org.br\/site\/wp-json\/wp\/v2\/product\/83034\/revisions\/109125"}],"wp:featuredmedia":[{"embeddable":true,"href":"https:\/\/www.irdin.org.br\/site\/wp-json\/wp\/v2\/media\/37803"}],"wp:attachment":[{"href":"https:\/\/www.irdin.org.br\/site\/wp-json\/wp\/v2\/media?parent=83034"}],"wp:term":[{"taxonomy":"product_brand","embeddable":true,"href":"https:\/\/www.irdin.org.br\/site\/wp-json\/wp\/v2\/product_brand?post=83034"},{"taxonomy":"product_cat","embeddable":true,"href":"https:\/\/www.irdin.org.br\/site\/wp-json\/wp\/v2\/product_cat?post=83034"},{"taxonomy":"product_tag","embeddable":true,"href":"https:\/\/www.irdin.org.br\/site\/wp-json\/wp\/v2\/product_tag?post=83034"}],"curies":[{"name":"wp","href":"https:\/\/api.w.org\/{rel}","templated":true}]}}