{"id":83037,"date":"2018-04-26T18:15:01","date_gmt":"2018-04-26T18:15:01","guid":{"rendered":"http:\/\/www.irdin.org.br\/site\/produto\/um-novo-impulso-astrologico\/"},"modified":"2025-03-15T22:45:50","modified_gmt":"2025-03-15T22:45:50","slug":"um-novo-impulso-astrologico","status":"publish","type":"product","link":"https:\/\/www.irdin.org.br\/site\/produtos\/um-novo-impulso-astrologico\/","title":{"rendered":"Um novo impulso astrol\u00f3gico"},"content":{"rendered":"<p><em>Ajudas que recebemos al\u00e9m das conhecidas influ\u00eancias dos astros. Ao colaborarmos na obra da cria\u00e7\u00e3o, somos levados a uma luz maior.<\/em><\/p>\n<p>&nbsp;<br \/>\n<strong>Ou\u00e7a agora:<\/strong><\/p>\n<p><span data-href=\"https:\/\/www.irdin.org.br\/site\/envios\/audios\/0032_0075__por_por__um_novo_impulso_astrologico.mp3\" data-title=\"um novo impulso astrol\u00f3gico\" data-rel=\"\" data-target=\"\" data-meta=\"#fap-meta-69e303f665907\" class=\"fap-single-track fap-track-button fap-play-button\" data-enqueue=\"no\" data-autoenqueue=\"no\" title=\"um novo impulso astrol\u00f3gico\"><span class=\"fap-icon-play\"><\/span>Ouvir<\/span> <a href=\"https:\/\/www.irdin.org.br\/site\/envios\/audios\/0032_0075__por_por__um_novo_impulso_astrologico.mp3\" class=\"baixar\" download><span class=\"fa fa-arrow-down\"><\/span>Baixar<\/span><\/a> <span class=\"textobaixar\"> um novo impulso astrol\u00f3gico<\/span><\/p>\n<p>&nbsp;<\/p>\n","protected":false},"excerpt":{"rendered":"<p>Ajudas que recebemos al\u00e9m das conhecidas influ\u00eancias dos astros. Ao colaborarmos na obra da cria\u00e7\u00e3o, somos levados a uma luz<\/p>\n","protected":false},"featured_media":37803,"template":"","meta":{"_acf_changed":false},"product_brand":[],"product_cat":[18076,33068],"product_tag":[39411],"class_list":{"0":"post-83037","1":"product","2":"type-product","3":"status-publish","4":"has-post-thumbnail","6":"product_cat-cddvd","7":"product_cat-palestras","8":"product_tag-39411","9":"pa_autor-trigueirinho","10":"pa_codigo-da-serie-32788","11":"pa_data-de-gravacao-26503","12":"pa_idioma-de-destino-portugues","13":"pa_lancamento-no","14":"pa_midia-cd","15":"pa_moac-39410","16":"pa_quantidade-de-saldo-33067","17":"pa_sequencial-da-serie-32779","18":"pa_tipo-de-traducao-nao-classificado","20":"first","21":"outofstock","22":"product-type-simple"},"acf":[],"_links":{"self":[{"href":"https:\/\/www.irdin.org.br\/site\/wp-json\/wp\/v2\/product\/83037","targetHints":{"allow":["GET"]}}],"collection":[{"href":"https:\/\/www.irdin.org.br\/site\/wp-json\/wp\/v2\/product"}],"about":[{"href":"https:\/\/www.irdin.org.br\/site\/wp-json\/wp\/v2\/types\/product"}],"version-history":[{"count":1,"href":"https:\/\/www.irdin.org.br\/site\/wp-json\/wp\/v2\/product\/83037\/revisions"}],"predecessor-version":[{"id":109127,"href":"https:\/\/www.irdin.org.br\/site\/wp-json\/wp\/v2\/product\/83037\/revisions\/109127"}],"wp:featuredmedia":[{"embeddable":true,"href":"https:\/\/www.irdin.org.br\/site\/wp-json\/wp\/v2\/media\/37803"}],"wp:attachment":[{"href":"https:\/\/www.irdin.org.br\/site\/wp-json\/wp\/v2\/media?parent=83037"}],"wp:term":[{"taxonomy":"product_brand","embeddable":true,"href":"https:\/\/www.irdin.org.br\/site\/wp-json\/wp\/v2\/product_brand?post=83037"},{"taxonomy":"product_cat","embeddable":true,"href":"https:\/\/www.irdin.org.br\/site\/wp-json\/wp\/v2\/product_cat?post=83037"},{"taxonomy":"product_tag","embeddable":true,"href":"https:\/\/www.irdin.org.br\/site\/wp-json\/wp\/v2\/product_tag?post=83037"}],"curies":[{"name":"wp","href":"https:\/\/api.w.org\/{rel}","templated":true}]}}