{"id":83038,"date":"2018-04-26T18:15:18","date_gmt":"2018-04-26T18:15:18","guid":{"rendered":"http:\/\/www.irdin.org.br\/site\/produto\/aromas-do-espaco\/"},"modified":"2025-03-15T22:39:01","modified_gmt":"2025-03-15T22:39:01","slug":"aromas-do-espaco","status":"publish","type":"product","link":"https:\/\/www.irdin.org.br\/site\/produtos\/aromas-do-espaco\/","title":{"rendered":"Aromas do espa\u00e7o"},"content":{"rendered":"<p><em>Tri\u00e2ngulos de energia existentes na Am\u00e9rica do Sul irradiam sua pot\u00eancia para todo o planeta, inseridos em uma opera\u00e7\u00e3o intergal\u00e1ctica de resgate. C\u00e9u e terra se encontram, e as naves nos sugerem irmandade.<\/em><\/p>\n<p>&nbsp;<br \/>\n<strong>Ou\u00e7a agora:<\/strong><\/p>\n<p><span data-href=\"https:\/\/www.irdin.org.br\/site\/envios\/audios\/0032_0076__por_por__aromas_do_espaco.mp3\" data-title=\"aromas do espa\u00e7o\" data-rel=\"\" data-target=\"\" data-meta=\"#fap-meta-69e320187425b\" class=\"fap-single-track fap-track-button fap-play-button\" data-enqueue=\"no\" data-autoenqueue=\"no\" title=\"aromas do espa\u00e7o\"><span class=\"fap-icon-play\"><\/span>Ouvir<\/span> <a href=\"https:\/\/www.irdin.org.br\/site\/envios\/audios\/0032_0076__por_por__aromas_do_espaco.mp3\" class=\"baixar\" download><span class=\"fa fa-arrow-down\"><\/span>Baixar<\/span><\/a> <span class=\"textobaixar\"> aromas do espa\u00e7o<\/span><\/p>\n<p>&nbsp;<\/p>\n","protected":false},"excerpt":{"rendered":"<p>Tri\u00e2ngulos de energia existentes na Am\u00e9rica do Sul irradiam sua pot\u00eancia para todo o planeta, inseridos em uma opera\u00e7\u00e3o intergal\u00e1ctica<\/p>\n","protected":false},"featured_media":37803,"template":"","meta":{"_acf_changed":false},"product_brand":[],"product_cat":[18076,33068],"product_tag":[39413],"class_list":{"0":"post-83038","1":"product","2":"type-product","3":"status-publish","4":"has-post-thumbnail","6":"product_cat-cddvd","7":"product_cat-palestras","8":"product_tag-39413","9":"pa_autor-trigueirinho","10":"pa_codigo-da-serie-32788","11":"pa_codigo-externo-00320076porcd","12":"pa_data-de-gravacao-26510","13":"pa_duracao-50min","14":"pa_idioma-de-destino-portugues","15":"pa_idioma-de-origem-portugues","16":"pa_lancamento-no","17":"pa_midia-cd","18":"pa_moac-39412","19":"pa_quantidade-de-saldo-33067","20":"pa_sequencial-da-serie-32780","21":"pa_tipo-de-traducao-nao-classificado","23":"first","24":"outofstock","25":"product-type-simple"},"acf":[],"_links":{"self":[{"href":"https:\/\/www.irdin.org.br\/site\/wp-json\/wp\/v2\/product\/83038","targetHints":{"allow":["GET"]}}],"collection":[{"href":"https:\/\/www.irdin.org.br\/site\/wp-json\/wp\/v2\/product"}],"about":[{"href":"https:\/\/www.irdin.org.br\/site\/wp-json\/wp\/v2\/types\/product"}],"version-history":[{"count":1,"href":"https:\/\/www.irdin.org.br\/site\/wp-json\/wp\/v2\/product\/83038\/revisions"}],"predecessor-version":[{"id":109094,"href":"https:\/\/www.irdin.org.br\/site\/wp-json\/wp\/v2\/product\/83038\/revisions\/109094"}],"wp:featuredmedia":[{"embeddable":true,"href":"https:\/\/www.irdin.org.br\/site\/wp-json\/wp\/v2\/media\/37803"}],"wp:attachment":[{"href":"https:\/\/www.irdin.org.br\/site\/wp-json\/wp\/v2\/media?parent=83038"}],"wp:term":[{"taxonomy":"product_brand","embeddable":true,"href":"https:\/\/www.irdin.org.br\/site\/wp-json\/wp\/v2\/product_brand?post=83038"},{"taxonomy":"product_cat","embeddable":true,"href":"https:\/\/www.irdin.org.br\/site\/wp-json\/wp\/v2\/product_cat?post=83038"},{"taxonomy":"product_tag","embeddable":true,"href":"https:\/\/www.irdin.org.br\/site\/wp-json\/wp\/v2\/product_tag?post=83038"}],"curies":[{"name":"wp","href":"https:\/\/api.w.org\/{rel}","templated":true}]}}