{"id":83042,"date":"2018-04-26T18:15:18","date_gmt":"2018-04-26T18:15:18","guid":{"rendered":"http:\/\/www.irdin.org.br\/site\/produto\/sagrados-misterios\/"},"modified":"2025-03-15T22:40:02","modified_gmt":"2025-03-15T22:40:02","slug":"sagrados-misterios","status":"publish","type":"product","link":"https:\/\/www.irdin.org.br\/site\/produtos\/sagrados-misterios\/","title":{"rendered":"Sagrados mist\u00e9rios"},"content":{"rendered":"<p><em>Quando nossa m\u00f4nada desperta, come\u00e7amos a verdadeiramente viver. Passamos a penetrar nossa consci\u00eancia do eterno, nossa consci\u00eancia extraterrestre, universal, pren\u00fancio das Escolas Internas.<\/em><\/p>\n<p>&nbsp;<br \/>\n<strong>Ou\u00e7a agora:<\/strong><\/p>\n<p><span data-href=\"https:\/\/www.irdin.org.br\/site\/envios\/audios\/0032_0081__por_por__sagrados_misterios.mp3\" data-title=\"sagrados mist\u00e9rios\" data-rel=\"\" data-target=\"\" data-meta=\"#fap-meta-69e2c6163a8f0\" class=\"fap-single-track fap-track-button fap-play-button\" data-enqueue=\"no\" data-autoenqueue=\"no\" title=\"sagrados mist\u00e9rios\"><span class=\"fap-icon-play\"><\/span>Ouvir<\/span> <a href=\"https:\/\/www.irdin.org.br\/site\/envios\/audios\/0032_0081__por_por__sagrados_misterios.mp3\" class=\"baixar\" download><span class=\"fa fa-arrow-down\"><\/span>Baixar<\/span><\/a> <span class=\"textobaixar\"> sagrados mist\u00e9rios<\/span><\/p>\n<p>&nbsp;<\/p>\n","protected":false},"excerpt":{"rendered":"<p>Quando nossa m\u00f4nada desperta, come\u00e7amos a verdadeiramente viver. Passamos a penetrar nossa consci\u00eancia do eterno, nossa consci\u00eancia extraterrestre, universal, pren\u00fancio<\/p>\n","protected":false},"featured_media":37803,"template":"","meta":{"_acf_changed":false},"product_brand":[],"product_cat":[18076,33068],"product_tag":[39421],"class_list":{"0":"post-83042","1":"product","2":"type-product","3":"status-publish","4":"has-post-thumbnail","6":"product_cat-cddvd","7":"product_cat-palestras","8":"product_tag-39421","9":"pa_autor-trigueirinho","10":"pa_codigo-da-serie-32788","11":"pa_codigo-externo-00320081porcd","12":"pa_data-de-gravacao-26568","13":"pa_duracao-44min","14":"pa_idioma-de-destino-portugues","15":"pa_idioma-de-origem-portugues","16":"pa_lancamento-no","17":"pa_midia-cd","18":"pa_moac-39420","19":"pa_quantidade-de-saldo-33067","20":"pa_sequencial-da-serie-32785","21":"pa_tipo-de-traducao-nao-classificado","23":"first","24":"outofstock","25":"product-type-simple"},"acf":[],"_links":{"self":[{"href":"https:\/\/www.irdin.org.br\/site\/wp-json\/wp\/v2\/product\/83042","targetHints":{"allow":["GET"]}}],"collection":[{"href":"https:\/\/www.irdin.org.br\/site\/wp-json\/wp\/v2\/product"}],"about":[{"href":"https:\/\/www.irdin.org.br\/site\/wp-json\/wp\/v2\/types\/product"}],"version-history":[{"count":1,"href":"https:\/\/www.irdin.org.br\/site\/wp-json\/wp\/v2\/product\/83042\/revisions"}],"predecessor-version":[{"id":109097,"href":"https:\/\/www.irdin.org.br\/site\/wp-json\/wp\/v2\/product\/83042\/revisions\/109097"}],"wp:featuredmedia":[{"embeddable":true,"href":"https:\/\/www.irdin.org.br\/site\/wp-json\/wp\/v2\/media\/37803"}],"wp:attachment":[{"href":"https:\/\/www.irdin.org.br\/site\/wp-json\/wp\/v2\/media?parent=83042"}],"wp:term":[{"taxonomy":"product_brand","embeddable":true,"href":"https:\/\/www.irdin.org.br\/site\/wp-json\/wp\/v2\/product_brand?post=83042"},{"taxonomy":"product_cat","embeddable":true,"href":"https:\/\/www.irdin.org.br\/site\/wp-json\/wp\/v2\/product_cat?post=83042"},{"taxonomy":"product_tag","embeddable":true,"href":"https:\/\/www.irdin.org.br\/site\/wp-json\/wp\/v2\/product_tag?post=83042"}],"curies":[{"name":"wp","href":"https:\/\/api.w.org\/{rel}","templated":true}]}}