{"id":83044,"date":"2018-04-26T18:15:18","date_gmt":"2018-04-26T18:15:18","guid":{"rendered":"http:\/\/www.irdin.org.br\/site\/produto\/es-viajante-cosmico\/"},"modified":"2025-03-15T22:40:10","modified_gmt":"2025-03-15T22:40:10","slug":"es-viajante-cosmico","status":"publish","type":"product","link":"https:\/\/www.irdin.org.br\/site\/produtos\/es-viajante-cosmico\/","title":{"rendered":"\u00c9s viajante c\u00f3smico"},"content":{"rendered":"<p><em>Viver o presente momento de forma integral possibilita-nos transmutar e criar. \u00c9 a marca dos que se reconhecem viajantes c\u00f3smicos, dos que come\u00e7am a se relacionar com mundos distantes.<\/em><\/p>\n<p>&nbsp;<br \/>\n<strong>Ou\u00e7a agora:<\/strong><\/p>\n<p><span data-href=\"https:\/\/www.irdin.org.br\/site\/envios\/audios\/0032_0083__por_spa__viajante_cosmico.mp3\" data-title=\"\u00c9s viajante c\u00f3smico\" data-rel=\"\" data-target=\"\" data-meta=\"#fap-meta-69e30517e73e3\" class=\"fap-single-track fap-track-button fap-play-button\" data-enqueue=\"no\" data-autoenqueue=\"no\" title=\"\u00c9s viajante c\u00f3smico\"><span class=\"fap-icon-play\"><\/span>Ouvir<\/span> <a href=\"https:\/\/www.irdin.org.br\/site\/envios\/audios\/0032_0083__por_spa__viajante_cosmico.mp3\" class=\"baixar\" download><span class=\"fa fa-arrow-down\"><\/span>Baixar<\/span><\/a> <span class=\"textobaixar\"> \u00c9s viajante c\u00f3smico<\/span><\/p>\n<p>&nbsp;<\/p>\n","protected":false},"excerpt":{"rendered":"<p>Viver o presente momento de forma integral possibilita-nos transmutar e criar. \u00c9 a marca dos que se reconhecem viajantes c\u00f3smicos,<\/p>\n","protected":false},"featured_media":37803,"template":"","meta":{"_acf_changed":false},"product_brand":[],"product_cat":[18076,33068],"product_tag":[39425],"class_list":{"0":"post-83044","1":"product","2":"type-product","3":"status-publish","4":"has-post-thumbnail","6":"product_cat-cddvd","7":"product_cat-palestras","8":"product_tag-39425","9":"pa_autor-trigueirinho","10":"pa_codigo-da-serie-32788","11":"pa_data-de-gravacao-26575","12":"pa_idioma-de-destino-portugues","13":"pa_lancamento-no","14":"pa_midia-cd","15":"pa_moac-39424","16":"pa_quantidade-de-saldo-33067","17":"pa_sequencial-da-serie-32789","18":"pa_tipo-de-traducao-nao-classificado","20":"first","21":"outofstock","22":"product-type-simple"},"acf":[],"_links":{"self":[{"href":"https:\/\/www.irdin.org.br\/site\/wp-json\/wp\/v2\/product\/83044","targetHints":{"allow":["GET"]}}],"collection":[{"href":"https:\/\/www.irdin.org.br\/site\/wp-json\/wp\/v2\/product"}],"about":[{"href":"https:\/\/www.irdin.org.br\/site\/wp-json\/wp\/v2\/types\/product"}],"version-history":[{"count":1,"href":"https:\/\/www.irdin.org.br\/site\/wp-json\/wp\/v2\/product\/83044\/revisions"}],"predecessor-version":[{"id":109098,"href":"https:\/\/www.irdin.org.br\/site\/wp-json\/wp\/v2\/product\/83044\/revisions\/109098"}],"wp:featuredmedia":[{"embeddable":true,"href":"https:\/\/www.irdin.org.br\/site\/wp-json\/wp\/v2\/media\/37803"}],"wp:attachment":[{"href":"https:\/\/www.irdin.org.br\/site\/wp-json\/wp\/v2\/media?parent=83044"}],"wp:term":[{"taxonomy":"product_brand","embeddable":true,"href":"https:\/\/www.irdin.org.br\/site\/wp-json\/wp\/v2\/product_brand?post=83044"},{"taxonomy":"product_cat","embeddable":true,"href":"https:\/\/www.irdin.org.br\/site\/wp-json\/wp\/v2\/product_cat?post=83044"},{"taxonomy":"product_tag","embeddable":true,"href":"https:\/\/www.irdin.org.br\/site\/wp-json\/wp\/v2\/product_tag?post=83044"}],"curies":[{"name":"wp","href":"https:\/\/api.w.org\/{rel}","templated":true}]}}