{"id":83047,"date":"2018-04-26T18:15:18","date_gmt":"2018-04-26T18:15:18","guid":{"rendered":"http:\/\/www.irdin.org.br\/site\/produto\/um-chamado-especial\/"},"modified":"2025-03-15T22:40:51","modified_gmt":"2025-03-15T22:40:51","slug":"um-chamado-especial","status":"publish","type":"product","link":"https:\/\/www.irdin.org.br\/site\/produtos\/um-chamado-especial\/","title":{"rendered":"Um Chamado Especial"},"content":{"rendered":"<p><em>Como o desenrolar da obra veiculada por Trigueirinho, desde os primeiros livros \u00e0s mais recentes grava\u00e7\u00f5es, expressa a atualiza\u00e7\u00e3o do ensinamento das Hierarquias espirituais para o nosso tempo.<\/em><\/p>\n<p>&nbsp;<br \/>\n<strong>Ou\u00e7a agora:<\/strong><\/p>\n<p><span data-href=\"https:\/\/www.irdin.org.br\/site\/envios\/audios\/0032_0086__por_por__um_chamado_especial.mp3\" data-title=\"um chamado especial\" data-rel=\"\" data-target=\"\" data-meta=\"#fap-meta-69e303d4b9a79\" class=\"fap-single-track fap-track-button fap-play-button\" data-enqueue=\"no\" data-autoenqueue=\"no\" title=\"um chamado especial\"><span class=\"fap-icon-play\"><\/span>Ouvir<\/span> <a href=\"https:\/\/www.irdin.org.br\/site\/envios\/audios\/0032_0086__por_por__um_chamado_especial.mp3\" class=\"baixar\" download><span class=\"fa fa-arrow-down\"><\/span>Baixar<\/span><\/a> <span class=\"textobaixar\"> um chamado especial<\/span><\/p>\n<p>&nbsp;<\/p>\n","protected":false},"excerpt":{"rendered":"<p>Como o desenrolar da obra veiculada por Trigueirinho, desde os primeiros livros \u00e0s mais recentes grava\u00e7\u00f5es, expressa a atualiza\u00e7\u00e3o do<\/p>\n","protected":false},"featured_media":37803,"template":"","meta":{"_acf_changed":false},"product_brand":[],"product_cat":[18076,33068],"product_tag":[39431],"class_list":{"0":"post-83047","1":"product","2":"type-product","3":"status-publish","4":"has-post-thumbnail","6":"product_cat-cddvd","7":"product_cat-palestras","8":"product_tag-39431","9":"pa_autor-trigueirinho","10":"pa_codigo-da-serie-32788","11":"pa_codigo-externo-00320086porcd","12":"pa_data-de-gravacao-30904","13":"pa_duracao-29min","14":"pa_idioma-de-destino-portugues","15":"pa_idioma-de-origem-portugues","16":"pa_lancamento-no","17":"pa_midia-cd","18":"pa_moac-39430","19":"pa_quantidade-de-saldo-33067","20":"pa_sequencial-da-serie-32792","21":"pa_tipo-de-traducao-nao-classificado","23":"first","24":"outofstock","25":"product-type-simple"},"acf":[],"_links":{"self":[{"href":"https:\/\/www.irdin.org.br\/site\/wp-json\/wp\/v2\/product\/83047","targetHints":{"allow":["GET"]}}],"collection":[{"href":"https:\/\/www.irdin.org.br\/site\/wp-json\/wp\/v2\/product"}],"about":[{"href":"https:\/\/www.irdin.org.br\/site\/wp-json\/wp\/v2\/types\/product"}],"version-history":[{"count":2,"href":"https:\/\/www.irdin.org.br\/site\/wp-json\/wp\/v2\/product\/83047\/revisions"}],"predecessor-version":[{"id":107930,"href":"https:\/\/www.irdin.org.br\/site\/wp-json\/wp\/v2\/product\/83047\/revisions\/107930"}],"wp:featuredmedia":[{"embeddable":true,"href":"https:\/\/www.irdin.org.br\/site\/wp-json\/wp\/v2\/media\/37803"}],"wp:attachment":[{"href":"https:\/\/www.irdin.org.br\/site\/wp-json\/wp\/v2\/media?parent=83047"}],"wp:term":[{"taxonomy":"product_brand","embeddable":true,"href":"https:\/\/www.irdin.org.br\/site\/wp-json\/wp\/v2\/product_brand?post=83047"},{"taxonomy":"product_cat","embeddable":true,"href":"https:\/\/www.irdin.org.br\/site\/wp-json\/wp\/v2\/product_cat?post=83047"},{"taxonomy":"product_tag","embeddable":true,"href":"https:\/\/www.irdin.org.br\/site\/wp-json\/wp\/v2\/product_tag?post=83047"}],"curies":[{"name":"wp","href":"https:\/\/api.w.org\/{rel}","templated":true}]}}