{"id":83056,"date":"2018-04-26T18:15:18","date_gmt":"2018-04-26T18:15:18","guid":{"rendered":"http:\/\/www.irdin.org.br\/site\/produto\/fontes-de-energia-e-a-cura-de-algumas-doencas\/"},"modified":"2025-03-15T22:41:58","modified_gmt":"2025-03-15T22:41:58","slug":"fontes-de-energia-e-a-cura-de-algumas-doencas","status":"publish","type":"product","link":"https:\/\/www.irdin.org.br\/site\/produtos\/fontes-de-energia-e-a-cura-de-algumas-doencas\/","title":{"rendered":"Fontes de energia e a cura de algumas doen\u00e7as"},"content":{"rendered":"<p><em>Como obter energia positiva pelo sil\u00eancio, pelo perd\u00e3o e pela f\u00e9, as formas de febre e como lidar com elas, o valor do enfoque nas causas e n\u00e3o nos sintomas das doen\u00e7as.<\/em><\/p>\n<p>&nbsp;<br \/>\n<strong>Ou\u00e7a agora:<\/strong><\/p>\n<p><span data-href=\"https:\/\/www.irdin.org.br\/site\/envios\/audios\/0034_0008__por_por__fontes_de_energia_e_a_cura_de_algumas_doencas.mp3\" data-title=\"fontes de energia e a cura de algumas doen\u00e7as\" data-rel=\"\" data-target=\"\" data-meta=\"#fap-meta-69e29320aa57d\" class=\"fap-single-track fap-track-button fap-play-button\" data-enqueue=\"no\" data-autoenqueue=\"no\" title=\"fontes de energia e a cura de algumas doen\u00e7as\"><span class=\"fap-icon-play\"><\/span>Ouvir<\/span> <a href=\"https:\/\/www.irdin.org.br\/site\/envios\/audios\/0034_0008__por_por__fontes_de_energia_e_a_cura_de_algumas_doencas.mp3\" class=\"baixar\" download><span class=\"fa fa-arrow-down\"><\/span>Baixar<\/span><\/a> <span class=\"textobaixar\"> fontes de energia e a cura de algumas doen\u00e7as<\/span><\/p>\n<p>&nbsp;<\/p>\n","protected":false},"excerpt":{"rendered":"<p>Como obter energia positiva pelo sil\u00eancio, pelo perd\u00e3o e pela f\u00e9, as formas de febre e como lidar com elas,<\/p>\n","protected":false},"featured_media":37803,"template":"","meta":{"_acf_changed":false},"product_brand":[],"product_cat":[18076,33068],"product_tag":[39449],"class_list":{"0":"post-83056","1":"product","2":"type-product","3":"status-publish","4":"has-post-thumbnail","6":"product_cat-cddvd","7":"product_cat-palestras","8":"product_tag-39449","9":"pa_autor-trigueirinho","10":"pa_codigo-da-serie-32807","11":"pa_codigo-externo-00340008porcd","12":"pa_data-de-gravacao-30949","13":"pa_duracao-37min","14":"pa_idioma-de-destino-portugues","15":"pa_idioma-de-origem-portugues","16":"pa_lancamento-no","17":"pa_midia-cd","18":"pa_moac-39448","19":"pa_quantidade-de-saldo-33067","20":"pa_sequencial-da-serie-31888","21":"pa_tipo-de-traducao-nao-classificado","23":"first","24":"outofstock","25":"product-type-simple"},"acf":[],"_links":{"self":[{"href":"https:\/\/www.irdin.org.br\/site\/wp-json\/wp\/v2\/product\/83056","targetHints":{"allow":["GET"]}}],"collection":[{"href":"https:\/\/www.irdin.org.br\/site\/wp-json\/wp\/v2\/product"}],"about":[{"href":"https:\/\/www.irdin.org.br\/site\/wp-json\/wp\/v2\/types\/product"}],"version-history":[{"count":1,"href":"https:\/\/www.irdin.org.br\/site\/wp-json\/wp\/v2\/product\/83056\/revisions"}],"predecessor-version":[{"id":109109,"href":"https:\/\/www.irdin.org.br\/site\/wp-json\/wp\/v2\/product\/83056\/revisions\/109109"}],"wp:featuredmedia":[{"embeddable":true,"href":"https:\/\/www.irdin.org.br\/site\/wp-json\/wp\/v2\/media\/37803"}],"wp:attachment":[{"href":"https:\/\/www.irdin.org.br\/site\/wp-json\/wp\/v2\/media?parent=83056"}],"wp:term":[{"taxonomy":"product_brand","embeddable":true,"href":"https:\/\/www.irdin.org.br\/site\/wp-json\/wp\/v2\/product_brand?post=83056"},{"taxonomy":"product_cat","embeddable":true,"href":"https:\/\/www.irdin.org.br\/site\/wp-json\/wp\/v2\/product_cat?post=83056"},{"taxonomy":"product_tag","embeddable":true,"href":"https:\/\/www.irdin.org.br\/site\/wp-json\/wp\/v2\/product_tag?post=83056"}],"curies":[{"name":"wp","href":"https:\/\/api.w.org\/{rel}","templated":true}]}}