{"id":83070,"date":"2018-04-26T18:15:36","date_gmt":"2018-04-26T18:15:36","guid":{"rendered":"http:\/\/www.irdin.org.br\/site\/produto\/pautas-monasticas\/"},"modified":"2025-03-15T22:37:55","modified_gmt":"2025-03-15T22:37:55","slug":"pautas-monasticas","status":"publish","type":"product","link":"https:\/\/www.irdin.org.br\/site\/produtos\/pautas-monasticas\/","title":{"rendered":"Pautas mon\u00e1sticas"},"content":{"rendered":"<p><em>Podemos relacionar-nos conscientemente com as Hierarquias espirituais e com os centros planet\u00e1rios e receber deles a energia da Vontade, t\u00e3o necess\u00e1ria nestes momentos cr\u00edticos. Como a vida mon\u00e1stica pode contribuir para isso?<\/em><\/p>\n<p>&nbsp;<br \/>\n<strong>Ou\u00e7a agora:<\/strong><\/p>\n<p><span data-href=\"https:\/\/www.irdin.org.br\/site\/envios\/audios\/0021_0009__por_por__pautas_monasticas.mp3\" data-title=\"pautas mon\u00e1sticas\" data-rel=\"\" data-target=\"\" data-meta=\"#fap-meta-69fe845b64c27\" class=\"fap-single-track fap-track-button fap-play-button\" data-enqueue=\"no\" data-autoenqueue=\"no\" title=\"pautas mon\u00e1sticas\"><span class=\"fap-icon-play\"><\/span>Ouvir<\/span> <a href=\"https:\/\/www.irdin.org.br\/site\/envios\/audios\/0021_0009__por_por__pautas_monasticas.mp3\" class=\"baixar\" download><span class=\"fa fa-arrow-down\"><\/span>Baixar<\/span><\/a> <span class=\"textobaixar\"> pautas mon\u00e1sticas<\/span><\/p>\n<p>&nbsp;<\/p>\n","protected":false},"excerpt":{"rendered":"<p>Podemos relacionar-nos conscientemente com as Hierarquias espirituais e com os centros planet\u00e1rios e receber deles a energia da Vontade, t\u00e3o<\/p>\n","protected":false},"featured_media":37803,"template":"","meta":{"_acf_changed":false},"product_brand":[],"product_cat":[18076,33068],"product_tag":[39477],"class_list":{"0":"post-83070","1":"product","2":"type-product","3":"status-publish","4":"has-post-thumbnail","6":"product_cat-cddvd","7":"product_cat-palestras","8":"product_tag-39477","9":"pa_autor-trigueirinho","10":"pa_codigo-da-serie-32805","11":"pa_codigo-externo-00210009porcd","12":"pa_data-de-gravacao-20560","13":"pa_duracao-42min","14":"pa_idioma-de-destino-portugues","15":"pa_idioma-de-origem-portugues","16":"pa_lancamento-no","17":"pa_midia-cd","18":"pa_moac-39476","19":"pa_quantidade-de-saldo-33067","20":"pa_sequencial-da-serie-31889","21":"pa_tipo-de-traducao-nao-classificado","23":"first","24":"outofstock","25":"product-type-simple"},"acf":[],"_links":{"self":[{"href":"https:\/\/www.irdin.org.br\/site\/wp-json\/wp\/v2\/product\/83070","targetHints":{"allow":["GET"]}}],"collection":[{"href":"https:\/\/www.irdin.org.br\/site\/wp-json\/wp\/v2\/product"}],"about":[{"href":"https:\/\/www.irdin.org.br\/site\/wp-json\/wp\/v2\/types\/product"}],"version-history":[{"count":1,"href":"https:\/\/www.irdin.org.br\/site\/wp-json\/wp\/v2\/product\/83070\/revisions"}],"predecessor-version":[{"id":109086,"href":"https:\/\/www.irdin.org.br\/site\/wp-json\/wp\/v2\/product\/83070\/revisions\/109086"}],"wp:featuredmedia":[{"embeddable":true,"href":"https:\/\/www.irdin.org.br\/site\/wp-json\/wp\/v2\/media\/37803"}],"wp:attachment":[{"href":"https:\/\/www.irdin.org.br\/site\/wp-json\/wp\/v2\/media?parent=83070"}],"wp:term":[{"taxonomy":"product_brand","embeddable":true,"href":"https:\/\/www.irdin.org.br\/site\/wp-json\/wp\/v2\/product_brand?post=83070"},{"taxonomy":"product_cat","embeddable":true,"href":"https:\/\/www.irdin.org.br\/site\/wp-json\/wp\/v2\/product_cat?post=83070"},{"taxonomy":"product_tag","embeddable":true,"href":"https:\/\/www.irdin.org.br\/site\/wp-json\/wp\/v2\/product_tag?post=83070"}],"curies":[{"name":"wp","href":"https:\/\/api.w.org\/{rel}","templated":true}]}}