{"id":83071,"date":"2018-04-26T18:15:36","date_gmt":"2018-04-26T18:15:36","guid":{"rendered":"http:\/\/www.irdin.org.br\/site\/produto\/o-monasterio-segundo-mishuk\/"},"modified":"2025-03-15T22:38:01","modified_gmt":"2025-03-15T22:38:01","slug":"o-monasterio-segundo-mishuk","status":"publish","type":"product","link":"https:\/\/www.irdin.org.br\/site\/produtos\/o-monasterio-segundo-mishuk\/","title":{"rendered":"O Monast\u00e9rio segundo Mishuk"},"content":{"rendered":"<p><em>Um monast\u00e9rio \u00e9 um arqu\u00e9tipo, ber\u00e7o de padr\u00f5es da vida futura. \u00c9 preciso ir al\u00e9m do plano material para compreender seus prop\u00f3sitos e manifesta\u00e7\u00f5es.<\/em><\/p>\n<p>&nbsp;<br \/>\n<strong>Ou\u00e7a agora:<\/strong><\/p>\n<p><span data-href=\"https:\/\/www.irdin.org.br\/site\/envios\/audios\/0021_0010__por_por__o_monasterio_segundo_mishuk.mp3\" data-title=\"o monast\u00e9rio segundo mishuk\" data-rel=\"\" data-target=\"\" data-meta=\"#fap-meta-69e2db6259c1c\" class=\"fap-single-track fap-track-button fap-play-button\" data-enqueue=\"no\" data-autoenqueue=\"no\" title=\"o monast\u00e9rio segundo mishuk\"><span class=\"fap-icon-play\"><\/span>Ouvir<\/span> <a href=\"https:\/\/www.irdin.org.br\/site\/envios\/audios\/0021_0010__por_por__o_monasterio_segundo_mishuk.mp3\" class=\"baixar\" download><span class=\"fa fa-arrow-down\"><\/span>Baixar<\/span><\/a> <span class=\"textobaixar\"> o monast\u00e9rio segundo mishuk<\/span><\/p>\n<p>&nbsp;<\/p>\n","protected":false},"excerpt":{"rendered":"<p>Um monast\u00e9rio \u00e9 um arqu\u00e9tipo, ber\u00e7o de padr\u00f5es da vida futura. \u00c9 preciso ir al\u00e9m do plano material para compreender<\/p>\n","protected":false},"featured_media":37803,"template":"","meta":{"_acf_changed":false},"product_brand":[],"product_cat":[18076,33068],"product_tag":[39479],"class_list":{"0":"post-83071","1":"product","2":"type-product","3":"status-publish","4":"has-post-thumbnail","6":"product_cat-cddvd","7":"product_cat-palestras","8":"product_tag-39479","9":"pa_autor-trigueirinho","10":"pa_codigo-da-serie-32805","11":"pa_codigo-externo-00210010porcd","12":"pa_data-de-gravacao-20563","13":"pa_duracao-30min","14":"pa_idioma-de-destino-portugues","15":"pa_idioma-de-origem-portugues","16":"pa_lancamento-no","17":"pa_midia-cd","18":"pa_moac-39478","19":"pa_quantidade-de-saldo-33067","20":"pa_sequencial-da-serie-31890","21":"pa_tipo-de-traducao-nao-classificado","23":"first","24":"outofstock","25":"product-type-simple"},"acf":[],"_links":{"self":[{"href":"https:\/\/www.irdin.org.br\/site\/wp-json\/wp\/v2\/product\/83071","targetHints":{"allow":["GET"]}}],"collection":[{"href":"https:\/\/www.irdin.org.br\/site\/wp-json\/wp\/v2\/product"}],"about":[{"href":"https:\/\/www.irdin.org.br\/site\/wp-json\/wp\/v2\/types\/product"}],"version-history":[{"count":1,"href":"https:\/\/www.irdin.org.br\/site\/wp-json\/wp\/v2\/product\/83071\/revisions"}],"predecessor-version":[{"id":109087,"href":"https:\/\/www.irdin.org.br\/site\/wp-json\/wp\/v2\/product\/83071\/revisions\/109087"}],"wp:featuredmedia":[{"embeddable":true,"href":"https:\/\/www.irdin.org.br\/site\/wp-json\/wp\/v2\/media\/37803"}],"wp:attachment":[{"href":"https:\/\/www.irdin.org.br\/site\/wp-json\/wp\/v2\/media?parent=83071"}],"wp:term":[{"taxonomy":"product_brand","embeddable":true,"href":"https:\/\/www.irdin.org.br\/site\/wp-json\/wp\/v2\/product_brand?post=83071"},{"taxonomy":"product_cat","embeddable":true,"href":"https:\/\/www.irdin.org.br\/site\/wp-json\/wp\/v2\/product_cat?post=83071"},{"taxonomy":"product_tag","embeddable":true,"href":"https:\/\/www.irdin.org.br\/site\/wp-json\/wp\/v2\/product_tag?post=83071"}],"curies":[{"name":"wp","href":"https:\/\/api.w.org\/{rel}","templated":true}]}}