{"id":83077,"date":"2018-04-26T18:15:36","date_gmt":"2018-04-26T18:15:36","guid":{"rendered":"http:\/\/www.irdin.org.br\/site\/produto\/o-resgate-do-sacerdocio\/"},"modified":"2025-03-15T22:38:48","modified_gmt":"2025-03-15T22:38:48","slug":"o-resgate-do-sacerdocio","status":"publish","type":"product","link":"https:\/\/www.irdin.org.br\/site\/produtos\/o-resgate-do-sacerdocio\/","title":{"rendered":"O resgate do sacerd\u00f3cio"},"content":{"rendered":"<p><em>Sempre que um centro planet\u00e1rio se manifesta na superf\u00edcie da Terra e a vida mon\u00e1stica come\u00e7a a emergir, a energia sacerdotal se faz necess\u00e1ria. Mas que \u00e9, verdadeiramente, o sacerd\u00f3cio?<\/em><\/p>\n<p>&nbsp;<br \/>\n<strong>Ou\u00e7a agora:<\/strong><\/p>\n<p><span data-href=\"https:\/\/www.irdin.org.br\/site\/envios\/audios\/0021_0016__por_por__o_resgate_do_sacerdocio.mp3\" data-title=\"o resgate do sacerd\u00f3cio\" data-rel=\"\" data-target=\"\" data-meta=\"#fap-meta-69fed60dbd75a\" class=\"fap-single-track fap-track-button fap-play-button\" data-enqueue=\"no\" data-autoenqueue=\"no\" title=\"o resgate do sacerd\u00f3cio\"><span class=\"fap-icon-play\"><\/span>Ouvir<\/span> <a href=\"https:\/\/www.irdin.org.br\/site\/envios\/audios\/0021_0016__por_por__o_resgate_do_sacerdocio.mp3\" class=\"baixar\" download><span class=\"fa fa-arrow-down\"><\/span>Baixar<\/span><\/a> <span class=\"textobaixar\"> o resgate do sacerd\u00f3cio<\/span><\/p>\n<p>&nbsp;<\/p>\n","protected":false},"excerpt":{"rendered":"<p>Sempre que um centro planet\u00e1rio se manifesta na superf\u00edcie da Terra e a vida mon\u00e1stica come\u00e7a a emergir, a energia<\/p>\n","protected":false},"featured_media":37803,"template":"","meta":{"_acf_changed":false},"product_brand":[],"product_cat":[18076,33068],"product_tag":[39491],"class_list":{"0":"post-83077","1":"product","2":"type-product","3":"status-publish","4":"has-post-thumbnail","6":"product_cat-cddvd","7":"product_cat-palestras","8":"product_tag-39491","9":"pa_autor-trigueirinho","10":"pa_codigo-da-serie-32805","11":"pa_codigo-externo-00210016porcd","12":"pa_data-de-gravacao-20581","13":"pa_duracao-22min","14":"pa_idioma-de-destino-portugues","15":"pa_idioma-de-origem-portugues","16":"pa_lancamento-no","17":"pa_midia-cd","18":"pa_moac-39490","19":"pa_quantidade-de-saldo-33067","20":"pa_sequencial-da-serie-31869","21":"pa_tipo-de-traducao-nao-classificado","23":"first","24":"outofstock","25":"product-type-simple"},"acf":[],"_links":{"self":[{"href":"https:\/\/www.irdin.org.br\/site\/wp-json\/wp\/v2\/product\/83077","targetHints":{"allow":["GET"]}}],"collection":[{"href":"https:\/\/www.irdin.org.br\/site\/wp-json\/wp\/v2\/product"}],"about":[{"href":"https:\/\/www.irdin.org.br\/site\/wp-json\/wp\/v2\/types\/product"}],"version-history":[{"count":1,"href":"https:\/\/www.irdin.org.br\/site\/wp-json\/wp\/v2\/product\/83077\/revisions"}],"predecessor-version":[{"id":109093,"href":"https:\/\/www.irdin.org.br\/site\/wp-json\/wp\/v2\/product\/83077\/revisions\/109093"}],"wp:featuredmedia":[{"embeddable":true,"href":"https:\/\/www.irdin.org.br\/site\/wp-json\/wp\/v2\/media\/37803"}],"wp:attachment":[{"href":"https:\/\/www.irdin.org.br\/site\/wp-json\/wp\/v2\/media?parent=83077"}],"wp:term":[{"taxonomy":"product_brand","embeddable":true,"href":"https:\/\/www.irdin.org.br\/site\/wp-json\/wp\/v2\/product_brand?post=83077"},{"taxonomy":"product_cat","embeddable":true,"href":"https:\/\/www.irdin.org.br\/site\/wp-json\/wp\/v2\/product_cat?post=83077"},{"taxonomy":"product_tag","embeddable":true,"href":"https:\/\/www.irdin.org.br\/site\/wp-json\/wp\/v2\/product_tag?post=83077"}],"curies":[{"name":"wp","href":"https:\/\/api.w.org\/{rel}","templated":true}]}}