{"id":83082,"date":"2018-04-26T18:15:54","date_gmt":"2018-04-26T18:15:54","guid":{"rendered":"http:\/\/www.irdin.org.br\/site\/produto\/lei-monastica-ascensao-e-vontade-interior\/"},"modified":"2025-03-15T22:34:19","modified_gmt":"2025-03-15T22:34:19","slug":"lei-monastica-ascensao-e-vontade-interior","status":"publish","type":"product","link":"https:\/\/www.irdin.org.br\/site\/produtos\/lei-monastica-ascensao-e-vontade-interior\/","title":{"rendered":"Lei mon\u00e1stica, ascens\u00e3o e vontade interior"},"content":{"rendered":"<p><em>O caminho da ascens\u00e3o \u00e9 nos desprendermos de tudo o que \u00e9 sup\u00e9rfluo e deixar a semente da vontade espiritual crescer em nosso interno. Ingressar em outras dimens\u00f5es de consci\u00eancia, onde leis mon\u00e1sticas reger\u00e3o a vida em nova etapa do planeta.<\/em><\/p>\n<p>&nbsp;<br \/>\n<strong>Ou\u00e7a agora:<\/strong><\/p>\n<p><span data-href=\"https:\/\/www.irdin.org.br\/site\/envios\/audios\/0021_0022__por_por__lei_monastica_ascensao_e_vontade_interior.mp3\" data-title=\"lei mon\u00e1stica, ascens\u00e3o e vontade interior\" data-rel=\"\" data-target=\"\" data-meta=\"#fap-meta-69e36ce71637c\" class=\"fap-single-track fap-track-button fap-play-button\" data-enqueue=\"no\" data-autoenqueue=\"no\" title=\"lei mon\u00e1stica, ascens\u00e3o e vontade interior\"><span class=\"fap-icon-play\"><\/span>Ouvir<\/span> <a href=\"https:\/\/www.irdin.org.br\/site\/envios\/audios\/0021_0022__por_por__lei_monastica_ascensao_e_vontade_interior.mp3\" class=\"baixar\" download><span class=\"fa fa-arrow-down\"><\/span>Baixar<\/span><\/a> <span class=\"textobaixar\"> lei mon\u00e1stica, ascens\u00e3o e vontade interior<\/span><\/p>\n<p>&nbsp;<\/p>\n","protected":false},"excerpt":{"rendered":"<p>O caminho da ascens\u00e3o \u00e9 nos desprendermos de tudo o que \u00e9 sup\u00e9rfluo e deixar a semente da vontade espiritual<\/p>\n","protected":false},"featured_media":37803,"template":"","meta":{"_acf_changed":false},"product_brand":[],"product_cat":[18076,33068],"product_tag":[39501],"class_list":{"0":"post-83082","1":"product","2":"type-product","3":"status-publish","4":"has-post-thumbnail","6":"product_cat-cddvd","7":"product_cat-palestras","8":"product_tag-39501","9":"pa_autor-trigueirinho","10":"pa_codigo-da-serie-32805","11":"pa_codigo-externo-00210022porcd","12":"pa_data-de-gravacao-20602","13":"pa_duracao-46min53s","14":"pa_idioma-de-destino-portugues","15":"pa_idioma-de-origem-portugues","16":"pa_lancamento-no","17":"pa_midia-cd","18":"pa_moac-39500","19":"pa_quantidade-de-saldo-33067","20":"pa_sequencial-da-serie-31875","21":"pa_tipo-de-traducao-nao-classificado","23":"first","24":"outofstock","25":"product-type-simple"},"acf":[],"_links":{"self":[{"href":"https:\/\/www.irdin.org.br\/site\/wp-json\/wp\/v2\/product\/83082","targetHints":{"allow":["GET"]}}],"collection":[{"href":"https:\/\/www.irdin.org.br\/site\/wp-json\/wp\/v2\/product"}],"about":[{"href":"https:\/\/www.irdin.org.br\/site\/wp-json\/wp\/v2\/types\/product"}],"version-history":[{"count":1,"href":"https:\/\/www.irdin.org.br\/site\/wp-json\/wp\/v2\/product\/83082\/revisions"}],"predecessor-version":[{"id":109063,"href":"https:\/\/www.irdin.org.br\/site\/wp-json\/wp\/v2\/product\/83082\/revisions\/109063"}],"wp:featuredmedia":[{"embeddable":true,"href":"https:\/\/www.irdin.org.br\/site\/wp-json\/wp\/v2\/media\/37803"}],"wp:attachment":[{"href":"https:\/\/www.irdin.org.br\/site\/wp-json\/wp\/v2\/media?parent=83082"}],"wp:term":[{"taxonomy":"product_brand","embeddable":true,"href":"https:\/\/www.irdin.org.br\/site\/wp-json\/wp\/v2\/product_brand?post=83082"},{"taxonomy":"product_cat","embeddable":true,"href":"https:\/\/www.irdin.org.br\/site\/wp-json\/wp\/v2\/product_cat?post=83082"},{"taxonomy":"product_tag","embeddable":true,"href":"https:\/\/www.irdin.org.br\/site\/wp-json\/wp\/v2\/product_tag?post=83082"}],"curies":[{"name":"wp","href":"https:\/\/api.w.org\/{rel}","templated":true}]}}