{"id":83083,"date":"2018-04-26T18:15:54","date_gmt":"2018-04-26T18:15:54","guid":{"rendered":"http:\/\/www.irdin.org.br\/site\/produto\/duas-fases-do-caminho-monastico\/"},"modified":"2025-03-15T22:34:27","modified_gmt":"2025-03-15T22:34:27","slug":"duas-fases-do-caminho-monastico","status":"publish","type":"product","link":"https:\/\/www.irdin.org.br\/site\/produtos\/duas-fases-do-caminho-monastico\/","title":{"rendered":"Duas fases do caminho mon\u00e1stico"},"content":{"rendered":"<p><em>Adapta\u00e7\u00f5es dos corpos e provas s\u00e3o o in\u00edcio do caminho mon\u00e1stico. Atrav\u00e9s da entrega, do sil\u00eancio e da ora\u00e7\u00e3o somos forjados pelo fogo do Esp\u00edrito e uma uni\u00e3o interna e profunda com o Todo se faz.<\/em><\/p>\n<p>&nbsp;<br \/>\n<strong>Ou\u00e7a agora:<\/strong><\/p>\n<p><span data-href=\"https:\/\/www.irdin.org.br\/site\/envios\/audios\/0021_0023__por_por__duas_fases_do_caminho_monastico.mp3\" data-title=\"duas fases do caminho mon\u00e1stico\" data-rel=\"\" data-target=\"\" data-meta=\"#fap-meta-69e383bde6212\" class=\"fap-single-track fap-track-button fap-play-button\" data-enqueue=\"no\" data-autoenqueue=\"no\" title=\"duas fases do caminho mon\u00e1stico\"><span class=\"fap-icon-play\"><\/span>Ouvir<\/span> <a href=\"https:\/\/www.irdin.org.br\/site\/envios\/audios\/0021_0023__por_por__duas_fases_do_caminho_monastico.mp3\" class=\"baixar\" download><span class=\"fa fa-arrow-down\"><\/span>Baixar<\/span><\/a> <span class=\"textobaixar\"> duas fases do caminho mon\u00e1stico<\/span><\/p>\n<p>&nbsp;<\/p>\n","protected":false},"excerpt":{"rendered":"<p>Adapta\u00e7\u00f5es dos corpos e provas s\u00e3o o in\u00edcio do caminho mon\u00e1stico. Atrav\u00e9s da entrega, do sil\u00eancio e da ora\u00e7\u00e3o somos<\/p>\n","protected":false},"featured_media":37803,"template":"","meta":{"_acf_changed":false},"product_brand":[],"product_cat":[18076,33068],"product_tag":[39503],"class_list":{"0":"post-83083","1":"product","2":"type-product","3":"status-publish","4":"has-post-thumbnail","6":"product_cat-cddvd","7":"product_cat-palestras","8":"product_tag-39503","9":"pa_autor-trigueirinho","10":"pa_codigo-da-serie-32805","11":"pa_codigo-externo-00210023porcd","12":"pa_data-de-gravacao-20606","13":"pa_duracao-34min25s","14":"pa_idioma-de-destino-portugues","15":"pa_idioma-de-origem-portugues","16":"pa_lancamento-no","17":"pa_midia-cd","18":"pa_moac-39502","19":"pa_quantidade-de-saldo-33067","20":"pa_sequencial-da-serie-31899","21":"pa_tipo-de-traducao-nao-classificado","23":"first","24":"outofstock","25":"product-type-simple"},"acf":[],"_links":{"self":[{"href":"https:\/\/www.irdin.org.br\/site\/wp-json\/wp\/v2\/product\/83083","targetHints":{"allow":["GET"]}}],"collection":[{"href":"https:\/\/www.irdin.org.br\/site\/wp-json\/wp\/v2\/product"}],"about":[{"href":"https:\/\/www.irdin.org.br\/site\/wp-json\/wp\/v2\/types\/product"}],"version-history":[{"count":1,"href":"https:\/\/www.irdin.org.br\/site\/wp-json\/wp\/v2\/product\/83083\/revisions"}],"predecessor-version":[{"id":109064,"href":"https:\/\/www.irdin.org.br\/site\/wp-json\/wp\/v2\/product\/83083\/revisions\/109064"}],"wp:featuredmedia":[{"embeddable":true,"href":"https:\/\/www.irdin.org.br\/site\/wp-json\/wp\/v2\/media\/37803"}],"wp:attachment":[{"href":"https:\/\/www.irdin.org.br\/site\/wp-json\/wp\/v2\/media?parent=83083"}],"wp:term":[{"taxonomy":"product_brand","embeddable":true,"href":"https:\/\/www.irdin.org.br\/site\/wp-json\/wp\/v2\/product_brand?post=83083"},{"taxonomy":"product_cat","embeddable":true,"href":"https:\/\/www.irdin.org.br\/site\/wp-json\/wp\/v2\/product_cat?post=83083"},{"taxonomy":"product_tag","embeddable":true,"href":"https:\/\/www.irdin.org.br\/site\/wp-json\/wp\/v2\/product_tag?post=83083"}],"curies":[{"name":"wp","href":"https:\/\/api.w.org\/{rel}","templated":true}]}}