{"id":83084,"date":"2018-04-26T18:15:54","date_gmt":"2018-04-26T18:15:54","guid":{"rendered":"http:\/\/www.irdin.org.br\/site\/produto\/a-pobreza-como-voto-e-a-caridade-como-irma-palestra-no-1o-encontro-da-ordem-graca-misericordia\/"},"modified":"2022-01-29T00:49:10","modified_gmt":"2022-01-29T00:49:10","slug":"a-pobreza-como-voto-e-a-caridade-como-irma-palestra-no-1o-encontro-da-ordem-graca-misericordia","status":"publish","type":"product","link":"https:\/\/www.irdin.org.br\/site\/produtos\/a-pobreza-como-voto-e-a-caridade-como-irma-palestra-no-1o-encontro-da-ordem-graca-misericordia\/","title":{"rendered":"A pobreza como voto e a caridade como irm\u00e3 &#8211; Palestra no 1\u00ba Encontro da Ordem Gra\u00e7a Miseric\u00f3rdia"},"content":{"rendered":"<p><em>No despojamento de n\u00f3s mesmos partimos ao encontro do verdadeiro sentido da pobreza, que vai nos inserindo na din\u00e2mica do projeto divino. Mergulhados em tal abund\u00e2ncia reconhecemos que o sil\u00eancio \u00e9 um grande est\u00edmulo e guia no caminho da caridade.<\/em><\/p>\n<p>&nbsp;<br \/>\n<strong>Ou\u00e7a agora:<\/strong><\/p>\n<p><span data-href=\"https:\/\/www.irdin.org.br\/site\/envios\/audios\/0021_0024__por_por__a_pobreza_como_voto_e_a_caridade_como_irma.mp3\" data-title=\"a pobreza como voto e a caridade como irm\u00e3\" data-rel=\"\" data-target=\"\" data-meta=\"#fap-meta-69fc5bafa13bf\" class=\"fap-single-track fap-track-button fap-play-button\" data-enqueue=\"no\" data-autoenqueue=\"no\" title=\"a pobreza como voto e a caridade como irm\u00e3\"><span class=\"fap-icon-play\"><\/span>Ouvir<\/span> <a href=\"https:\/\/www.irdin.org.br\/site\/envios\/audios\/0021_0024__por_por__a_pobreza_como_voto_e_a_caridade_como_irma.mp3\" class=\"baixar\" download><span class=\"fa fa-arrow-down\"><\/span>Baixar<\/span><\/a> <span class=\"textobaixar\"> a pobreza como voto e a caridade como irm\u00e3<\/span><\/p>\n<p>&nbsp;<\/p>\n","protected":false},"excerpt":{"rendered":"<p>No despojamento de n\u00f3s mesmos partimos ao encontro do verdadeiro sentido da pobreza, que vai nos inserindo na din\u00e2mica do<\/p>\n","protected":false},"featured_media":37803,"template":"","meta":{"_acf_changed":false},"product_brand":[],"product_cat":[18076,33068],"product_tag":[39505],"class_list":{"0":"post-83084","1":"product","2":"type-product","3":"status-publish","4":"has-post-thumbnail","6":"product_cat-cddvd","7":"product_cat-palestras","8":"product_tag-39505","9":"pa_autor-ordem-graca-misericordia","10":"pa_autor-trigueirinho","11":"pa_codigo-da-serie-32805","12":"pa_codigo-externo-00210024porcd","13":"pa_data-de-gravacao-20610","14":"pa_duracao-41min31s","15":"pa_idioma-de-destino-portugues","16":"pa_idioma-de-origem-portugues","17":"pa_lancamento-no","18":"pa_midia-cd","19":"pa_moac-39504","20":"pa_quantidade-de-saldo-33067","21":"pa_sequencial-da-serie-31900","22":"pa_tipo-de-traducao-nao-classificado","24":"first","25":"outofstock","26":"product-type-simple"},"acf":[],"_links":{"self":[{"href":"https:\/\/www.irdin.org.br\/site\/wp-json\/wp\/v2\/product\/83084","targetHints":{"allow":["GET"]}}],"collection":[{"href":"https:\/\/www.irdin.org.br\/site\/wp-json\/wp\/v2\/product"}],"about":[{"href":"https:\/\/www.irdin.org.br\/site\/wp-json\/wp\/v2\/types\/product"}],"version-history":[{"count":0,"href":"https:\/\/www.irdin.org.br\/site\/wp-json\/wp\/v2\/product\/83084\/revisions"}],"wp:featuredmedia":[{"embeddable":true,"href":"https:\/\/www.irdin.org.br\/site\/wp-json\/wp\/v2\/media\/37803"}],"wp:attachment":[{"href":"https:\/\/www.irdin.org.br\/site\/wp-json\/wp\/v2\/media?parent=83084"}],"wp:term":[{"taxonomy":"product_brand","embeddable":true,"href":"https:\/\/www.irdin.org.br\/site\/wp-json\/wp\/v2\/product_brand?post=83084"},{"taxonomy":"product_cat","embeddable":true,"href":"https:\/\/www.irdin.org.br\/site\/wp-json\/wp\/v2\/product_cat?post=83084"},{"taxonomy":"product_tag","embeddable":true,"href":"https:\/\/www.irdin.org.br\/site\/wp-json\/wp\/v2\/product_tag?post=83084"}],"curies":[{"name":"wp","href":"https:\/\/api.w.org\/{rel}","templated":true}]}}