{"id":83087,"date":"2018-04-26T18:15:54","date_gmt":"2018-04-26T18:15:54","guid":{"rendered":"http:\/\/www.irdin.org.br\/site\/produto\/a-ordem-graca-misericordia-como-parte-do-unico-palestra-no-1o-encontro-da-ordem-graca-misericordia\/"},"modified":"2025-03-15T01:36:18","modified_gmt":"2025-03-15T01:36:18","slug":"a-ordem-graca-misericordia-como-parte-do-unico-palestra-no-1o-encontro-da-ordem-graca-misericordia","status":"publish","type":"product","link":"https:\/\/www.irdin.org.br\/site\/produtos\/a-ordem-graca-misericordia-como-parte-do-unico-palestra-no-1o-encontro-da-ordem-graca-misericordia\/","title":{"rendered":"A Ordem Gra\u00e7a Miseric\u00f3rdia como parte do \u00danico &#8211; Palestra no 1\u00ba Encontro da Ordem Gra\u00e7a Miseric\u00f3rdia"},"content":{"rendered":"<p><em>As formas de participa\u00e7\u00e3o na Ordem e o estudo de cada fun\u00e7\u00e3o \/ Difus\u00e3o no mundo e comunica\u00e7\u00e3o entre almas \/ Votos mon\u00e1sticos e tarefas de seus membros, compreender e assumir al\u00e9m do estatuto<\/em><\/p>\n<p>&nbsp;<br \/>\n<strong>Ou\u00e7a agora:<\/strong><\/p>\n<p><span data-href=\"https:\/\/www.irdin.org.br\/site\/envios\/audios\/0021_0027__por_por__a_ordem_graca_misericordia_como_parte_do_unico.mp3\" data-title=\"a ordem gra\u00e7a miseric\u00f3rdia como parte do \u00danico\" data-rel=\"\" data-target=\"\" data-meta=\"#fap-meta-69fc5624c2e98\" class=\"fap-single-track fap-track-button fap-play-button\" data-enqueue=\"no\" data-autoenqueue=\"no\" title=\"a ordem gra\u00e7a miseric\u00f3rdia como parte do \u00danico\"><span class=\"fap-icon-play\"><\/span>Ouvir<\/span> <a href=\"https:\/\/www.irdin.org.br\/site\/envios\/audios\/0021_0027__por_por__a_ordem_graca_misericordia_como_parte_do_unico.mp3\" class=\"baixar\" download><span class=\"fa fa-arrow-down\"><\/span>Baixar<\/span><\/a> <span class=\"textobaixar\"> a ordem gra\u00e7a miseric\u00f3rdia como parte do \u00danico<\/span><\/p>\n<p>&nbsp;<\/p>\n","protected":false},"excerpt":{"rendered":"<p>As formas de participa\u00e7\u00e3o na Ordem e o estudo de cada fun\u00e7\u00e3o \/ Difus\u00e3o no mundo e comunica\u00e7\u00e3o entre almas<\/p>\n","protected":false},"featured_media":37803,"template":"","meta":{"_acf_changed":false},"product_brand":[],"product_cat":[18076,33068],"product_tag":[39511],"class_list":{"0":"post-83087","1":"product","2":"type-product","3":"status-publish","4":"has-post-thumbnail","6":"product_cat-cddvd","7":"product_cat-palestras","8":"product_tag-39511","9":"pa_autor-ordem-graca-misericordia","10":"pa_autor-trigueirinho","11":"pa_codigo-da-serie-32805","12":"pa_codigo-externo-00210027porcd","13":"pa_data-de-gravacao-20617","14":"pa_duracao-59min51s","15":"pa_idioma-de-destino-portugues","16":"pa_idioma-de-origem-portugues","17":"pa_lancamento-no","18":"pa_midia-cd","19":"pa_moac-39510","20":"pa_quantidade-de-saldo-33067","21":"pa_sequencial-da-serie-31903","22":"pa_tipo-de-traducao-nao-classificado","24":"first","25":"outofstock","26":"product-type-simple"},"acf":[],"_links":{"self":[{"href":"https:\/\/www.irdin.org.br\/site\/wp-json\/wp\/v2\/product\/83087","targetHints":{"allow":["GET"]}}],"collection":[{"href":"https:\/\/www.irdin.org.br\/site\/wp-json\/wp\/v2\/product"}],"about":[{"href":"https:\/\/www.irdin.org.br\/site\/wp-json\/wp\/v2\/types\/product"}],"version-history":[{"count":1,"href":"https:\/\/www.irdin.org.br\/site\/wp-json\/wp\/v2\/product\/83087\/revisions"}],"predecessor-version":[{"id":108251,"href":"https:\/\/www.irdin.org.br\/site\/wp-json\/wp\/v2\/product\/83087\/revisions\/108251"}],"wp:featuredmedia":[{"embeddable":true,"href":"https:\/\/www.irdin.org.br\/site\/wp-json\/wp\/v2\/media\/37803"}],"wp:attachment":[{"href":"https:\/\/www.irdin.org.br\/site\/wp-json\/wp\/v2\/media?parent=83087"}],"wp:term":[{"taxonomy":"product_brand","embeddable":true,"href":"https:\/\/www.irdin.org.br\/site\/wp-json\/wp\/v2\/product_brand?post=83087"},{"taxonomy":"product_cat","embeddable":true,"href":"https:\/\/www.irdin.org.br\/site\/wp-json\/wp\/v2\/product_cat?post=83087"},{"taxonomy":"product_tag","embeddable":true,"href":"https:\/\/www.irdin.org.br\/site\/wp-json\/wp\/v2\/product_tag?post=83087"}],"curies":[{"name":"wp","href":"https:\/\/api.w.org\/{rel}","templated":true}]}}