{"id":83091,"date":"2018-04-26T18:15:54","date_gmt":"2018-04-26T18:15:54","guid":{"rendered":"http:\/\/www.irdin.org.br\/site\/produto\/dia-12-de-novembro-de-2011-em-figueira\/"},"modified":"2025-03-15T22:34:56","modified_gmt":"2025-03-15T22:34:56","slug":"dia-12-de-novembro-de-2011-em-figueira","status":"publish","type":"product","link":"https:\/\/www.irdin.org.br\/site\/produtos\/dia-12-de-novembro-de-2011-em-figueira\/","title":{"rendered":"Dia 12 de novembro de 2011 em Figueira"},"content":{"rendered":"<p><em>Dados sobre os monast\u00e9rios \/ Mainhdra e a paz \/ Retiro intraterreno em Medjugorje \/ Apari\u00e7\u00f5es de Mainhdra em Israel e Medjugorje \/ Cerim\u00f4nias nos monast\u00e9rios dedicadas \u00e0 M\u00e3e Universal \/ Carma dos povos ind\u00edgenas \/ Comunica\u00e7\u00e3o de Mainhdra<\/em><\/p>\n<p>&nbsp;<br \/>\n<strong>Ou\u00e7a agora:<\/strong><\/p>\n<p><span data-href=\"https:\/\/www.irdin.org.br\/site\/envios\/audios\/0021_0036__por_por__dia_12_de_novembro_de_2011_em_figueira.mp3\" data-title=\"dia 12 de novembro de 2011 em figueira\" data-rel=\"\" data-target=\"\" data-meta=\"#fap-meta-69e5f3ff0661a\" class=\"fap-single-track fap-track-button fap-play-button\" data-enqueue=\"no\" data-autoenqueue=\"no\" title=\"dia 12 de novembro de 2011 em figueira\"><span class=\"fap-icon-play\"><\/span>Ouvir<\/span> <a href=\"https:\/\/www.irdin.org.br\/site\/envios\/audios\/0021_0036__por_por__dia_12_de_novembro_de_2011_em_figueira.mp3\" class=\"baixar\" download><span class=\"fa fa-arrow-down\"><\/span>Baixar<\/span><\/a> <span class=\"textobaixar\"> dia 12 de novembro de 2011 em figueira<\/span><\/p>\n<p>&nbsp;<\/p>\n","protected":false},"excerpt":{"rendered":"<p>Dados sobre os monast\u00e9rios \/ Mainhdra e a paz \/ Retiro intraterreno em Medjugorje \/ Apari\u00e7\u00f5es de Mainhdra em Israel<\/p>\n","protected":false},"featured_media":37803,"template":"","meta":{"_acf_changed":false},"product_brand":[],"product_cat":[18076,33068],"product_tag":[39519],"class_list":{"0":"post-83091","1":"product","2":"type-product","3":"status-publish","4":"has-post-thumbnail","6":"product_cat-cddvd","7":"product_cat-palestras","8":"product_tag-39519","9":"pa_autor-trigueirinho","10":"pa_codigo-da-serie-32805","11":"pa_codigo-externo-00210036porcd","12":"pa_data-de-gravacao-20642","13":"pa_duracao-45m06s","14":"pa_idioma-de-destino-portugues","15":"pa_idioma-de-origem-portugues","16":"pa_lancamento-no","17":"pa_midia-cd","18":"pa_moac-39518","19":"pa_quantidade-de-saldo-33067","20":"pa_sequencial-da-serie-31912","21":"pa_tipo-de-traducao-nao-classificado","23":"first","24":"outofstock","25":"product-type-simple"},"acf":[],"_links":{"self":[{"href":"https:\/\/www.irdin.org.br\/site\/wp-json\/wp\/v2\/product\/83091","targetHints":{"allow":["GET"]}}],"collection":[{"href":"https:\/\/www.irdin.org.br\/site\/wp-json\/wp\/v2\/product"}],"about":[{"href":"https:\/\/www.irdin.org.br\/site\/wp-json\/wp\/v2\/types\/product"}],"version-history":[{"count":1,"href":"https:\/\/www.irdin.org.br\/site\/wp-json\/wp\/v2\/product\/83091\/revisions"}],"predecessor-version":[{"id":109067,"href":"https:\/\/www.irdin.org.br\/site\/wp-json\/wp\/v2\/product\/83091\/revisions\/109067"}],"wp:featuredmedia":[{"embeddable":true,"href":"https:\/\/www.irdin.org.br\/site\/wp-json\/wp\/v2\/media\/37803"}],"wp:attachment":[{"href":"https:\/\/www.irdin.org.br\/site\/wp-json\/wp\/v2\/media?parent=83091"}],"wp:term":[{"taxonomy":"product_brand","embeddable":true,"href":"https:\/\/www.irdin.org.br\/site\/wp-json\/wp\/v2\/product_brand?post=83091"},{"taxonomy":"product_cat","embeddable":true,"href":"https:\/\/www.irdin.org.br\/site\/wp-json\/wp\/v2\/product_cat?post=83091"},{"taxonomy":"product_tag","embeddable":true,"href":"https:\/\/www.irdin.org.br\/site\/wp-json\/wp\/v2\/product_tag?post=83091"}],"curies":[{"name":"wp","href":"https:\/\/api.w.org\/{rel}","templated":true}]}}