{"id":83093,"date":"2018-04-26T18:15:54","date_gmt":"2018-04-26T18:15:54","guid":{"rendered":"http:\/\/www.irdin.org.br\/site\/produto\/o-misterio-da-vida-monastica\/"},"modified":"2025-03-15T22:35:12","modified_gmt":"2025-03-15T22:35:12","slug":"o-misterio-da-vida-monastica","status":"publish","type":"product","link":"https:\/\/www.irdin.org.br\/site\/produtos\/o-misterio-da-vida-monastica\/","title":{"rendered":"O mist\u00e9rio da vida mon\u00e1stica"},"content":{"rendered":"<p><em>A perda de uma alma repercute em todo o Universo \/ As duas realidades em que vivem monges e monjas \/ Monast\u00e9rios como ber\u00e7os de padr\u00f5es futuros \/ Transmiss\u00e3o de Mishuk do dia 17 de maio de 2008 \/ O que facilita e o que destr\u00f3i a vida de ora\u00e7\u00e3o \/ Na solid\u00e3o de Deus encontramos as outras almas<\/em><\/p>\n<p>&nbsp;<br \/>\n<strong>Ou\u00e7a agora:<\/strong><\/p>\n<p><span data-href=\"https:\/\/www.irdin.org.br\/site\/envios\/audios\/0021_0042__por_por__o_misterio_da_vida_monastica.mp3\" data-title=\"o mist\u00e9rio da vida mon\u00e1stica\" data-rel=\"\" data-target=\"\" data-meta=\"#fap-meta-69e323f292fd3\" class=\"fap-single-track fap-track-button fap-play-button\" data-enqueue=\"no\" data-autoenqueue=\"no\" title=\"o mist\u00e9rio da vida mon\u00e1stica\"><span class=\"fap-icon-play\"><\/span>Ouvir<\/span> <a href=\"https:\/\/www.irdin.org.br\/site\/envios\/audios\/0021_0042__por_por__o_misterio_da_vida_monastica.mp3\" class=\"baixar\" download><span class=\"fa fa-arrow-down\"><\/span>Baixar<\/span><\/a> <span class=\"textobaixar\"> o mist\u00e9rio da vida mon\u00e1stica<\/span><\/p>\n<p>&nbsp;<\/p>\n","protected":false},"excerpt":{"rendered":"<p>A perda de uma alma repercute em todo o Universo \/ As duas realidades em que vivem monges e monjas<\/p>\n","protected":false},"featured_media":37803,"template":"","meta":{"_acf_changed":false},"product_brand":[],"product_cat":[18076,33068],"product_tag":[39523],"class_list":{"0":"post-83093","1":"product","2":"type-product","3":"status-publish","4":"has-post-thumbnail","6":"product_cat-cddvd","7":"product_cat-palestras","8":"product_tag-39523","9":"pa_autor-trigueirinho","10":"pa_codigo-da-serie-32805","11":"pa_codigo-externo-00210042porcd","12":"pa_data-de-gravacao-20659","13":"pa_duracao-42min","14":"pa_idioma-de-destino-portugues","15":"pa_idioma-de-origem-portugues","16":"pa_lancamento-no","17":"pa_midia-cd","18":"pa_moac-39522","19":"pa_quantidade-de-saldo-33067","20":"pa_sequencial-da-serie-31918","21":"pa_tipo-de-traducao-nao-classificado","23":"first","24":"outofstock","25":"product-type-simple"},"acf":[],"_links":{"self":[{"href":"https:\/\/www.irdin.org.br\/site\/wp-json\/wp\/v2\/product\/83093","targetHints":{"allow":["GET"]}}],"collection":[{"href":"https:\/\/www.irdin.org.br\/site\/wp-json\/wp\/v2\/product"}],"about":[{"href":"https:\/\/www.irdin.org.br\/site\/wp-json\/wp\/v2\/types\/product"}],"version-history":[{"count":1,"href":"https:\/\/www.irdin.org.br\/site\/wp-json\/wp\/v2\/product\/83093\/revisions"}],"predecessor-version":[{"id":109069,"href":"https:\/\/www.irdin.org.br\/site\/wp-json\/wp\/v2\/product\/83093\/revisions\/109069"}],"wp:featuredmedia":[{"embeddable":true,"href":"https:\/\/www.irdin.org.br\/site\/wp-json\/wp\/v2\/media\/37803"}],"wp:attachment":[{"href":"https:\/\/www.irdin.org.br\/site\/wp-json\/wp\/v2\/media?parent=83093"}],"wp:term":[{"taxonomy":"product_brand","embeddable":true,"href":"https:\/\/www.irdin.org.br\/site\/wp-json\/wp\/v2\/product_brand?post=83093"},{"taxonomy":"product_cat","embeddable":true,"href":"https:\/\/www.irdin.org.br\/site\/wp-json\/wp\/v2\/product_cat?post=83093"},{"taxonomy":"product_tag","embeddable":true,"href":"https:\/\/www.irdin.org.br\/site\/wp-json\/wp\/v2\/product_tag?post=83093"}],"curies":[{"name":"wp","href":"https:\/\/api.w.org\/{rel}","templated":true}]}}