{"id":83098,"date":"2018-04-26T18:16:12","date_gmt":"2018-04-26T18:16:12","guid":{"rendered":"http:\/\/www.irdin.org.br\/site\/produto\/o-grande-servico-em-peixes\/"},"modified":"2025-03-15T22:30:20","modified_gmt":"2025-03-15T22:30:20","slug":"o-grande-servico-em-peixes","status":"publish","type":"product","link":"https:\/\/www.irdin.org.br\/site\/produtos\/o-grande-servico-em-peixes\/","title":{"rendered":"O grande servi\u00e7o em Peixes"},"content":{"rendered":"<p><em>Energia que nos prepara para o servi\u00e7o planet\u00e1rio.<\/em><\/p>\n<p>&nbsp;<br \/>\n<strong>Ou\u00e7a agora:<\/strong><\/p>\n<p><span data-href=\"https:\/\/www.irdin.org.br\/site\/envios\/audios\/0022_0013__por_por__o_grande_servico_em_peixes.mp3\" data-title=\"o grande servi\u00e7o em peixes\" data-rel=\"\" data-target=\"\" data-meta=\"#fap-meta-69e44113bd399\" class=\"fap-single-track fap-track-button fap-play-button\" data-enqueue=\"no\" data-autoenqueue=\"no\" title=\"o grande servi\u00e7o em peixes\"><span class=\"fap-icon-play\"><\/span>Ouvir<\/span> <a href=\"https:\/\/www.irdin.org.br\/site\/envios\/audios\/0022_0013__por_por__o_grande_servico_em_peixes.mp3\" class=\"baixar\" download><span class=\"fa fa-arrow-down\"><\/span>Baixar<\/span><\/a> <span class=\"textobaixar\"> o grande servi\u00e7o em peixes<\/span><\/p>\n<p>&nbsp;<\/p>\n","protected":false},"excerpt":{"rendered":"<p>Energia que nos prepara para o servi\u00e7o planet\u00e1rio. &nbsp; Ou\u00e7a agora: Baixar o grande servi\u00e7o em peixes &nbsp;<\/p>\n","protected":false},"featured_media":37803,"template":"","meta":{"_acf_changed":false},"product_brand":[],"product_cat":[18076,33068],"product_tag":[39533],"class_list":{"0":"post-83098","1":"product","2":"type-product","3":"status-publish","4":"has-post-thumbnail","6":"product_cat-cddvd","7":"product_cat-palestras","8":"product_tag-39533","9":"pa_autor-trigueirinho","10":"pa_codigo-da-serie-32808","11":"pa_codigo-externo-00220013porcd","12":"pa_data-de-gravacao-20679","13":"pa_duracao-30min18s","14":"pa_idioma-de-destino-portugues","15":"pa_idioma-de-origem-portugues","16":"pa_lancamento-no","17":"pa_midia-cd","18":"pa_moac-39532","19":"pa_quantidade-de-saldo-33067","20":"pa_sequencial-da-serie-31895","21":"pa_tipo-de-traducao-nao-classificado","23":"first","24":"outofstock","25":"product-type-simple"},"acf":[],"_links":{"self":[{"href":"https:\/\/www.irdin.org.br\/site\/wp-json\/wp\/v2\/product\/83098","targetHints":{"allow":["GET"]}}],"collection":[{"href":"https:\/\/www.irdin.org.br\/site\/wp-json\/wp\/v2\/product"}],"about":[{"href":"https:\/\/www.irdin.org.br\/site\/wp-json\/wp\/v2\/types\/product"}],"version-history":[{"count":1,"href":"https:\/\/www.irdin.org.br\/site\/wp-json\/wp\/v2\/product\/83098\/revisions"}],"predecessor-version":[{"id":109043,"href":"https:\/\/www.irdin.org.br\/site\/wp-json\/wp\/v2\/product\/83098\/revisions\/109043"}],"wp:featuredmedia":[{"embeddable":true,"href":"https:\/\/www.irdin.org.br\/site\/wp-json\/wp\/v2\/media\/37803"}],"wp:attachment":[{"href":"https:\/\/www.irdin.org.br\/site\/wp-json\/wp\/v2\/media?parent=83098"}],"wp:term":[{"taxonomy":"product_brand","embeddable":true,"href":"https:\/\/www.irdin.org.br\/site\/wp-json\/wp\/v2\/product_brand?post=83098"},{"taxonomy":"product_cat","embeddable":true,"href":"https:\/\/www.irdin.org.br\/site\/wp-json\/wp\/v2\/product_cat?post=83098"},{"taxonomy":"product_tag","embeddable":true,"href":"https:\/\/www.irdin.org.br\/site\/wp-json\/wp\/v2\/product_tag?post=83098"}],"curies":[{"name":"wp","href":"https:\/\/api.w.org\/{rel}","templated":true}]}}