{"id":83099,"date":"2018-04-26T18:16:12","date_gmt":"2018-04-26T18:16:12","guid":{"rendered":"http:\/\/www.irdin.org.br\/site\/produto\/conversas-com-trigueirinho-no-1\/"},"modified":"2024-09-27T13:09:09","modified_gmt":"2024-09-27T13:09:09","slug":"conversas-com-trigueirinho-no-1","status":"publish","type":"product","link":"https:\/\/www.irdin.org.br\/site\/produtos\/conversas-com-trigueirinho-no-1\/","title":{"rendered":"Conversas com Trigueirinho n\u00ba 1"},"content":{"rendered":"<p><em>Uso do mel no antigo Tibete e hoje em Figueira \/ A fun\u00e7\u00e3o das abelhas no Plano Evolutivo \/ Relacionamento com formigas-cortadeiras e animais nocivos \/ Disciplina dos corpos da personalidade \/ Eleva\u00e7\u00e3o da consci\u00eancia e transcend\u00eancia da mente \/ Facilita\u00e7\u00e3o para contatos internos \/ Universalidade, respeito e neutralidade para com outras linhas do Ensinamento<\/em><\/p>\n<p>&nbsp;<br \/>\n<strong>Ou\u00e7a agora:<\/strong><\/p>\n<p><span data-href=\"https:\/\/www.irdin.org.br\/site\/envios\/audios\/0023_0001__por_por__conversas_com_trigueirinho_n001.mp3\" data-title=\"conversas com trigueirinho n\u00ba 1\" data-rel=\"\" data-target=\"\" data-meta=\"#fap-meta-69e410c9b3b38\" class=\"fap-single-track fap-track-button fap-play-button\" data-enqueue=\"no\" data-autoenqueue=\"no\" title=\"conversas com trigueirinho n\u00ba 1\"><span class=\"fap-icon-play\"><\/span>Ouvir<\/span> <a href=\"https:\/\/www.irdin.org.br\/site\/envios\/audios\/0023_0001__por_por__conversas_com_trigueirinho_n001.mp3\" class=\"baixar\" download><span class=\"fa fa-arrow-down\"><\/span>Baixar<\/span><\/a> <span class=\"textobaixar\"> conversas com trigueirinho n\u00ba 1<\/span><\/p>\n<p>&nbsp;<\/p>\n","protected":false},"excerpt":{"rendered":"<p>Uso do mel no antigo Tibete e hoje em Figueira \/ A fun\u00e7\u00e3o das abelhas no Plano Evolutivo \/ Relacionamento<\/p>\n","protected":false},"featured_media":37803,"template":"","meta":{"_acf_changed":false},"product_brand":[],"product_cat":[18076,33068],"product_tag":[39535],"class_list":{"0":"post-83099","1":"product","2":"type-product","3":"status-publish","4":"has-post-thumbnail","6":"product_cat-cddvd","7":"product_cat-palestras","8":"product_tag-39535","9":"pa_autor-trigueirinho","10":"pa_codigo-da-serie-31985","11":"pa_codigo-externo-00230001porcd","12":"pa_data-de-gravacao-20683","13":"pa_duracao-36min8s","14":"pa_idioma-de-destino-portugues","15":"pa_idioma-de-origem-portugues","16":"pa_lancamento-no","17":"pa_midia-cd","18":"pa_moac-39534","19":"pa_quantidade-de-saldo-33067","20":"pa_sequencial-da-serie-31877","21":"pa_tipo-de-traducao-nao-classificado","23":"first","24":"outofstock","25":"product-type-simple"},"acf":[],"_links":{"self":[{"href":"https:\/\/www.irdin.org.br\/site\/wp-json\/wp\/v2\/product\/83099","targetHints":{"allow":["GET"]}}],"collection":[{"href":"https:\/\/www.irdin.org.br\/site\/wp-json\/wp\/v2\/product"}],"about":[{"href":"https:\/\/www.irdin.org.br\/site\/wp-json\/wp\/v2\/types\/product"}],"version-history":[{"count":1,"href":"https:\/\/www.irdin.org.br\/site\/wp-json\/wp\/v2\/product\/83099\/revisions"}],"predecessor-version":[{"id":107702,"href":"https:\/\/www.irdin.org.br\/site\/wp-json\/wp\/v2\/product\/83099\/revisions\/107702"}],"wp:featuredmedia":[{"embeddable":true,"href":"https:\/\/www.irdin.org.br\/site\/wp-json\/wp\/v2\/media\/37803"}],"wp:attachment":[{"href":"https:\/\/www.irdin.org.br\/site\/wp-json\/wp\/v2\/media?parent=83099"}],"wp:term":[{"taxonomy":"product_brand","embeddable":true,"href":"https:\/\/www.irdin.org.br\/site\/wp-json\/wp\/v2\/product_brand?post=83099"},{"taxonomy":"product_cat","embeddable":true,"href":"https:\/\/www.irdin.org.br\/site\/wp-json\/wp\/v2\/product_cat?post=83099"},{"taxonomy":"product_tag","embeddable":true,"href":"https:\/\/www.irdin.org.br\/site\/wp-json\/wp\/v2\/product_tag?post=83099"}],"curies":[{"name":"wp","href":"https:\/\/api.w.org\/{rel}","templated":true}]}}