{"id":83101,"date":"2018-04-26T18:16:12","date_gmt":"2018-04-26T18:16:12","guid":{"rendered":"http:\/\/www.irdin.org.br\/site\/produto\/conversas-com-trigueirinho-no-3\/"},"modified":"2025-03-15T22:30:54","modified_gmt":"2025-03-15T22:30:54","slug":"conversas-com-trigueirinho-no-3","status":"publish","type":"product","link":"https:\/\/www.irdin.org.br\/site\/produtos\/conversas-com-trigueirinho-no-3\/","title":{"rendered":"Conversas com Trigueirinho n\u00ba 3"},"content":{"rendered":"<p><em>O bem e o mal \/ Ascens\u00e3o dos que fazem o bem \/ A Hierarquia da Luz e a outra \/ Ajuda dos Pensamentos Di\u00e1rios publicados por Figueira \/ A raz\u00e3o das doen\u00e7as em seres avan\u00e7ados \/ Amor universal \/ Saber doar, mas tamb\u00e9m aprender a repor \/ Oferta da pr\u00f3pria vida ao Eu Superior \/ Pureza e sinceridade na doa\u00e7\u00e3o de si<\/em><\/p>\n<p>&nbsp;<br \/>\n<strong>Ou\u00e7a agora:<\/strong><\/p>\n<p><span data-href=\"https:\/\/www.irdin.org.br\/site\/envios\/audios\/0023_0003__por_por__conversas_com_trigueirinho_n003.mp3\" data-title=\"conversas com trigueirinho n\u00ba 3\" data-rel=\"\" data-target=\"\" data-meta=\"#fap-meta-69e3def3cf8d6\" class=\"fap-single-track fap-track-button fap-play-button\" data-enqueue=\"no\" data-autoenqueue=\"no\" title=\"conversas com trigueirinho n\u00ba 3\"><span class=\"fap-icon-play\"><\/span>Ouvir<\/span> <a href=\"https:\/\/www.irdin.org.br\/site\/envios\/audios\/0023_0003__por_por__conversas_com_trigueirinho_n003.mp3\" class=\"baixar\" download><span class=\"fa fa-arrow-down\"><\/span>Baixar<\/span><\/a> <span class=\"textobaixar\"> conversas com trigueirinho n\u00ba 3<\/span><\/p>\n<p>&nbsp;<\/p>\n","protected":false},"excerpt":{"rendered":"<p>O bem e o mal \/ Ascens\u00e3o dos que fazem o bem \/ A Hierarquia da Luz e a outra<\/p>\n","protected":false},"featured_media":37803,"template":"","meta":{"_acf_changed":false},"product_brand":[],"product_cat":[18076,33068],"product_tag":[39539],"class_list":{"0":"post-83101","1":"product","2":"type-product","3":"status-publish","4":"has-post-thumbnail","6":"product_cat-cddvd","7":"product_cat-palestras","8":"product_tag-39539","9":"pa_autor-trigueirinho","10":"pa_codigo-da-serie-31985","11":"pa_codigo-externo-00230003porcd","12":"pa_data-de-gravacao-20690","13":"pa_duracao-36min","14":"pa_idioma-de-destino-portugues","15":"pa_idioma-de-origem-portugues","16":"pa_lancamento-no","17":"pa_midia-cd","18":"pa_moac-39538","19":"pa_quantidade-de-saldo-33067","20":"pa_sequencial-da-serie-31879","21":"pa_tipo-de-traducao-nao-classificado","23":"first","24":"outofstock","25":"product-type-simple"},"acf":[],"_links":{"self":[{"href":"https:\/\/www.irdin.org.br\/site\/wp-json\/wp\/v2\/product\/83101","targetHints":{"allow":["GET"]}}],"collection":[{"href":"https:\/\/www.irdin.org.br\/site\/wp-json\/wp\/v2\/product"}],"about":[{"href":"https:\/\/www.irdin.org.br\/site\/wp-json\/wp\/v2\/types\/product"}],"version-history":[{"count":1,"href":"https:\/\/www.irdin.org.br\/site\/wp-json\/wp\/v2\/product\/83101\/revisions"}],"predecessor-version":[{"id":109045,"href":"https:\/\/www.irdin.org.br\/site\/wp-json\/wp\/v2\/product\/83101\/revisions\/109045"}],"wp:featuredmedia":[{"embeddable":true,"href":"https:\/\/www.irdin.org.br\/site\/wp-json\/wp\/v2\/media\/37803"}],"wp:attachment":[{"href":"https:\/\/www.irdin.org.br\/site\/wp-json\/wp\/v2\/media?parent=83101"}],"wp:term":[{"taxonomy":"product_brand","embeddable":true,"href":"https:\/\/www.irdin.org.br\/site\/wp-json\/wp\/v2\/product_brand?post=83101"},{"taxonomy":"product_cat","embeddable":true,"href":"https:\/\/www.irdin.org.br\/site\/wp-json\/wp\/v2\/product_cat?post=83101"},{"taxonomy":"product_tag","embeddable":true,"href":"https:\/\/www.irdin.org.br\/site\/wp-json\/wp\/v2\/product_tag?post=83101"}],"curies":[{"name":"wp","href":"https:\/\/api.w.org\/{rel}","templated":true}]}}