{"id":83115,"date":"2018-04-26T18:16:12","date_gmt":"2018-04-26T18:16:12","guid":{"rendered":"http:\/\/www.irdin.org.br\/site\/produto\/conversas-com-trigueirinho-no-27\/"},"modified":"2025-03-15T22:32:46","modified_gmt":"2025-03-15T22:32:46","slug":"conversas-com-trigueirinho-no-27","status":"publish","type":"product","link":"https:\/\/www.irdin.org.br\/site\/produtos\/conversas-com-trigueirinho-no-27\/","title":{"rendered":"Conversas com Trigueirinho n\u00ba 27"},"content":{"rendered":"<p><em>For\u00e7as involutivas em retiros espirituais \/ Jogos do ego e persist\u00eancia no caminho \/ Dom\u00ednio da palavra \/ Quando a alma se desintegra? \/ Manipula\u00e7\u00e3o gen\u00e9tica e clonagem \/ Descaminhos da Ci\u00eancia \/ Ajuda do S\u00e9timo Raio \/ Ordem, harmonia e efici\u00eancia em trabalhos grupais evolutivos \/ A import\u00e2ncia de ter presente a vida interna e sutil<\/em><\/p>\n<p>&nbsp;<br \/>\n<strong>Ou\u00e7a agora:<\/strong><\/p>\n<p><span data-href=\"https:\/\/www.irdin.org.br\/site\/envios\/audios\/0023_0027__por_por__conversas_com_trigueirinho_n027.mp3\" data-title=\"conversas com trigueirinho n\u00ba 27\" data-rel=\"\" data-target=\"\" data-meta=\"#fap-meta-69e9373054cf8\" class=\"fap-single-track fap-track-button fap-play-button\" data-enqueue=\"no\" data-autoenqueue=\"no\" title=\"conversas com trigueirinho n\u00ba 27\"><span class=\"fap-icon-play\"><\/span>Ouvir<\/span> <a href=\"https:\/\/www.irdin.org.br\/site\/envios\/audios\/0023_0027__por_por__conversas_com_trigueirinho_n027.mp3\" class=\"baixar\" download><span class=\"fa fa-arrow-down\"><\/span>Baixar<\/span><\/a> <span class=\"textobaixar\"> conversas com trigueirinho n\u00ba 27<\/span><\/p>\n<p>&nbsp;<\/p>\n","protected":false},"excerpt":{"rendered":"<p>For\u00e7as involutivas em retiros espirituais \/ Jogos do ego e persist\u00eancia no caminho \/ Dom\u00ednio da palavra \/ Quando a<\/p>\n","protected":false},"featured_media":37803,"template":"","meta":{"_acf_changed":false},"product_brand":[],"product_cat":[18076,33068],"product_tag":[39567],"class_list":{"0":"post-83115","1":"product","2":"type-product","3":"status-publish","4":"has-post-thumbnail","6":"product_cat-cddvd","7":"product_cat-palestras","8":"product_tag-39567","9":"pa_autor-trigueirinho","10":"pa_codigo-da-serie-31985","11":"pa_codigo-externo-00230027porcd","12":"pa_data-de-gravacao-20734","13":"pa_duracao-49min8s","14":"pa_idioma-de-destino-portugues","15":"pa_idioma-de-origem-portugues","16":"pa_lancamento-no","17":"pa_midia-cd","18":"pa_moac-39566","19":"pa_quantidade-de-saldo-33067","20":"pa_sequencial-da-serie-31903","21":"pa_tipo-de-traducao-nao-classificado","23":"first","24":"outofstock","25":"product-type-simple"},"acf":[],"_links":{"self":[{"href":"https:\/\/www.irdin.org.br\/site\/wp-json\/wp\/v2\/product\/83115","targetHints":{"allow":["GET"]}}],"collection":[{"href":"https:\/\/www.irdin.org.br\/site\/wp-json\/wp\/v2\/product"}],"about":[{"href":"https:\/\/www.irdin.org.br\/site\/wp-json\/wp\/v2\/types\/product"}],"version-history":[{"count":1,"href":"https:\/\/www.irdin.org.br\/site\/wp-json\/wp\/v2\/product\/83115\/revisions"}],"predecessor-version":[{"id":109056,"href":"https:\/\/www.irdin.org.br\/site\/wp-json\/wp\/v2\/product\/83115\/revisions\/109056"}],"wp:featuredmedia":[{"embeddable":true,"href":"https:\/\/www.irdin.org.br\/site\/wp-json\/wp\/v2\/media\/37803"}],"wp:attachment":[{"href":"https:\/\/www.irdin.org.br\/site\/wp-json\/wp\/v2\/media?parent=83115"}],"wp:term":[{"taxonomy":"product_brand","embeddable":true,"href":"https:\/\/www.irdin.org.br\/site\/wp-json\/wp\/v2\/product_brand?post=83115"},{"taxonomy":"product_cat","embeddable":true,"href":"https:\/\/www.irdin.org.br\/site\/wp-json\/wp\/v2\/product_cat?post=83115"},{"taxonomy":"product_tag","embeddable":true,"href":"https:\/\/www.irdin.org.br\/site\/wp-json\/wp\/v2\/product_tag?post=83115"}],"curies":[{"name":"wp","href":"https:\/\/api.w.org\/{rel}","templated":true}]}}