{"id":83123,"date":"2018-04-26T18:16:29","date_gmt":"2018-04-26T18:16:29","guid":{"rendered":"http:\/\/www.irdin.org.br\/site\/produto\/conversas-com-trigueirinho-no-35\/"},"modified":"2025-03-15T22:28:26","modified_gmt":"2025-03-15T22:28:26","slug":"conversas-com-trigueirinho-no-35","status":"publish","type":"product","link":"https:\/\/www.irdin.org.br\/site\/produtos\/conversas-com-trigueirinho-no-35\/","title":{"rendered":"Conversas com Trigueirinho n\u00ba 35"},"content":{"rendered":"<p><em>Cirurgias espirituais em gr\u00e1vida \/ Import\u00e2ncia da f\u00e9 quando retiramos for\u00e7as involutivas do pr\u00f3prio ser \/ Atitude correta perante quem est\u00e1 desencarnando e perante quem desencarnou \/ Ora\u00e7\u00e3o de ajuda a quem est\u00e1 prestes a desencarnar \/ Os banhos de imers\u00e3o como cerimonial \/ Trabalho sacerdotal<\/em><\/p>\n<p>&nbsp;<br \/>\n<strong>Ou\u00e7a agora:<\/strong><\/p>\n<p><span data-href=\"https:\/\/www.irdin.org.br\/site\/envios\/audios\/0023_0035__por_por__conversas_com_trigueirinho_n035.mp3\" data-title=\"conversas com trigueirinho n\u00ba 35\" data-rel=\"\" data-target=\"\" data-meta=\"#fap-meta-69f7081f386c4\" class=\"fap-single-track fap-track-button fap-play-button\" data-enqueue=\"no\" data-autoenqueue=\"no\" title=\"conversas com trigueirinho n\u00ba 35\"><span class=\"fap-icon-play\"><\/span>Ouvir<\/span> <a href=\"https:\/\/www.irdin.org.br\/site\/envios\/audios\/0023_0035__por_por__conversas_com_trigueirinho_n035.mp3\" class=\"baixar\" download><span class=\"fa fa-arrow-down\"><\/span>Baixar<\/span><\/a> <span class=\"textobaixar\"> conversas com trigueirinho n\u00ba 35<\/span><\/p>\n<p>&nbsp;<\/p>\n","protected":false},"excerpt":{"rendered":"<p>Cirurgias espirituais em gr\u00e1vida \/ Import\u00e2ncia da f\u00e9 quando retiramos for\u00e7as involutivas do pr\u00f3prio ser \/ Atitude correta perante quem<\/p>\n","protected":false},"featured_media":37803,"template":"","meta":{"_acf_changed":false},"product_brand":[],"product_cat":[18076,33068],"product_tag":[39581],"class_list":{"0":"post-83123","1":"product","2":"type-product","3":"status-publish","4":"has-post-thumbnail","6":"product_cat-cddvd","7":"product_cat-palestras","8":"product_tag-39581","9":"pa_autor-trigueirinho","10":"pa_codigo-da-serie-31985","11":"pa_codigo-externo-00230035porcd","12":"pa_data-de-gravacao-20760","13":"pa_duracao-36min","14":"pa_idioma-de-destino-portugues","15":"pa_idioma-de-origem-portugues","16":"pa_lancamento-no","17":"pa_midia-cd","18":"pa_moac-39580","19":"pa_quantidade-de-saldo-33067","20":"pa_sequencial-da-serie-31911","21":"pa_tipo-de-traducao-nao-classificado","23":"first","24":"outofstock","25":"product-type-simple"},"acf":[],"_links":{"self":[{"href":"https:\/\/www.irdin.org.br\/site\/wp-json\/wp\/v2\/product\/83123","targetHints":{"allow":["GET"]}}],"collection":[{"href":"https:\/\/www.irdin.org.br\/site\/wp-json\/wp\/v2\/product"}],"about":[{"href":"https:\/\/www.irdin.org.br\/site\/wp-json\/wp\/v2\/types\/product"}],"version-history":[{"count":1,"href":"https:\/\/www.irdin.org.br\/site\/wp-json\/wp\/v2\/product\/83123\/revisions"}],"predecessor-version":[{"id":109030,"href":"https:\/\/www.irdin.org.br\/site\/wp-json\/wp\/v2\/product\/83123\/revisions\/109030"}],"wp:featuredmedia":[{"embeddable":true,"href":"https:\/\/www.irdin.org.br\/site\/wp-json\/wp\/v2\/media\/37803"}],"wp:attachment":[{"href":"https:\/\/www.irdin.org.br\/site\/wp-json\/wp\/v2\/media?parent=83123"}],"wp:term":[{"taxonomy":"product_brand","embeddable":true,"href":"https:\/\/www.irdin.org.br\/site\/wp-json\/wp\/v2\/product_brand?post=83123"},{"taxonomy":"product_cat","embeddable":true,"href":"https:\/\/www.irdin.org.br\/site\/wp-json\/wp\/v2\/product_cat?post=83123"},{"taxonomy":"product_tag","embeddable":true,"href":"https:\/\/www.irdin.org.br\/site\/wp-json\/wp\/v2\/product_tag?post=83123"}],"curies":[{"name":"wp","href":"https:\/\/api.w.org\/{rel}","templated":true}]}}