{"id":83126,"date":"2018-04-26T18:16:29","date_gmt":"2018-04-26T18:16:29","guid":{"rendered":"http:\/\/www.irdin.org.br\/site\/produto\/conversas-com-trigueirinho-no-38\/"},"modified":"2025-03-15T22:28:49","modified_gmt":"2025-03-15T22:28:49","slug":"conversas-com-trigueirinho-no-38","status":"publish","type":"product","link":"https:\/\/www.irdin.org.br\/site\/produtos\/conversas-com-trigueirinho-no-38\/","title":{"rendered":"Conversas com Trigueirinho n\u00ba 38"},"content":{"rendered":"<p><em>Que \u00e9 o sono e para que serve? \/ A evolu\u00e7\u00e3o do estudo \/ Contato com a energia hier\u00e1rquica, cura e sutiliza\u00e7\u00e3o do corpo mental pelo estudo \/ Chegada \u00e0 fonte interna do conhecimento \/ Aromas sutis de rosas, jasmins, ger\u00e2nios e outros em Figueira, sinais da presen\u00e7a de Hierarquias espirituais \/ Percep\u00e7\u00e3o al\u00e9m dos sentidos<\/em><\/p>\n<p>&nbsp;<br \/>\n<strong>Ou\u00e7a agora:<\/strong><\/p>\n<p><span data-href=\"https:\/\/www.irdin.org.br\/site\/envios\/audios\/0023_0038__por_por__conversas_com_trigueirinho_n038.mp3\" data-title=\"conversas com trigueirinho n\u00ba 38\" data-rel=\"\" data-target=\"\" data-meta=\"#fap-meta-69e209b44fc06\" class=\"fap-single-track fap-track-button fap-play-button\" data-enqueue=\"no\" data-autoenqueue=\"no\" title=\"conversas com trigueirinho n\u00ba 38\"><span class=\"fap-icon-play\"><\/span>Ouvir<\/span> <a href=\"https:\/\/www.irdin.org.br\/site\/envios\/audios\/0023_0038__por_por__conversas_com_trigueirinho_n038.mp3\" class=\"baixar\" download><span class=\"fa fa-arrow-down\"><\/span>Baixar<\/span><\/a> <span class=\"textobaixar\"> conversas com trigueirinho n\u00ba 38<\/span><\/p>\n<p>&nbsp;<\/p>\n","protected":false},"excerpt":{"rendered":"<p>Que \u00e9 o sono e para que serve? \/ A evolu\u00e7\u00e3o do estudo \/ Contato com a energia hier\u00e1rquica, cura<\/p>\n","protected":false},"featured_media":37803,"template":"","meta":{"_acf_changed":false},"product_brand":[],"product_cat":[18076,33068],"product_tag":[39587],"class_list":{"0":"post-83126","1":"product","2":"type-product","3":"status-publish","4":"has-post-thumbnail","6":"product_cat-cddvd","7":"product_cat-palestras","8":"product_tag-39587","9":"pa_autor-trigueirinho","10":"pa_codigo-da-serie-31985","11":"pa_codigo-externo-00230038porcd","12":"pa_data-de-gravacao-20769","13":"pa_duracao-40min","14":"pa_idioma-de-destino-portugues","15":"pa_idioma-de-origem-portugues","16":"pa_lancamento-no","17":"pa_midia-cd","18":"pa_moac-39586","19":"pa_quantidade-de-saldo-33067","20":"pa_sequencial-da-serie-31914","21":"pa_tipo-de-traducao-nao-classificado","23":"first","24":"outofstock","25":"product-type-simple"},"acf":[],"_links":{"self":[{"href":"https:\/\/www.irdin.org.br\/site\/wp-json\/wp\/v2\/product\/83126","targetHints":{"allow":["GET"]}}],"collection":[{"href":"https:\/\/www.irdin.org.br\/site\/wp-json\/wp\/v2\/product"}],"about":[{"href":"https:\/\/www.irdin.org.br\/site\/wp-json\/wp\/v2\/types\/product"}],"version-history":[{"count":1,"href":"https:\/\/www.irdin.org.br\/site\/wp-json\/wp\/v2\/product\/83126\/revisions"}],"predecessor-version":[{"id":109033,"href":"https:\/\/www.irdin.org.br\/site\/wp-json\/wp\/v2\/product\/83126\/revisions\/109033"}],"wp:featuredmedia":[{"embeddable":true,"href":"https:\/\/www.irdin.org.br\/site\/wp-json\/wp\/v2\/media\/37803"}],"wp:attachment":[{"href":"https:\/\/www.irdin.org.br\/site\/wp-json\/wp\/v2\/media?parent=83126"}],"wp:term":[{"taxonomy":"product_brand","embeddable":true,"href":"https:\/\/www.irdin.org.br\/site\/wp-json\/wp\/v2\/product_brand?post=83126"},{"taxonomy":"product_cat","embeddable":true,"href":"https:\/\/www.irdin.org.br\/site\/wp-json\/wp\/v2\/product_cat?post=83126"},{"taxonomy":"product_tag","embeddable":true,"href":"https:\/\/www.irdin.org.br\/site\/wp-json\/wp\/v2\/product_tag?post=83126"}],"curies":[{"name":"wp","href":"https:\/\/api.w.org\/{rel}","templated":true}]}}