{"id":83128,"date":"2018-04-26T18:16:29","date_gmt":"2018-04-26T18:16:29","guid":{"rendered":"http:\/\/www.irdin.org.br\/site\/produto\/conversas-com-trigueirinho-no-40\/"},"modified":"2025-03-15T22:29:03","modified_gmt":"2025-03-15T22:29:03","slug":"conversas-com-trigueirinho-no-40","status":"publish","type":"product","link":"https:\/\/www.irdin.org.br\/site\/produtos\/conversas-com-trigueirinho-no-40\/","title":{"rendered":"Conversas com Trigueirinho n\u00ba 40"},"content":{"rendered":"<p><em>Mente e cora\u00e7\u00e3o em trabalho conjunto \/ Dedica\u00e7\u00e3o incondicional ao servi\u00e7o evolutivo \/ Livre-arb\u00edtrio e consci\u00eancia superior \/ Pessoas diferentes na mesma tarefa \/ Acreditar em Deus? \/ Buscar respostas no interior do pr\u00f3prio ser \/ Personalidades divinas que desencarnam desastrosamente \/ A raz\u00e3o do culto a animais na Antig\u00fcidade \/ O dia 8 de agosto<\/em><\/p>\n<p>&nbsp;<br \/>\n<strong>Ou\u00e7a agora:<\/strong><\/p>\n<p><span data-href=\"https:\/\/www.irdin.org.br\/site\/envios\/audios\/0023_0040__por_por__conversas_com_trigueirinho_n040.mp3\" data-title=\"conversas com trigueirinho n\u00ba 40\" data-rel=\"\" data-target=\"\" data-meta=\"#fap-meta-69e1deb401c0b\" class=\"fap-single-track fap-track-button fap-play-button\" data-enqueue=\"no\" data-autoenqueue=\"no\" title=\"conversas com trigueirinho n\u00ba 40\"><span class=\"fap-icon-play\"><\/span>Ouvir<\/span> <a href=\"https:\/\/www.irdin.org.br\/site\/envios\/audios\/0023_0040__por_por__conversas_com_trigueirinho_n040.mp3\" class=\"baixar\" download><span class=\"fa fa-arrow-down\"><\/span>Baixar<\/span><\/a> <span class=\"textobaixar\"> conversas com trigueirinho n\u00ba 40<\/span><\/p>\n<p>&nbsp;<\/p>\n","protected":false},"excerpt":{"rendered":"<p>Mente e cora\u00e7\u00e3o em trabalho conjunto \/ Dedica\u00e7\u00e3o incondicional ao servi\u00e7o evolutivo \/ Livre-arb\u00edtrio e consci\u00eancia superior \/ Pessoas diferentes<\/p>\n","protected":false},"featured_media":37803,"template":"","meta":{"_acf_changed":false},"product_brand":[],"product_cat":[18076,33068],"product_tag":[39591],"class_list":{"0":"post-83128","1":"product","2":"type-product","3":"status-publish","4":"has-post-thumbnail","6":"product_cat-cddvd","7":"product_cat-palestras","8":"product_tag-39591","9":"pa_autor-trigueirinho","10":"pa_codigo-da-serie-31985","11":"pa_codigo-externo-00230040porcd","12":"pa_data-de-gravacao-20740","13":"pa_duracao-47min","14":"pa_idioma-de-destino-portugues","15":"pa_idioma-de-origem-portugues","16":"pa_lancamento-no","17":"pa_midia-cd","18":"pa_moac-39590","19":"pa_quantidade-de-saldo-33067","20":"pa_sequencial-da-serie-31916","21":"pa_tipo-de-traducao-nao-classificado","23":"first","24":"outofstock","25":"product-type-simple"},"acf":[],"_links":{"self":[{"href":"https:\/\/www.irdin.org.br\/site\/wp-json\/wp\/v2\/product\/83128","targetHints":{"allow":["GET"]}}],"collection":[{"href":"https:\/\/www.irdin.org.br\/site\/wp-json\/wp\/v2\/product"}],"about":[{"href":"https:\/\/www.irdin.org.br\/site\/wp-json\/wp\/v2\/types\/product"}],"version-history":[{"count":1,"href":"https:\/\/www.irdin.org.br\/site\/wp-json\/wp\/v2\/product\/83128\/revisions"}],"predecessor-version":[{"id":109035,"href":"https:\/\/www.irdin.org.br\/site\/wp-json\/wp\/v2\/product\/83128\/revisions\/109035"}],"wp:featuredmedia":[{"embeddable":true,"href":"https:\/\/www.irdin.org.br\/site\/wp-json\/wp\/v2\/media\/37803"}],"wp:attachment":[{"href":"https:\/\/www.irdin.org.br\/site\/wp-json\/wp\/v2\/media?parent=83128"}],"wp:term":[{"taxonomy":"product_brand","embeddable":true,"href":"https:\/\/www.irdin.org.br\/site\/wp-json\/wp\/v2\/product_brand?post=83128"},{"taxonomy":"product_cat","embeddable":true,"href":"https:\/\/www.irdin.org.br\/site\/wp-json\/wp\/v2\/product_cat?post=83128"},{"taxonomy":"product_tag","embeddable":true,"href":"https:\/\/www.irdin.org.br\/site\/wp-json\/wp\/v2\/product_tag?post=83128"}],"curies":[{"name":"wp","href":"https:\/\/api.w.org\/{rel}","templated":true}]}}