{"id":83134,"date":"2018-04-26T18:16:29","date_gmt":"2018-04-26T18:16:29","guid":{"rendered":"http:\/\/www.irdin.org.br\/site\/produto\/conversas-com-trigueirinho-no-46\/"},"modified":"2025-03-15T22:29:44","modified_gmt":"2025-03-15T22:29:44","slug":"conversas-com-trigueirinho-no-46","status":"publish","type":"product","link":"https:\/\/www.irdin.org.br\/site\/produtos\/conversas-com-trigueirinho-no-46\/","title":{"rendered":"Conversas com Trigueirinho n\u00ba 46"},"content":{"rendered":"<p><em>O fogo c\u00f3smico e sua atua\u00e7\u00e3o no homem \/ Sonho com quadrado \/ Figuras geom\u00e9tricas na arquitetura \/ Percep\u00e7\u00e3o al\u00e9m dos sentidos internos \/ Da vida individual \u00e0 grupal \/ A for\u00e7a dos pensamentos elevados \/ Cura de medo ancestral \/ Vencer orgulho, vaidade e ego\u00edsmo \/ Dom\u00ednio dos corpos da personalidade \/ Colaborar com a evolu\u00e7\u00e3o grupal \/ A ora\u00e7\u00e3o de cada um<\/em><\/p>\n<p>&nbsp;<br \/>\n<strong>Ou\u00e7a agora:<\/strong><\/p>\n<p><span data-href=\"https:\/\/www.irdin.org.br\/site\/envios\/audios\/0023_0046__por_por__conversas_com_trigueirinho_n046.mp3\" data-title=\"conversas com trigueirinho n\u00ba 46\" data-rel=\"\" data-target=\"\" data-meta=\"#fap-meta-69ff365b8f426\" class=\"fap-single-track fap-track-button fap-play-button\" data-enqueue=\"no\" data-autoenqueue=\"no\" title=\"conversas com trigueirinho n\u00ba 46\"><span class=\"fap-icon-play\"><\/span>Ouvir<\/span> <a href=\"https:\/\/www.irdin.org.br\/site\/envios\/audios\/0023_0046__por_por__conversas_com_trigueirinho_n046.mp3\" class=\"baixar\" download><span class=\"fa fa-arrow-down\"><\/span>Baixar<\/span><\/a> <span class=\"textobaixar\"> conversas com trigueirinho n\u00ba 46<\/span><\/p>\n<p>&nbsp;<\/p>\n","protected":false},"excerpt":{"rendered":"<p>O fogo c\u00f3smico e sua atua\u00e7\u00e3o no homem \/ Sonho com quadrado \/ Figuras geom\u00e9tricas na arquitetura \/ Percep\u00e7\u00e3o al\u00e9m<\/p>\n","protected":false},"featured_media":37803,"template":"","meta":{"_acf_changed":false},"product_brand":[],"product_cat":[18076,33068],"product_tag":[39603],"class_list":{"0":"post-83134","1":"product","2":"type-product","3":"status-publish","4":"has-post-thumbnail","6":"product_cat-cddvd","7":"product_cat-palestras","8":"product_tag-39603","9":"pa_autor-trigueirinho","10":"pa_codigo-da-serie-31985","11":"pa_codigo-externo-00230046porcd","12":"pa_data-de-gravacao-20792","13":"pa_duracao-53min","14":"pa_idioma-de-destino-portugues","15":"pa_idioma-de-origem-portugues","16":"pa_lancamento-no","17":"pa_midia-cd","18":"pa_moac-39602","19":"pa_quantidade-de-saldo-33067","20":"pa_sequencial-da-serie-31922","21":"pa_tipo-de-traducao-nao-classificado","23":"first","24":"outofstock","25":"product-type-simple"},"acf":[],"_links":{"self":[{"href":"https:\/\/www.irdin.org.br\/site\/wp-json\/wp\/v2\/product\/83134","targetHints":{"allow":["GET"]}}],"collection":[{"href":"https:\/\/www.irdin.org.br\/site\/wp-json\/wp\/v2\/product"}],"about":[{"href":"https:\/\/www.irdin.org.br\/site\/wp-json\/wp\/v2\/types\/product"}],"version-history":[{"count":1,"href":"https:\/\/www.irdin.org.br\/site\/wp-json\/wp\/v2\/product\/83134\/revisions"}],"predecessor-version":[{"id":109039,"href":"https:\/\/www.irdin.org.br\/site\/wp-json\/wp\/v2\/product\/83134\/revisions\/109039"}],"wp:featuredmedia":[{"embeddable":true,"href":"https:\/\/www.irdin.org.br\/site\/wp-json\/wp\/v2\/media\/37803"}],"wp:attachment":[{"href":"https:\/\/www.irdin.org.br\/site\/wp-json\/wp\/v2\/media?parent=83134"}],"wp:term":[{"taxonomy":"product_brand","embeddable":true,"href":"https:\/\/www.irdin.org.br\/site\/wp-json\/wp\/v2\/product_brand?post=83134"},{"taxonomy":"product_cat","embeddable":true,"href":"https:\/\/www.irdin.org.br\/site\/wp-json\/wp\/v2\/product_cat?post=83134"},{"taxonomy":"product_tag","embeddable":true,"href":"https:\/\/www.irdin.org.br\/site\/wp-json\/wp\/v2\/product_tag?post=83134"}],"curies":[{"name":"wp","href":"https:\/\/api.w.org\/{rel}","templated":true}]}}