{"id":83141,"date":"2018-04-26T18:16:47","date_gmt":"2018-04-26T18:16:47","guid":{"rendered":"http:\/\/www.irdin.org.br\/site\/produto\/conversas-com-trigueirinho-no-53\/"},"modified":"2025-03-15T22:25:14","modified_gmt":"2025-03-15T22:25:14","slug":"conversas-com-trigueirinho-no-53","status":"publish","type":"product","link":"https:\/\/www.irdin.org.br\/site\/produtos\/conversas-com-trigueirinho-no-53\/","title":{"rendered":"Conversas com Trigueirinho n\u00ba 53"},"content":{"rendered":"<p><em>Resist\u00eancia e aspira\u00e7\u00e3o ao progresso espiritual \/ Ver o bem na adversidade \/ Ordem, aten\u00e7\u00e3o e precis\u00e3o \/ Relacionamento harmonioso em grupo \/ Diferen\u00e7a entre aspira\u00e7\u00e3o e desejo \/ A\u00e7\u00e3o dos mantras \/ Simbolismo nos livros sagrados \/ Discernimento<\/em><\/p>\n<p>&nbsp;<br \/>\n<strong>Ou\u00e7a agora:<\/strong><\/p>\n<p><span data-href=\"https:\/\/www.irdin.org.br\/site\/envios\/audios\/0023_0053__por_por__conversas_com_trigueirinho_n053.mp3\" data-title=\"conversas com trigueirinho n\u00ba 53\" data-rel=\"\" data-target=\"\" data-meta=\"#fap-meta-69e2d23d4281f\" class=\"fap-single-track fap-track-button fap-play-button\" data-enqueue=\"no\" data-autoenqueue=\"no\" title=\"conversas com trigueirinho n\u00ba 53\"><span class=\"fap-icon-play\"><\/span>Ouvir<\/span> <a href=\"https:\/\/www.irdin.org.br\/site\/envios\/audios\/0023_0053__por_por__conversas_com_trigueirinho_n053.mp3\" class=\"baixar\" download><span class=\"fa fa-arrow-down\"><\/span>Baixar<\/span><\/a> <span class=\"textobaixar\"> conversas com trigueirinho n\u00ba 53<\/span><\/p>\n<p>&nbsp;<\/p>\n","protected":false},"excerpt":{"rendered":"<p>Resist\u00eancia e aspira\u00e7\u00e3o ao progresso espiritual \/ Ver o bem na adversidade \/ Ordem, aten\u00e7\u00e3o e precis\u00e3o \/ Relacionamento harmonioso<\/p>\n","protected":false},"featured_media":37803,"template":"","meta":{"_acf_changed":false},"product_brand":[],"product_cat":[18076,33068],"product_tag":[39617],"class_list":{"0":"post-83141","1":"product","2":"type-product","3":"status-publish","4":"has-post-thumbnail","6":"product_cat-cddvd","7":"product_cat-palestras","8":"product_tag-39617","9":"pa_autor-trigueirinho","10":"pa_codigo-da-serie-31985","11":"pa_codigo-externo-00230053porcd","12":"pa_data-de-gravacao-18602","13":"pa_duracao-42min","14":"pa_idioma-de-destino-portugues","15":"pa_idioma-de-origem-portugues","16":"pa_lancamento-no","17":"pa_midia-cd","18":"pa_moac-39616","19":"pa_quantidade-de-saldo-33067","20":"pa_sequencial-da-serie-31929","21":"pa_tipo-de-traducao-nao-classificado","23":"first","24":"outofstock","25":"product-type-simple"},"acf":[],"_links":{"self":[{"href":"https:\/\/www.irdin.org.br\/site\/wp-json\/wp\/v2\/product\/83141","targetHints":{"allow":["GET"]}}],"collection":[{"href":"https:\/\/www.irdin.org.br\/site\/wp-json\/wp\/v2\/product"}],"about":[{"href":"https:\/\/www.irdin.org.br\/site\/wp-json\/wp\/v2\/types\/product"}],"version-history":[{"count":1,"href":"https:\/\/www.irdin.org.br\/site\/wp-json\/wp\/v2\/product\/83141\/revisions"}],"predecessor-version":[{"id":109013,"href":"https:\/\/www.irdin.org.br\/site\/wp-json\/wp\/v2\/product\/83141\/revisions\/109013"}],"wp:featuredmedia":[{"embeddable":true,"href":"https:\/\/www.irdin.org.br\/site\/wp-json\/wp\/v2\/media\/37803"}],"wp:attachment":[{"href":"https:\/\/www.irdin.org.br\/site\/wp-json\/wp\/v2\/media?parent=83141"}],"wp:term":[{"taxonomy":"product_brand","embeddable":true,"href":"https:\/\/www.irdin.org.br\/site\/wp-json\/wp\/v2\/product_brand?post=83141"},{"taxonomy":"product_cat","embeddable":true,"href":"https:\/\/www.irdin.org.br\/site\/wp-json\/wp\/v2\/product_cat?post=83141"},{"taxonomy":"product_tag","embeddable":true,"href":"https:\/\/www.irdin.org.br\/site\/wp-json\/wp\/v2\/product_tag?post=83141"}],"curies":[{"name":"wp","href":"https:\/\/api.w.org\/{rel}","templated":true}]}}