{"id":83148,"date":"2018-04-26T18:16:47","date_gmt":"2018-04-26T18:16:47","guid":{"rendered":"http:\/\/www.irdin.org.br\/site\/produto\/conversas-com-trigueirinho-no-60\/"},"modified":"2025-03-15T22:26:38","modified_gmt":"2025-03-15T22:26:38","slug":"conversas-com-trigueirinho-no-60","status":"publish","type":"product","link":"https:\/\/www.irdin.org.br\/site\/produtos\/conversas-com-trigueirinho-no-60\/","title":{"rendered":"Conversas com Trigueirinho n\u00ba 60"},"content":{"rendered":"<p><em>O que \u00e9 perder tudo e ter tudo \/ Significado e fun\u00e7\u00e3o espiritual da solid\u00e3o \/ Supera\u00e7\u00e3o do que temos de negativo \/ Destemor diante das provas \/ Express\u00e3o de novos aspectos do ser \/ Desenvolvimento da androginia num casamento \/ Conex\u00e3o com a cura c\u00f3smica \/ Caminhos de purifica\u00e7\u00e3o consciente e correta atitude em procedimentos de cura<\/em><\/p>\n<p>&nbsp;<br \/>\n<strong>Ou\u00e7a agora:<\/strong><\/p>\n<p><span data-href=\"https:\/\/www.irdin.org.br\/site\/envios\/audios\/0023_0060__por_por__conversas_com_trigueirinho_n060.mp3\" data-title=\"conversas com trigueirinho n\u00ba 60\" data-rel=\"\" data-target=\"\" data-meta=\"#fap-meta-69f71bb2f3966\" class=\"fap-single-track fap-track-button fap-play-button\" data-enqueue=\"no\" data-autoenqueue=\"no\" title=\"conversas com trigueirinho n\u00ba 60\"><span class=\"fap-icon-play\"><\/span>Ouvir<\/span> <a href=\"https:\/\/www.irdin.org.br\/site\/envios\/audios\/0023_0060__por_por__conversas_com_trigueirinho_n060.mp3\" class=\"baixar\" download><span class=\"fa fa-arrow-down\"><\/span>Baixar<\/span><\/a> <span class=\"textobaixar\"> conversas com trigueirinho n\u00ba 60<\/span><\/p>\n<p>&nbsp;<\/p>\n","protected":false},"excerpt":{"rendered":"<p>O que \u00e9 perder tudo e ter tudo \/ Significado e fun\u00e7\u00e3o espiritual da solid\u00e3o \/ Supera\u00e7\u00e3o do que temos<\/p>\n","protected":false},"featured_media":37803,"template":"","meta":{"_acf_changed":false},"product_brand":[],"product_cat":[18076,33068],"product_tag":[39631],"class_list":{"0":"post-83148","1":"product","2":"type-product","3":"status-publish","4":"has-post-thumbnail","6":"product_cat-cddvd","7":"product_cat-palestras","8":"product_tag-39631","9":"pa_autor-trigueirinho","10":"pa_codigo-da-serie-31985","11":"pa_codigo-externo-00230060porcd","12":"pa_data-de-gravacao-18663","13":"pa_duracao-45min","14":"pa_idioma-de-destino-portugues","15":"pa_idioma-de-origem-portugues","16":"pa_lancamento-no","17":"pa_midia-cd","18":"pa_moac-39630","19":"pa_quantidade-de-saldo-33067","20":"pa_sequencial-da-serie-31935","21":"pa_tipo-de-traducao-nao-classificado","23":"first","24":"outofstock","25":"product-type-simple"},"acf":[],"_links":{"self":[{"href":"https:\/\/www.irdin.org.br\/site\/wp-json\/wp\/v2\/product\/83148","targetHints":{"allow":["GET"]}}],"collection":[{"href":"https:\/\/www.irdin.org.br\/site\/wp-json\/wp\/v2\/product"}],"about":[{"href":"https:\/\/www.irdin.org.br\/site\/wp-json\/wp\/v2\/types\/product"}],"version-history":[{"count":1,"href":"https:\/\/www.irdin.org.br\/site\/wp-json\/wp\/v2\/product\/83148\/revisions"}],"predecessor-version":[{"id":109020,"href":"https:\/\/www.irdin.org.br\/site\/wp-json\/wp\/v2\/product\/83148\/revisions\/109020"}],"wp:featuredmedia":[{"embeddable":true,"href":"https:\/\/www.irdin.org.br\/site\/wp-json\/wp\/v2\/media\/37803"}],"wp:attachment":[{"href":"https:\/\/www.irdin.org.br\/site\/wp-json\/wp\/v2\/media?parent=83148"}],"wp:term":[{"taxonomy":"product_brand","embeddable":true,"href":"https:\/\/www.irdin.org.br\/site\/wp-json\/wp\/v2\/product_brand?post=83148"},{"taxonomy":"product_cat","embeddable":true,"href":"https:\/\/www.irdin.org.br\/site\/wp-json\/wp\/v2\/product_cat?post=83148"},{"taxonomy":"product_tag","embeddable":true,"href":"https:\/\/www.irdin.org.br\/site\/wp-json\/wp\/v2\/product_tag?post=83148"}],"curies":[{"name":"wp","href":"https:\/\/api.w.org\/{rel}","templated":true}]}}