{"id":83153,"date":"2018-04-26T18:16:47","date_gmt":"2018-04-26T18:16:47","guid":{"rendered":"http:\/\/www.irdin.org.br\/site\/produto\/conversas-com-trigueirinho-no-67\/"},"modified":"2025-03-15T22:27:07","modified_gmt":"2025-03-15T22:27:07","slug":"conversas-com-trigueirinho-no-67","status":"publish","type":"product","link":"https:\/\/www.irdin.org.br\/site\/produtos\/conversas-com-trigueirinho-no-67\/","title":{"rendered":"Conversas com Trigueirinho n\u00ba 67"},"content":{"rendered":"<p><em>O verdadeiro sentido do matrim\u00f4nio \/ Atua\u00e7\u00e3o da lei do carma em um grupo espiritual de servi\u00e7o \/ Amplia\u00e7\u00e3o evolutiva das nossas possibilidades c\u00e1rmicas \/ O estado seguinte ao da ora\u00e7\u00e3o \/ Ora\u00e7\u00e3o a servi\u00e7o do Plano Evolutivo<\/em><\/p>\n<p>&nbsp;<br \/>\n<strong>Ou\u00e7a agora:<\/strong><\/p>\n<p><span data-href=\"https:\/\/www.irdin.org.br\/site\/envios\/audios\/0023_0067__por_por__conversas_com_trigueirinho_n067.mp3\" data-title=\"conversas com trigueirinho n\u00ba 67\" data-rel=\"\" data-target=\"\" data-meta=\"#fap-meta-69e31d11b7942\" class=\"fap-single-track fap-track-button fap-play-button\" data-enqueue=\"no\" data-autoenqueue=\"no\" title=\"conversas com trigueirinho n\u00ba 67\"><span class=\"fap-icon-play\"><\/span>Ouvir<\/span> <a href=\"https:\/\/www.irdin.org.br\/site\/envios\/audios\/0023_0067__por_por__conversas_com_trigueirinho_n067.mp3\" class=\"baixar\" download><span class=\"fa fa-arrow-down\"><\/span>Baixar<\/span><\/a> <span class=\"textobaixar\"> conversas com trigueirinho n\u00ba 67<\/span><\/p>\n<p>&nbsp;<\/p>\n","protected":false},"excerpt":{"rendered":"<p>O verdadeiro sentido do matrim\u00f4nio \/ Atua\u00e7\u00e3o da lei do carma em um grupo espiritual de servi\u00e7o \/ Amplia\u00e7\u00e3o evolutiva<\/p>\n","protected":false},"featured_media":37803,"template":"","meta":{"_acf_changed":false},"product_brand":[],"product_cat":[18076,33068],"product_tag":[39641],"class_list":{"0":"post-83153","1":"product","2":"type-product","3":"status-publish","4":"has-post-thumbnail","6":"product_cat-cddvd","7":"product_cat-palestras","8":"product_tag-39641","9":"pa_autor-trigueirinho","10":"pa_codigo-da-serie-31985","11":"pa_codigo-externo-00230067porcd","12":"pa_data-de-gravacao-20846","13":"pa_duracao-36min","14":"pa_idioma-de-destino-portugues","15":"pa_idioma-de-origem-portugues","16":"pa_lancamento-no","17":"pa_midia-cd","18":"pa_moac-39640","19":"pa_quantidade-de-saldo-33067","20":"pa_sequencial-da-serie-31942","21":"pa_tipo-de-traducao-nao-classificado","23":"first","24":"outofstock","25":"product-type-simple"},"acf":[],"_links":{"self":[{"href":"https:\/\/www.irdin.org.br\/site\/wp-json\/wp\/v2\/product\/83153","targetHints":{"allow":["GET"]}}],"collection":[{"href":"https:\/\/www.irdin.org.br\/site\/wp-json\/wp\/v2\/product"}],"about":[{"href":"https:\/\/www.irdin.org.br\/site\/wp-json\/wp\/v2\/types\/product"}],"version-history":[{"count":1,"href":"https:\/\/www.irdin.org.br\/site\/wp-json\/wp\/v2\/product\/83153\/revisions"}],"predecessor-version":[{"id":109024,"href":"https:\/\/www.irdin.org.br\/site\/wp-json\/wp\/v2\/product\/83153\/revisions\/109024"}],"wp:featuredmedia":[{"embeddable":true,"href":"https:\/\/www.irdin.org.br\/site\/wp-json\/wp\/v2\/media\/37803"}],"wp:attachment":[{"href":"https:\/\/www.irdin.org.br\/site\/wp-json\/wp\/v2\/media?parent=83153"}],"wp:term":[{"taxonomy":"product_brand","embeddable":true,"href":"https:\/\/www.irdin.org.br\/site\/wp-json\/wp\/v2\/product_brand?post=83153"},{"taxonomy":"product_cat","embeddable":true,"href":"https:\/\/www.irdin.org.br\/site\/wp-json\/wp\/v2\/product_cat?post=83153"},{"taxonomy":"product_tag","embeddable":true,"href":"https:\/\/www.irdin.org.br\/site\/wp-json\/wp\/v2\/product_tag?post=83153"}],"curies":[{"name":"wp","href":"https:\/\/api.w.org\/{rel}","templated":true}]}}